{"id":44,"date":"2016-12-02T16:01:37","date_gmt":"2016-12-02T16:01:37","guid":{"rendered":"https:\/\/dei.fe.up.pt\/specs\/?page_id=44"},"modified":"2016-12-02T16:02:12","modified_gmt":"2016-12-02T16:02:12","slug":"contacts","status":"publish","type":"page","link":"https:\/\/dei.fe.up.pt\/compsysold\/contacts\/","title":{"rendered":"Contacts"},"content":{"rendered":"<h2>Corresponding member<\/h2>\n<p>Jo\u00e3o Manuel Paiva Cardoso<br \/>\nAssociate Professor<br \/>\nDepartment of Informatics Engineering (DEI),\u00a0<a href=\"http:\/\/www.fe.up.pt\/cica\" rel=\"nofollow\">Faculty of Engineering<\/a>,\u00a0<a href=\"http:\/\/www.up.pt\/\" rel=\"nofollow\">University of Porto<\/a>,\u00a0Porto, Portugal,<br \/>\n<strong>Email<\/strong>:\u00a0<a href=\"mailto:jmpc@acm.org\">jmpc@acm.org<\/a>,\u00a0<a href=\"mailto:jmpc@computer.org\">jmpc@computer.org<\/a><br \/>\n<strong>Skype<\/strong>:\u00a0<a href=\"jmcardo?call\">jmcardo<\/a><br \/>\n<strong>Phone<\/strong>: +351 916629046<\/p>\n<h2>Location<\/h2>\n<div>\n<div><a href=\"https:\/\/sites.google.com\/site\/specsfeup\/contact\/comochegar.jpg?attredirects=0\"><img decoding=\"async\" class=\"alignleft\" src=\"https:\/\/sites.google.com\/site\/specsfeup\/_\/rsrc\/1473896429625\/contact\/comochegar.jpg\" border=\"0\" \/><\/a><\/div>\n<p>FEUP is located in Portugal, at the north limit of the city of Porto, near of the &#8220;Estrada da Circunvala\u00e7\u00e3o (EN12)&#8221; and close to the &#8220;Hospital de S. Jo\u00e3o&#8221;.<\/p>\n<p>If you have Google Earth installed, you may download the file\u00a0<a href=\"http:\/\/www.fe.up.pt\/si_uk\/web_gessi_docs.download_file?p_name=F1508014617\/FEUP.kmz\" rel=\"nofollow\">FEUP.kmz<\/a>\u00a0and open it to see FEUP&#8217;s localization. If you don&#8217;t, you must first install the Google Earth application (available at:\u00a0<a href=\"http:\/\/earth.google.com\/\">http:\/\/earth.google.com<\/a>).<br \/>\n<strong>By metro:<\/strong><\/p>\n<p>FEUP is served by the D line of Metro (yellow) at the C6 zone.\u00a0The D line (yellow) connects the University Pole to the Town Hall of Gaia in 15 minutes, passing through Trindade, where it has connection with lines A (blue), B (red), C (green) and E (violet). You must get out at the IPO station, contour the Campus S. Jo\u00e3o, carry on that long street. You must cross the transversal road and get to FEUP!\u00a0For more informations, please consult:\u00a0<a href=\"http:\/\/www.fe.up.pt\/si_uk\/web_gessi_docs.download_file?p_name=F122818847\/MapaRedeMetroPorto.pdf\" rel=\"nofollow\">Esquema da Rede de Metro do Porto (Formato PDF)<\/a>.<\/p>\n<\/div>\n<div><\/div>\n<div><\/div>\n<div><\/div>\n<div><\/div>\n<div><\/div>\n<div><\/div>\n<div><\/div>\n<div><\/div>\n<div><\/div>\n<div><\/div>\n","protected":false},"excerpt":{"rendered":"<p>Corresponding member Jo\u00e3o Manuel Paiva Cardoso Associate Professor Department of Informatics Engineering (DEI),\u00a0Faculty of Engineering,\u00a0University of Porto,\u00a0Porto, Portugal, Email:\u00a0jmpc@acm.org,\u00a0jmpc@computer.org Skype:\u00a0jmcardo Phone: +351 916629046 Location FEUP is located in Portugal, at the north limit of the city of Porto, near of the &#8220;Estrada da Circunvala\u00e7\u00e3o (EN12)&#8221; and close to the &#8220;Hospital de S. Jo\u00e3o&#8221;. If you [&hellip;]<\/p>\n","protected":false},"author":7,"featured_media":0,"parent":0,"menu_order":0,"comment_status":"closed","ping_status":"closed","template":"","meta":{"inline_featured_image":false,"footnotes":""},"class_list":["post-44","page","type-page","status-publish","hentry","post"],"_links":{"self":[{"href":"https:\/\/dei.fe.up.pt\/compsysold\/wp-json\/wp\/v2\/pages\/44","targetHints":{"allow":["GET"]}}],"collection":[{"href":"https:\/\/dei.fe.up.pt\/compsysold\/wp-json\/wp\/v2\/pages"}],"about":[{"href":"https:\/\/dei.fe.up.pt\/compsysold\/wp-json\/wp\/v2\/types\/page"}],"author":[{"embeddable":true,"href":"https:\/\/dei.fe.up.pt\/compsysold\/wp-json\/wp\/v2\/users\/7"}],"replies":[{"embeddable":true,"href":"https:\/\/dei.fe.up.pt\/compsysold\/wp-json\/wp\/v2\/comments?post=44"}],"version-history":[{"count":2,"href":"https:\/\/dei.fe.up.pt\/compsysold\/wp-json\/wp\/v2\/pages\/44\/revisions"}],"predecessor-version":[{"id":47,"href":"https:\/\/dei.fe.up.pt\/compsysold\/wp-json\/wp\/v2\/pages\/44\/revisions\/47"}],"wp:attachment":[{"href":"https:\/\/dei.fe.up.pt\/compsysold\/wp-json\/wp\/v2\/media?parent=44"}],"curies":[{"name":"wp","href":"https:\/\/api.w.org\/{rel}","templated":true}]}}