{"id":10376,"date":"2019-05-17T10:30:44","date_gmt":"2019-05-17T10:30:44","guid":{"rendered":"https:\/\/dei.fe.up.pt\/dev\/?page_id=631"},"modified":"2024-05-23T16:15:29","modified_gmt":"2024-05-23T16:15:29","slug":"inteligencia-artificial-4","status":"publish","type":"page","link":"https:\/\/dei.fe.up.pt\/dev\/inteligencia-artificial-4\/","title":{"rendered":"Lab &#8211; Intelig\u00eancia Artificial"},"content":{"rendered":"<div id=\"pl-10376\"  class=\"panel-layout\" >\n<div id=\"pg-10376-0\"  class=\"panel-grid panel-no-style\"  data-style=\"{&quot;background_image_attachment&quot;:false,&quot;background_display&quot;:&quot;tile&quot;,&quot;full_height&quot;:&quot;&quot;,&quot;cell_alignment&quot;:&quot;flex-start&quot;}\" >\n<div id=\"pgc-10376-0-0\"  class=\"panel-grid-cell panel-grid-cell-mobile-last\"  data-weight=\"0.5\" >\n<div id=\"panel-10376-0-0-0\" class=\"so-panel widget widget_text panel-first-child panel-last-child\" data-index=\"0\" data-style=\"{&quot;background_image_attachment&quot;:false,&quot;background_display&quot;:&quot;tile&quot;,&quot;background_image_size&quot;:&quot;full&quot;,&quot;background_image_opacity&quot;:&quot;100&quot;,&quot;border_thickness&quot;:&quot;1px&quot;}\" >\n<div class=\"textwidget\">\n<p><img loading=\"lazy\" decoding=\"async\" class=\"alignnone wp-image-1221\" role=\"img\" src=\"https:\/\/dei.fe.up.pt\/dev\/wp-content\/uploads\/sites\/92\/2021\/11\/Inteligencia-Artificial.svg\" alt=\"\" width=\"130\" height=\"185\" \/><\/p>\n<p><strong>Miss\u00e3o<\/strong><br \/>\nO Laborat\u00f3rio de Intelig\u00eancia Artificial (IA) dedica-se a contribuir para a teoria e aplica\u00e7\u00e3o da IA, realizando atividades de investiga\u00e7\u00e3o e desenvolvimento que abrangem todas as dimens\u00f5es de um sistema inteligente. As solu\u00e7\u00f5es concebidas beneficiam de abordagens constru\u00eddas sobre mecanismos de coordena\u00e7\u00e3o e coopera\u00e7\u00e3o distribu\u00eddos e descentralizados para melhorar o desempenho em ambientes din\u00e2micos e incertos, bem como de algoritmos robustos de aprendizagem computacional e de ci\u00eancias de dados com uma vasta gama de aplica\u00e7\u00f5es a dom\u00ednios do mundo real. O Laborat\u00f3rio de IA est\u00e1 tamb\u00e9m empenhado em assegurar a utiliza\u00e7\u00e3o \u00e9tica, transparente e respons\u00e1vel da IA de modo a melhorar o seu valor e impacto na sociedade.<\/p>\n<p><strong>T\u00f3picos de Interesse<\/strong><br \/>\n\u2022 An\u00e1lise de Redes Sociais<br \/>\n\u2022 Aprendizagem Computacional<br \/>\n\u2022 Engenharia e Ci\u00eancia de Dados<br \/>\n\u2022 IA e Jogos<br \/>\n\u2022 IA \u00c9tica e Respons\u00e1vel<br \/>\n\u2022 L\u00f3gica Computacional<br \/>\n\u2022 Modela\u00e7\u00e3o Comportamental e Simula\u00e7\u00e3o<br \/>\n\u2022 Negocia\u00e7\u00e3o, Reputa\u00e7\u00e3o e Confian\u00e7a Computacional<br \/>\n\u2022 Planeamento, Escalonamento e Gest\u00e3o de Disrup\u00e7\u00f5es<br \/>\n\u2022 Processamento de Linguagem Natural<br \/>\n\u2022 Rob\u00f3tica Inteligente e Social<br \/>\n\u2022 Simula\u00e7\u00e3o Social e An\u00e1lise de Sistemas Complexos<br \/>\n\u2022 Sistemas de Apoio \u00e0 Decis\u00e3o<br \/>\n\u2022 Sistemas Inteligentes de Transportes<br \/>\n\u2022 Sistemas Multi-Agente<\/p>\n<p>&nbsp;<\/p>\n<p><a href=\"https:\/\/dei.fe.up.pt\/ai\/\"><img loading=\"lazy\" decoding=\"async\" class=\"alignnone wp-image-8114\" role=\"img\" src=\"https:\/\/dei.fe.up.pt\/dev1\/wp-content\/uploads\/sites\/30\/2021\/07\/globe_black.svg\" alt=\"\" width=\"30\" height=\"30\" \/><\/a><\/p>\n<\/div><\/div>\n<\/div>\n<div id=\"pgc-10376-0-1\"  class=\"panel-grid-cell panel-grid-cell-empty\"  data-weight=\"0.5\" ><\/div>\n<\/div>\n<\/div>\n","protected":false},"excerpt":{"rendered":"<p>Miss\u00e3o O Laborat\u00f3rio de Intelig\u00eancia Artificial (IA) dedica-se a contribuir para a teoria e aplica\u00e7\u00e3o da IA, realizando atividades de investiga\u00e7\u00e3o e desenvolvimento que abrangem todas as dimens\u00f5es de um sistema inteligente. As solu\u00e7\u00f5es concebidas beneficiam de abordagens constru\u00eddas sobre mecanismos de coordena\u00e7\u00e3o e coopera\u00e7\u00e3o distribu\u00eddos e descentralizados para melhorar o desempenho em ambientes din\u00e2micos [&hellip;]<\/p>\n","protected":false},"author":60,"featured_media":0,"parent":0,"menu_order":0,"comment_status":"closed","ping_status":"closed","template":"","meta":{"inline_featured_image":false,"footnotes":""},"class_list":["post-10376","page","type-page","status-publish","hentry"],"_links":{"self":[{"href":"https:\/\/dei.fe.up.pt\/dev\/wp-json\/wp\/v2\/pages\/10376","targetHints":{"allow":["GET"]}}],"collection":[{"href":"https:\/\/dei.fe.up.pt\/dev\/wp-json\/wp\/v2\/pages"}],"about":[{"href":"https:\/\/dei.fe.up.pt\/dev\/wp-json\/wp\/v2\/types\/page"}],"author":[{"embeddable":true,"href":"https:\/\/dei.fe.up.pt\/dev\/wp-json\/wp\/v2\/users\/60"}],"replies":[{"embeddable":true,"href":"https:\/\/dei.fe.up.pt\/dev\/wp-json\/wp\/v2\/comments?post=10376"}],"version-history":[{"count":4,"href":"https:\/\/dei.fe.up.pt\/dev\/wp-json\/wp\/v2\/pages\/10376\/revisions"}],"predecessor-version":[{"id":13171,"href":"https:\/\/dei.fe.up.pt\/dev\/wp-json\/wp\/v2\/pages\/10376\/revisions\/13171"}],"wp:attachment":[{"href":"https:\/\/dei.fe.up.pt\/dev\/wp-json\/wp\/v2\/media?parent=10376"}],"curies":[{"name":"wp","href":"https:\/\/api.w.org\/{rel}","templated":true}]}}