{"id":2221,"date":"2019-09-27T12:03:07","date_gmt":"2019-09-27T12:03:07","guid":{"rendered":"https:\/\/dei.fe.up.pt\/dev\/?page_id=2221"},"modified":"2019-09-27T12:03:07","modified_gmt":"2019-09-27T12:03:07","slug":"conselho-consultivo","status":"publish","type":"page","link":"https:\/\/dei.fe.up.pt\/dev\/conselho-consultivo\/","title":{"rendered":"Conselho Consultivo"},"content":{"rendered":"\n<div class=\"wp-block-siteorigin-panels-layout-block\"><div id=\"pl-2221\" class=\"panel-layout\"><div id=\"pg-2221-0\" class=\"panel-grid panel-no-style\"><div id=\"pgc-2221-0-0\" class=\"panel-grid-cell\"><div id=\"panel-2221-0-0-0\" class=\"so-panel widget widget_sow-editor panel-first-child panel-last-child\" data-index=\"0\"><div data-sticky-spacer=\"false\" class=\"panel-widget-style panel-widget-style-for-2221-0-0-0\"><div class=\"so-widget-sow-editor so-widget-sow-editor-base\">\n<div class=\"siteorigin-widget-tinymce textwidget\">\n\t<h4><strong>&lt;Conselho Consultivo&gt;<\/strong><\/h4>\n<\/div>\n<\/div><\/div><\/div><\/div><\/div><div id=\"pg-2221-1\" class=\"panel-grid panel-no-style\"><div id=\"pgc-2221-1-0\" class=\"panel-grid-cell\"><div id=\"panel-2221-1-0-0\" class=\"so-panel widget widget_sow-editor panel-first-child panel-last-child\" data-index=\"1\"><div data-sticky-spacer=\"false\" class=\"panel-widget-style panel-widget-style-for-2221-1-0-0\"><div class=\"so-widget-sow-editor so-widget-sow-editor-base\">\n<div class=\"siteorigin-widget-tinymce textwidget\">\n\t<p><span style=\"font-weight: 400\">O DEI orgulha-se de ter um Conselho Consultivo composto por membros distintos da Academia e membros da Ind\u00fastria nacional. Estes membros re\u00fanem connosco anualmente, dando-nos o seu parecer sobre a atua\u00e7\u00e3o do departamento nas \u00e1reas do ensino, investiga\u00e7\u00e3o, liga\u00e7\u00e3o \u00e0 ind\u00fastria e sobre o nosso plano estrat\u00e9gico, ajudando-nos a reformular objetivos e prioridades.<\/span><\/p>\n<p><span style=\"font-weight: 400\">Adicionalmente promovemos visitas dos membros do Conselho Consultivo e o seu envolvimento em algumas atividades como palestras e reuni\u00f5es com os nossos professores e estudantes.<\/span><\/p>\n<\/div>\n<\/div><\/div><\/div><\/div><\/div><\/div><\/div>\n\n\n\n<p><\/p>\n","protected":false},"excerpt":{"rendered":"","protected":false},"author":60,"featured_media":0,"parent":0,"menu_order":0,"comment_status":"closed","ping_status":"closed","template":"","meta":{"inline_featured_image":false,"footnotes":""},"class_list":["post-2221","page","type-page","status-publish","hentry"],"_links":{"self":[{"href":"https:\/\/dei.fe.up.pt\/dev\/wp-json\/wp\/v2\/pages\/2221","targetHints":{"allow":["GET"]}}],"collection":[{"href":"https:\/\/dei.fe.up.pt\/dev\/wp-json\/wp\/v2\/pages"}],"about":[{"href":"https:\/\/dei.fe.up.pt\/dev\/wp-json\/wp\/v2\/types\/page"}],"author":[{"embeddable":true,"href":"https:\/\/dei.fe.up.pt\/dev\/wp-json\/wp\/v2\/users\/60"}],"replies":[{"embeddable":true,"href":"https:\/\/dei.fe.up.pt\/dev\/wp-json\/wp\/v2\/comments?post=2221"}],"version-history":[{"count":1,"href":"https:\/\/dei.fe.up.pt\/dev\/wp-json\/wp\/v2\/pages\/2221\/revisions"}],"predecessor-version":[{"id":13081,"href":"https:\/\/dei.fe.up.pt\/dev\/wp-json\/wp\/v2\/pages\/2221\/revisions\/13081"}],"wp:attachment":[{"href":"https:\/\/dei.fe.up.pt\/dev\/wp-json\/wp\/v2\/media?parent=2221"}],"curies":[{"name":"wp","href":"https:\/\/api.w.org\/{rel}","templated":true}]}}