{"id":2901,"date":"2020-05-04T13:42:07","date_gmt":"2020-05-04T13:42:07","guid":{"rendered":"https:\/\/dei.fe.up.pt\/dev1\/?page_id=2901"},"modified":"2023-01-03T13:59:24","modified_gmt":"2023-01-03T13:59:24","slug":"sonae-im-2","status":"publish","type":"page","link":"https:\/\/dei.fe.up.pt\/dev\/sonae-im-2\/","title":{"rendered":"Lab &#8211; SONAE IM"},"content":{"rendered":"<div id=\"pl-2901\"  class=\"panel-layout\" >\n<div id=\"pg-2901-0\"  class=\"panel-grid panel-no-style\"  data-style=\"{&quot;background_image_attachment&quot;:false,&quot;background_display&quot;:&quot;tile&quot;,&quot;cell_alignment&quot;:&quot;flex-start&quot;}\" >\n<div id=\"pgc-2901-0-0\"  class=\"panel-grid-cell panel-grid-cell-mobile-last\"  data-weight=\"0.5\" >\n<div id=\"panel-2901-0-0-0\" class=\"so-panel widget widget_text panel-first-child panel-last-child\" data-index=\"0\" data-style=\"{&quot;background_image_attachment&quot;:false,&quot;background_display&quot;:&quot;tile&quot;,&quot;background_image_size&quot;:&quot;full&quot;,&quot;border_thickness&quot;:&quot;1px&quot;}\" >\n<div class=\"textwidget\">\n<p><img decoding=\"async\" loading=\"lazy\" class=\"alignnone size-medium wp-image-2902\" role=\"img\" src=\"https:\/\/dei.fe.up.pt\/dev\/wp-content\/uploads\/sites\/92\/2020\/05\/SONAEIM.svg\" alt=\"\" width=\"300\" height=\"300\" srcset=\"https:\/\/dei.fe.up.pt\/dev\/wp-content\/uploads\/sites\/92\/\/2020\/05\/SONAEIM.svg 150w, https:\/\/dei.fe.up.pt\/dev\/wp-content\/uploads\/sites\/92\/\/2020\/05\/SONAEIM.svg 300w, https:\/\/dei.fe.up.pt\/dev\/wp-content\/uploads\/sites\/92\/\/2020\/05\/SONAEIM.svg 1024w, https:\/\/dei.fe.up.pt\/dev\/wp-content\/uploads\/sites\/92\/\/2020\/05\/SONAEIM.svg 1536w, https:\/\/dei.fe.up.pt\/dev\/wp-content\/uploads\/sites\/92\/\/2020\/05\/SONAEIM.svg 2048w\" sizes=\"auto, (max-width: 300px) 100vw, 300px\" \/><\/p>\n<p><strong>Objetivo<\/strong><br \/>\nRealizar e apoiar projetos de investiga\u00e7\u00e3o conjuntos na \u00e1rea de engenharia inform\u00e1tica, que reflitam, de forma integrada, interesse para a FEUP e satisfa\u00e7\u00e3o de necessidades da ind\u00fastria, sentidas pela SONAE IM e membros constituintes.<\/p>\n<p><strong>Miss\u00e3o<\/strong><br \/>\nConstruir uma comunidade de conhecimento conjunto na \u00e1rea de engenharia inform\u00e1tica entre a FEUP, a Sonae IM e membros constituintes, de forma a potenciar o impacto pr\u00e1tico da inova\u00e7\u00e3o no mercado.<\/p>\n<p><strong>Vis\u00e3o<\/strong><br \/>\nEncorajar a parceria universidade-empresa para desenvolver a futura for\u00e7a de trabalho altamente qualificado na \u00e1rea de engenharia inform\u00e1tica no pa\u00eds e no mundo.<\/p>\n<p><strong>T\u00f3picos de interesse<\/strong><br \/>\n\u2022 Sistemas de cadeias de bloqueios<br \/>\n\u2022 L\u00ednguas espec\u00edficas de dom\u00ednio (DSLs)<br \/>\n\u2022 Computa\u00e7\u00e3o distribu\u00edda<br \/>\n\u2022 Gest\u00e3o de Informa\u00e7\u00e3o<br \/>\n\u2022 Recupera\u00e7\u00e3o de informa\u00e7\u00e3o<br \/>\n\u2022 Processamento de informa\u00e7\u00e3o<br \/>\n\u2022 Sistemas Multi-Agente<br \/>\n\u2022 An\u00e1lise espa\u00e7o-temporal de dados<br \/>\n\u2022 T\u00e9cnicas de modeliza\u00e7\u00e3o do comportamento<br \/>\n\u2022 Ciberseguran\u00e7a<br \/>\n\u2022 Intera\u00e7\u00e3o Homem-Computador<br \/>\n\u2022 Sistemas geoespaciais<br \/>\n\u2022 Testes de software<br \/>\n\u2022 Engenharia de software orientada por modelos<br \/>\n\u2022 M\u00e9todos \u00c1geis<\/p>\n<p><strong>Clusters Industriais<\/strong><br \/>\nTELCO, Retalho, Ciberseguran\u00e7a<\/p>\n<p><a href=\"https:\/\/sonaeimlab.fe.up.pt\/\"><img decoding=\"async\" loading=\"lazy\" class=\"alignnone wp-image-8114\" role=\"img\" src=\"https:\/\/dei.fe.up.pt\/dev1\/wp-content\/uploads\/sites\/30\/2021\/07\/globe_black.svg\" alt=\"\" width=\"30\" height=\"30\" srcset=\"https:\/\/dei.fe.up.pt\/dev\/wp-content\/uploads\/sites\/92\/\/2021\/07\/globe_black.svg 150w, https:\/\/dei.fe.up.pt\/dev\/wp-content\/uploads\/sites\/92\/\/2021\/07\/globe_black.svg 300w, https:\/\/dei.fe.up.pt\/dev\/wp-content\/uploads\/sites\/92\/\/2021\/07\/globe_black.svg 1024w, https:\/\/dei.fe.up.pt\/dev\/wp-content\/uploads\/sites\/92\/\/2021\/07\/globe_black.svg 1536w, https:\/\/dei.fe.up.pt\/dev\/wp-content\/uploads\/sites\/92\/\/2021\/07\/globe_black.svg 2048w, https:\/\/dei.fe.up.pt\/dev\/wp-content\/uploads\/sites\/92\/\/2021\/07\/globe_black.svg 24w\" sizes=\"auto, (max-width: 30px) 100vw, 30px\" \/><\/a><\/p>\n<\/div><\/div>\n<\/div>\n<div id=\"pgc-2901-0-1\"  class=\"panel-grid-cell panel-grid-cell-empty\"  data-weight=\"0.5\" ><\/div>\n<\/div>\n<\/div>\n","protected":false},"excerpt":{"rendered":"<p>Objetivo Realizar e apoiar projetos de investiga\u00e7\u00e3o conjuntos na \u00e1rea de engenharia inform\u00e1tica, que reflitam, de forma integrada, interesse para a FEUP e satisfa\u00e7\u00e3o de necessidades da ind\u00fastria, sentidas pela SONAE IM e membros constituintes. Miss\u00e3o Construir uma comunidade de conhecimento conjunto na \u00e1rea de engenharia inform\u00e1tica entre a FEUP, a Sonae IM e membros [&hellip;]<\/p>\n","protected":false},"author":60,"featured_media":0,"parent":0,"menu_order":0,"comment_status":"closed","ping_status":"closed","template":"","meta":{"inline_featured_image":false,"footnotes":""},"class_list":["post-2901","page","type-page","status-publish","hentry"],"_links":{"self":[{"href":"https:\/\/dei.fe.up.pt\/dev\/wp-json\/wp\/v2\/pages\/2901","targetHints":{"allow":["GET"]}}],"collection":[{"href":"https:\/\/dei.fe.up.pt\/dev\/wp-json\/wp\/v2\/pages"}],"about":[{"href":"https:\/\/dei.fe.up.pt\/dev\/wp-json\/wp\/v2\/types\/page"}],"author":[{"embeddable":true,"href":"https:\/\/dei.fe.up.pt\/dev\/wp-json\/wp\/v2\/users\/60"}],"replies":[{"embeddable":true,"href":"https:\/\/dei.fe.up.pt\/dev\/wp-json\/wp\/v2\/comments?post=2901"}],"version-history":[{"count":1,"href":"https:\/\/dei.fe.up.pt\/dev\/wp-json\/wp\/v2\/pages\/2901\/revisions"}],"predecessor-version":[{"id":11886,"href":"https:\/\/dei.fe.up.pt\/dev\/wp-json\/wp\/v2\/pages\/2901\/revisions\/11886"}],"wp:attachment":[{"href":"https:\/\/dei.fe.up.pt\/dev\/wp-json\/wp\/v2\/media?parent=2901"}],"curies":[{"name":"wp","href":"https:\/\/api.w.org\/{rel}","templated":true}]}}