{"id":3158,"date":"2020-05-12T11:38:48","date_gmt":"2020-05-12T11:38:48","guid":{"rendered":"https:\/\/dei.fe.up.pt\/dev1\/?page_id=3158"},"modified":"2024-01-05T09:48:46","modified_gmt":"2024-01-05T09:48:46","slug":"orgaos-de-gestao","status":"publish","type":"page","link":"https:\/\/dei.fe.up.pt\/dev\/orgaos-de-gestao\/","title":{"rendered":"Orgaos de Gestao"},"content":{"rendered":"<div id=\"pl-3158\"  class=\"panel-layout\" >\n<div id=\"pg-3158-0\"  class=\"panel-grid panel-no-style\"  data-style=\"{&quot;background_image_attachment&quot;:false,&quot;background_display&quot;:&quot;tile&quot;,&quot;full_height&quot;:&quot;&quot;,&quot;cell_alignment&quot;:&quot;flex-start&quot;}\" >\n<div id=\"pgc-3158-0-0\"  class=\"panel-grid-cell\"  data-weight=\"1\" >\n<div id=\"panel-3158-0-0-0\" class=\"so-panel widget widget_siteorigin-panels-builder panel-first-child panel-last-child\" data-index=\"0\" data-style=\"{&quot;background_image_attachment&quot;:false,&quot;background_display&quot;:&quot;tile&quot;,&quot;background_image_size&quot;:&quot;full&quot;,&quot;background_image_opacity&quot;:&quot;100&quot;,&quot;border_thickness&quot;:&quot;1px&quot;}\" >\n<div id=\"pl-w653be7921e215\"  class=\"panel-layout\" >\n<div id=\"pg-w653be7921e215-0\"  class=\"panel-grid panel-no-style\" >\n<div id=\"pgc-w653be7921e215-0-0\"  class=\"panel-grid-cell\"  data-weight=\"1\" >\n<div id=\"panel-w653be7921e215-0-0-0\" class=\"so-panel widget widget_sow-editor panel-first-child panel-last-child\" data-index=\"0\" data-style=\"{&quot;background_image_attachment&quot;:false,&quot;background_display&quot;:&quot;tile&quot;}\" >\n<div\n\t\t\t\n\t\t\tclass=\"so-widget-sow-editor so-widget-sow-editor-base\"\n\t\t\t\n\t\t><\/p>\n<div class=\"siteorigin-widget-tinymce textwidget\">\n<h4><b>&lt;Comiss\u00e3o Executiva do DEI&gt;<\/b><\/h4>\n<\/div>\n<\/div>\n<\/div>\n<\/div>\n<\/div>\n<div id=\"pg-w653be7921e215-1\"  class=\"panel-grid panel-no-style\"  data-style=\"{&quot;full_height&quot;:&quot;&quot;,&quot;cell_alignment&quot;:&quot;flex-start&quot;}\" >\n<div id=\"pgc-w653be7921e215-1-0\"  class=\"panel-grid-cell panel-grid-cell-empty\"  data-weight=\"0.37530413625304\" ><\/div>\n<div id=\"pgc-w653be7921e215-1-1\"  class=\"panel-grid-cell panel-grid-cell-mobile-last\"  data-weight=\"0.24984793187348\" >\n<div id=\"panel-w653be7921e215-1-1-0\" class=\"so-panel widget widget_sow-editor panel-first-child panel-last-child\" data-index=\"1\" data-style=\"{&quot;padding&quot;:&quot;20px 20px 20px 20px&quot;,&quot;background&quot;:&quot;#e0e0e0&quot;,&quot;background_image_attachment&quot;:false,&quot;background_display&quot;:&quot;tile&quot;}\" >\n<div class=\"panel-widget-style panel-widget-style-for-w653be7921e215-1-1-0\" >\n<div\n\t\t\t\n\t\t\tclass=\"so-widget-sow-editor so-widget-sow-editor-base\"\n\t\t\t\n\t\t><\/p>\n<div class=\"siteorigin-widget-tinymce textwidget\">\n<p style=\"text-align: center;\"><strong>Jo\u00e3o Cardoso<\/strong><br \/>\nDiretor<\/p>\n<\/div>\n<\/div>\n<\/div>\n<\/div>\n<\/div>\n<div id=\"pgc-w653be7921e215-1-2\"  class=\"panel-grid-cell panel-grid-cell-empty\"  data-weight=\"0.37484793187348\" ><\/div>\n<\/div>\n<div id=\"pg-w653be7921e215-2\"  class=\"panel-grid panel-no-style\"  data-style=\"{&quot;full_height&quot;:&quot;&quot;,&quot;cell_alignment&quot;:&quot;flex-start&quot;}\" >\n<div id=\"pgc-w653be7921e215-2-0\"  class=\"panel-grid-cell\"  data-weight=\"0.25\" >\n<div id=\"panel-w653be7921e215-2-0-0\" class=\"so-panel widget widget_sow-editor panel-first-child panel-last-child\" data-index=\"2\" data-style=\"{&quot;widget_css&quot;:&quot;min-height: 155px&quot;,&quot;padding&quot;:&quot;20px 20px 20px 20px&quot;,&quot;background&quot;:&quot;#e0e0e0&quot;,&quot;background_image_attachment&quot;:false,&quot;background_display&quot;:&quot;tile&quot;,&quot;background_image_size&quot;:&quot;full&quot;,&quot;border_thickness&quot;:&quot;1px&quot;}\" >\n<div class=\"panel-widget-style panel-widget-style-for-w653be7921e215-2-0-0\" >\n<div\n\t\t\t\n\t\t\tclass=\"so-widget-sow-editor so-widget-sow-editor-base\"\n\t\t\t\n\t\t><\/p>\n<div class=\"siteorigin-widget-tinymce textwidget\">\n<p style=\"text-align: center;\"><strong>Ana Paiva<\/p>\n<p>&nbsp;<\/p>\n<p style=\"text-align: center;\">Subdiretora<br \/>\nInvestiga\u00e7\u00e3o<\/p>\n<p><\/strong><\/p>\n<\/div>\n<\/div>\n<\/div>\n<\/div>\n<\/div>\n<div id=\"pgc-w653be7921e215-2-1\"  class=\"panel-grid-cell\"  data-weight=\"0.25\" >\n<div id=\"panel-w653be7921e215-2-1-0\" class=\"so-panel widget widget_sow-editor panel-first-child panel-last-child\" data-index=\"3\" data-style=\"{&quot;widget_css&quot;:&quot;min-height: 155px&quot;,&quot;padding&quot;:&quot;20px 20px 20px 20px&quot;,&quot;background&quot;:&quot;#e0e0e0&quot;,&quot;background_image_attachment&quot;:false,&quot;background_display&quot;:&quot;tile&quot;,&quot;background_image_size&quot;:&quot;full&quot;,&quot;background_image_opacity&quot;:&quot;100&quot;,&quot;border_thickness&quot;:&quot;1px&quot;}\" >\n<div class=\"panel-widget-style panel-widget-style-for-w653be7921e215-2-1-0\" >\n<div\n\t\t\t\n\t\t\tclass=\"so-widget-sow-editor so-widget-sow-editor-base\"\n\t\t\t\n\t\t><\/p>\n<div class=\"siteorigin-widget-tinymce textwidget\">\n<p style=\"text-align: center;\"><strong>Pedro Diniz<\/strong><\/p>\n<p>&nbsp;<\/p>\n<p style=\"text-align: center;\">Linking Partners (Ind\u00fastria)<\/p>\n<\/div>\n<\/div>\n<\/div>\n<\/div>\n<\/div>\n<div id=\"pgc-w653be7921e215-2-2\"  class=\"panel-grid-cell\"  data-weight=\"0.25\" >\n<div id=\"panel-w653be7921e215-2-2-0\" class=\"so-panel widget widget_sow-editor panel-first-child panel-last-child\" data-index=\"4\" data-style=\"{&quot;widget_css&quot;:&quot;min-height: 155px&quot;,&quot;padding&quot;:&quot;20px 20px 20px 20px&quot;,&quot;background&quot;:&quot;#e0e0e0&quot;,&quot;background_image_attachment&quot;:false,&quot;background_display&quot;:&quot;tile&quot;,&quot;background_image_size&quot;:&quot;full&quot;,&quot;border_thickness&quot;:&quot;1px&quot;}\" >\n<div class=\"panel-widget-style panel-widget-style-for-w653be7921e215-2-2-0\" >\n<div\n\t\t\t\n\t\t\tclass=\"so-widget-sow-editor so-widget-sow-editor-base\"\n\t\t\t\n\t\t><\/p>\n<div class=\"siteorigin-widget-tinymce textwidget\">\n<p style=\"text-align: center;\"><strong>Luis Teixeira<\/strong><\/p>\n<p>&nbsp;<\/p>\n<p style=\"text-align: center;\">Ensino<\/p>\n<\/div>\n<\/div>\n<\/div>\n<\/div>\n<\/div>\n<div id=\"pgc-w653be7921e215-2-3\"  class=\"panel-grid-cell\"  data-weight=\"0.25\" >\n<div id=\"panel-w653be7921e215-2-3-0\" class=\"so-panel widget widget_sow-editor panel-first-child panel-last-child\" data-index=\"5\" data-style=\"{&quot;widget_css&quot;:&quot;min-height: 155px&quot;,&quot;padding&quot;:&quot;20px 20px 20px 20px&quot;,&quot;background&quot;:&quot;#e0e0e0&quot;,&quot;background_image_attachment&quot;:false,&quot;background_display&quot;:&quot;tile&quot;,&quot;background_image_size&quot;:&quot;full&quot;,&quot;border_thickness&quot;:&quot;1px&quot;}\" >\n<div class=\"panel-widget-style panel-widget-style-for-w653be7921e215-2-3-0\" >\n<div\n\t\t\t\n\t\t\tclass=\"so-widget-sow-editor so-widget-sow-editor-base\"\n\t\t\t\n\t\t><\/p>\n<div class=\"siteorigin-widget-tinymce textwidget\">\n<p style=\"text-align: center;\"><strong>S\u00e9rgio Nunes<\/strong><\/p>\n<p>&nbsp;<\/p>\n<p style=\"text-align: center;\">Recursos Humanos<br \/>\nInfraestruturas<\/p>\n<\/div>\n<\/div>\n<\/div>\n<\/div>\n<\/div>\n<\/div>\n<\/div>\n<\/div>\n<\/div>\n<\/div>\n<div id=\"pg-3158-1\"  class=\"panel-grid panel-no-style\"  data-style=\"{&quot;background_image_attachment&quot;:false,&quot;background_display&quot;:&quot;tile&quot;,&quot;full_height&quot;:&quot;&quot;,&quot;bottom_margin&quot;:&quot;10px&quot;,&quot;cell_alignment&quot;:&quot;flex-start&quot;}\" >\n<div id=\"pgc-3158-1-0\"  class=\"panel-grid-cell\"  data-weight=\"1\" >\n<div id=\"panel-3158-1-0-0\" class=\"so-panel widget widget_sow-editor panel-first-child panel-last-child\" data-index=\"1\" data-style=\"{&quot;background_image_attachment&quot;:false,&quot;background_display&quot;:&quot;tile&quot;,&quot;background_image_size&quot;:&quot;full&quot;,&quot;background_image_opacity&quot;:&quot;100&quot;,&quot;border_thickness&quot;:&quot;1px&quot;}\" >\n<div\n\t\t\t\n\t\t\tclass=\"so-widget-sow-editor so-widget-sow-editor-base\"\n\t\t\t\n\t\t><\/p>\n<div class=\"siteorigin-widget-tinymce textwidget\">\n<h4><b>&lt;Conselho do DEI&gt;<\/b><\/h4>\n<p>Conselho eleito para o quadri\u00e9nio 2023-2026:<\/p>\n<\/div>\n<\/div>\n<\/div>\n<\/div>\n<\/div>\n<div id=\"pg-3158-2\"  class=\"panel-grid panel-no-style\"  data-style=\"{&quot;background_image_attachment&quot;:false,&quot;background_display&quot;:&quot;tile&quot;,&quot;full_height&quot;:&quot;&quot;,&quot;cell_alignment&quot;:&quot;flex-start&quot;}\" >\n<div id=\"pgc-3158-2-0\"  class=\"panel-grid-cell\"  data-weight=\"0.25\" >\n<div id=\"panel-3158-2-0-0\" class=\"so-panel widget widget_sow-editor panel-first-child panel-last-child\" data-index=\"2\" data-style=\"{&quot;background_image_attachment&quot;:false,&quot;background_display&quot;:&quot;tile&quot;,&quot;background_image_size&quot;:&quot;full&quot;,&quot;border_thickness&quot;:&quot;1px&quot;}\" >\n<div\n\t\t\t\n\t\t\tclass=\"so-widget-sow-editor so-widget-sow-editor-base\"\n\t\t\t\n\t\t><\/p>\n<div class=\"siteorigin-widget-tinymce textwidget\">\n<p>Ademar Manuel Teixeira de Aguiar<br \/>\nAna Cristina Ramada Paiva<br \/>\nAna Paula Cunha da Rocha<br \/>\nAndr\u00e9 Monteiro de Oliveira Restivo<br \/>\nAnt\u00f3nio Augusto de Sousa<br \/>\nAnt\u00f3nio Fernando Vasconcelos Cunha Castro Coelho<br \/>\nAnt\u00f3nio Manuel Lucas Soares<\/p>\n<\/div>\n<\/div>\n<\/div>\n<\/div>\n<div id=\"pgc-3158-2-1\"  class=\"panel-grid-cell\"  data-weight=\"0.25\" >\n<div id=\"panel-3158-2-1-0\" class=\"so-panel widget widget_sow-editor panel-first-child panel-last-child\" data-index=\"3\" data-style=\"{&quot;background_image_attachment&quot;:false,&quot;background_display&quot;:&quot;tile&quot;,&quot;background_image_size&quot;:&quot;full&quot;,&quot;border_thickness&quot;:&quot;1px&quot;}\" >\n<div\n\t\t\t\n\t\t\tclass=\"so-widget-sow-editor so-widget-sow-editor-base\"\n\t\t\t\n\t\t><\/p>\n<div class=\"siteorigin-widget-tinymce textwidget\">\n<p>Carla Alexandra Teixeira Lopes<br \/>\nCarlos Manuel Milheiro de Oliveira Pinto Soares<br \/>\nCarlos Miguel Ferraz Baquero-Moreno<br \/>\nDaniel Augusto Gama de Castro Silva<br \/>\nGabriel de Sousa Torcato David<br \/>\nGil Manuel Magalh\u00e3es de Andrade Gon\u00e7alves<br \/>\nHenrique Daniel de Avelar Lopes Cardoso<\/p>\n<\/div>\n<\/div>\n<\/div>\n<\/div>\n<div id=\"pgc-3158-2-2\"  class=\"panel-grid-cell\"  data-weight=\"0.25\" >\n<div id=\"panel-3158-2-2-0\" class=\"so-panel widget widget_sow-editor panel-first-child panel-last-child\" data-index=\"4\" data-style=\"{&quot;background_image_attachment&quot;:false,&quot;background_display&quot;:&quot;tile&quot;,&quot;background_image_size&quot;:&quot;full&quot;,&quot;background_image_opacity&quot;:&quot;100&quot;,&quot;border_thickness&quot;:&quot;1px&quot;}\" >\n<div\n\t\t\t\n\t\t\tclass=\"so-widget-sow-editor so-widget-sow-editor-base\"\n\t\t\t\n\t\t><\/p>\n<div class=\"siteorigin-widget-tinymce textwidget\">\n\tJo\u00e3o Ant\u00f3nio Correia Lopes<br \/>\nJo\u00e3o Carlos Pascoal Faria<br \/>\nJo\u00e3o Manuel Paiva Cardoso<br \/>\nJo\u00e3o Pedro Carvalho Leal Mendes Moreira<br \/>\nJorge Manuel Gomes Barbosa<br \/>\nLu\u00eds Filipe Pinto de Almeida Teixeira<br \/>\nLu\u00eds Paulo Gon\u00e7alves dos Reis<\/div>\n<\/div>\n<\/div>\n<\/div>\n<div id=\"pgc-3158-2-3\"  class=\"panel-grid-cell\"  data-weight=\"0.25\" >\n<div id=\"panel-3158-2-3-0\" class=\"so-panel widget widget_sow-editor panel-first-child panel-last-child\" data-index=\"5\" data-style=\"{&quot;background_image_attachment&quot;:false,&quot;background_display&quot;:&quot;tile&quot;,&quot;background_image_size&quot;:&quot;full&quot;,&quot;background_image_opacity&quot;:&quot;100&quot;,&quot;border_thickness&quot;:&quot;1px&quot;}\" >\n<div\n\t\t\t\n\t\t\tclass=\"so-widget-sow-editor so-widget-sow-editor-base\"\n\t\t\t\n\t\t><\/p>\n<div class=\"siteorigin-widget-tinymce textwidget\">\n\tMaria Cristina de Carvalho Alves Ribeiro<br \/>\nPedro Nuno Ferreira da Rosa da Cruz Diniz<br \/>\nRosaldo Jos\u00e9 Fernandes Rossetti<br \/>\nRui Carlos Camacho de Sousa Ferreira da Silva<br \/>\nRui Filipe Lima Maranh\u00e3o de Abreu<br \/>\nRui Pedro Amaral Rodrigues<br \/>\nS\u00e9rgio Sobral Nunes<\/div>\n<\/div>\n<\/div>\n<\/div>\n<\/div>\n<div id=\"pg-3158-3\"  class=\"panel-grid panel-no-style\"  data-style=\"{&quot;background_image_attachment&quot;:false,&quot;background_display&quot;:&quot;tile&quot;,&quot;full_height&quot;:&quot;&quot;,&quot;cell_alignment&quot;:&quot;flex-start&quot;}\" >\n<div id=\"pgc-3158-3-0\"  class=\"panel-grid-cell\"  data-weight=\"1\" >\n<div id=\"panel-3158-3-0-0\" class=\"so-panel widget widget_sow-editor panel-first-child panel-last-child\" data-index=\"6\" data-style=\"{&quot;background_image_attachment&quot;:false,&quot;background_display&quot;:&quot;tile&quot;,&quot;background_image_size&quot;:&quot;full&quot;,&quot;background_image_opacity&quot;:&quot;100&quot;,&quot;border_thickness&quot;:&quot;1px&quot;}\" >\n<div\n\t\t\t\n\t\t\tclass=\"so-widget-sow-editor so-widget-sow-editor-base\"\n\t\t\t\n\t\t><\/p>\n<div class=\"siteorigin-widget-tinymce textwidget\">\n<h4><b>&lt;Conselho Consultivo&gt;<\/b><\/h4>\n<p>O DEI tem um Conselho Consultivo composto por membros distintos da Academia e membros da Ind\u00fastria nacional.<\/p>\n<\/div>\n<\/div>\n<\/div>\n<\/div>\n<\/div>\n<\/div>\n","protected":false},"excerpt":{"rendered":"<p>&lt;Comiss\u00e3o Executiva do DEI&gt; Jo\u00e3o Cardoso Diretor Ana Paiva &nbsp; Subdiretora Investiga\u00e7\u00e3o Pedro Diniz &nbsp; Linking Partners (Ind\u00fastria) Luis Teixeira &nbsp; Ensino S\u00e9rgio Nunes &nbsp; Recursos Humanos Infraestruturas &lt;Conselho do DEI&gt; Conselho eleito para o quadri\u00e9nio 2023-2026: Ademar Manuel Teixeira de Aguiar Ana Cristina Ramada Paiva Ana Paula Cunha da Rocha Andr\u00e9 Monteiro de Oliveira [&hellip;]<\/p>\n","protected":false},"author":60,"featured_media":0,"parent":0,"menu_order":0,"comment_status":"closed","ping_status":"closed","template":"","meta":{"inline_featured_image":false,"footnotes":""},"class_list":["post-3158","page","type-page","status-publish","hentry"],"_links":{"self":[{"href":"https:\/\/dei.fe.up.pt\/dev\/wp-json\/wp\/v2\/pages\/3158","targetHints":{"allow":["GET"]}}],"collection":[{"href":"https:\/\/dei.fe.up.pt\/dev\/wp-json\/wp\/v2\/pages"}],"about":[{"href":"https:\/\/dei.fe.up.pt\/dev\/wp-json\/wp\/v2\/types\/page"}],"author":[{"embeddable":true,"href":"https:\/\/dei.fe.up.pt\/dev\/wp-json\/wp\/v2\/users\/60"}],"replies":[{"embeddable":true,"href":"https:\/\/dei.fe.up.pt\/dev\/wp-json\/wp\/v2\/comments?post=3158"}],"version-history":[{"count":8,"href":"https:\/\/dei.fe.up.pt\/dev\/wp-json\/wp\/v2\/pages\/3158\/revisions"}],"predecessor-version":[{"id":12847,"href":"https:\/\/dei.fe.up.pt\/dev\/wp-json\/wp\/v2\/pages\/3158\/revisions\/12847"}],"wp:attachment":[{"href":"https:\/\/dei.fe.up.pt\/dev\/wp-json\/wp\/v2\/media?parent=3158"}],"curies":[{"name":"wp","href":"https:\/\/api.w.org\/{rel}","templated":true}]}}