{"id":3290,"date":"2020-05-15T14:21:55","date_gmt":"2020-05-15T14:21:55","guid":{"rendered":"https:\/\/dei.fe.up.pt\/dev1\/?page_id=3290"},"modified":"2023-02-09T15:08:44","modified_gmt":"2023-02-09T15:08:44","slug":"industria-inteligente","status":"publish","type":"page","link":"https:\/\/dei.fe.up.pt\/dev\/industria-inteligente\/","title":{"rendered":"Lab &#8211; Industria Inteligente e Digital"},"content":{"rendered":"<div id=\"pl-3290\"  class=\"panel-layout\" >\n<div id=\"pg-3290-0\"  class=\"panel-grid panel-no-style\"  data-style=\"{&quot;background_image_attachment&quot;:false,&quot;background_display&quot;:&quot;tile&quot;,&quot;cell_alignment&quot;:&quot;flex-start&quot;}\" >\n<div id=\"pgc-3290-0-0\"  class=\"panel-grid-cell panel-grid-cell-mobile-last\"  data-weight=\"0.5\" >\n<div id=\"panel-3290-0-0-0\" class=\"so-panel widget widget_text panel-first-child panel-last-child\" data-index=\"0\" data-style=\"{&quot;background_image_attachment&quot;:false,&quot;background_display&quot;:&quot;tile&quot;,&quot;background_image_size&quot;:&quot;full&quot;,&quot;border_thickness&quot;:&quot;1px&quot;}\" >\n<div class=\"textwidget\">\n<p><a href=\"https:\/\/dei.fe.up.pt\/dev\/wp-content\/uploads\/sites\/92\/2020\/05\/Industria-Inteligente-e-Digital.svg\"><img decoding=\"async\" loading=\"lazy\" class=\"alignnone wp-image-3291\" role=\"img\" src=\"https:\/\/dei.fe.up.pt\/dev\/wp-content\/uploads\/sites\/92\/2020\/05\/Industria-Inteligente-e-Digital.svg\" alt=\"\" width=\"140\" height=\"257\" \/><\/a><\/p>\n<p><strong>Miss\u00e3o<\/strong><br \/>\nA ind\u00fastria 4.0 e tecnologias relacionadas s\u00e3o facilitadoras de novos sistemas industriais capazes de lidar com os desafios da produ\u00e7\u00e3o de misturas de alto volume\/baixo volume e prazos de entrega mais curtos. A ind\u00fastria 4.0 permite que os sistemas industriais se tornem digitais, trazendo mais tecnologia para as f\u00e1bricas e permitindo, consequentemente, que grandes volumes de dados valiosos estejam facilmente dispon\u00edveis em qualquer altura e em qualquer lugar. O laborat\u00f3rio de Ind\u00fastria Inteligente e Digital desenvolve atividades de I&amp;D em conceitos e sistemas de controlo avan\u00e7ados, ferramentas e tecnologias de software, para uma vasta gama de aplica\u00e7\u00f5es industriais. Orientado para a conce\u00e7\u00e3o, implementa\u00e7\u00e3o e valida\u00e7\u00e3o de componentes inteligentes para sistemas industriais avan\u00e7ados que introduzem intelig\u00eancia nos processos industriais, contribui para o surgimento de solu\u00e7\u00f5es industriais 4.0, implementando abordagens inovadoras relacionadas com Sistemas de Produ\u00e7\u00e3o Ciber-f\u00edsicos.<\/p>\n<p>&nbsp;<\/p>\n<p><strong>T\u00f3picos de Interesse<\/strong><br \/>\n\u2022 Adaptabilidade e reconfigura\u00e7\u00e3o das arquiteturas de controlo<br \/>\n\u2022 Rob\u00f3tica colaborativa e colabora\u00e7\u00e3o homem-rob\u00f4<br \/>\n\u2022 Ciberseguran\u00e7a em aplica\u00e7\u00f5es industriais<br \/>\n\u2022 An\u00e1lise de dados<br \/>\n\u2022 G\u00e9meos digitais<br \/>\n\u2022 Rob\u00f3tica industrial e fabrico inteligente<br \/>\n\u2022 Intelig\u00eancia e coordena\u00e7\u00e3o<br \/>\n\u2022 Internet das Coisas e Sistemas F\u00edsicos Cibern\u00e9ticos<br \/>\n\u2022 Planeamento, otimiza\u00e7\u00e3o e controlo<br \/>\n\u2022 Auto-adapta\u00e7\u00e3o e auto-consciencializa\u00e7\u00e3o<br \/>\n\u2022 Componentes inteligentes<br \/>\n\u2022 Arquiteturas de Controlo de Software<\/p>\n<p><img decoding=\"async\" loading=\"lazy\" class=\"alignnone wp-image-8114\" role=\"img\" src=\"https:\/\/dei.fe.up.pt\/dev1\/wp-content\/uploads\/sites\/30\/2021\/07\/globe_black.svg\" alt=\"\" width=\"30\" height=\"30\" srcset=\"https:\/\/dei.fe.up.pt\/dev\/wp-content\/uploads\/sites\/92\/\/2021\/07\/globe_black.svg 150w, https:\/\/dei.fe.up.pt\/dev\/wp-content\/uploads\/sites\/92\/\/2021\/07\/globe_black.svg 300w, https:\/\/dei.fe.up.pt\/dev\/wp-content\/uploads\/sites\/92\/\/2021\/07\/globe_black.svg 1024w, https:\/\/dei.fe.up.pt\/dev\/wp-content\/uploads\/sites\/92\/\/2021\/07\/globe_black.svg 1536w, https:\/\/dei.fe.up.pt\/dev\/wp-content\/uploads\/sites\/92\/\/2021\/07\/globe_black.svg 2048w, https:\/\/dei.fe.up.pt\/dev\/wp-content\/uploads\/sites\/92\/\/2021\/07\/globe_black.svg 24w\" sizes=\"auto, (max-width: 30px) 100vw, 30px\" \/><\/p>\n<\/div><\/div>\n<\/div>\n<div id=\"pgc-3290-0-1\"  class=\"panel-grid-cell panel-grid-cell-empty\"  data-weight=\"0.5\" ><\/div>\n<\/div>\n<\/div>\n","protected":false},"excerpt":{"rendered":"<p>Miss\u00e3o A ind\u00fastria 4.0 e tecnologias relacionadas s\u00e3o facilitadoras de novos sistemas industriais capazes de lidar com os desafios da produ\u00e7\u00e3o de misturas de alto volume\/baixo volume e prazos de entrega mais curtos. A ind\u00fastria 4.0 permite que os sistemas industriais se tornem digitais, trazendo mais tecnologia para as f\u00e1bricas e permitindo, consequentemente, que grandes [&hellip;]<\/p>\n","protected":false},"author":60,"featured_media":0,"parent":0,"menu_order":0,"comment_status":"closed","ping_status":"closed","template":"","meta":{"inline_featured_image":false,"footnotes":""},"class_list":["post-3290","page","type-page","status-publish","hentry"],"_links":{"self":[{"href":"https:\/\/dei.fe.up.pt\/dev\/wp-json\/wp\/v2\/pages\/3290","targetHints":{"allow":["GET"]}}],"collection":[{"href":"https:\/\/dei.fe.up.pt\/dev\/wp-json\/wp\/v2\/pages"}],"about":[{"href":"https:\/\/dei.fe.up.pt\/dev\/wp-json\/wp\/v2\/types\/page"}],"author":[{"embeddable":true,"href":"https:\/\/dei.fe.up.pt\/dev\/wp-json\/wp\/v2\/users\/60"}],"replies":[{"embeddable":true,"href":"https:\/\/dei.fe.up.pt\/dev\/wp-json\/wp\/v2\/comments?post=3290"}],"version-history":[{"count":2,"href":"https:\/\/dei.fe.up.pt\/dev\/wp-json\/wp\/v2\/pages\/3290\/revisions"}],"predecessor-version":[{"id":12148,"href":"https:\/\/dei.fe.up.pt\/dev\/wp-json\/wp\/v2\/pages\/3290\/revisions\/12148"}],"wp:attachment":[{"href":"https:\/\/dei.fe.up.pt\/dev\/wp-json\/wp\/v2\/media?parent=3290"}],"curies":[{"name":"wp","href":"https:\/\/api.w.org\/{rel}","templated":true}]}}