{"id":4618,"date":"2021-03-04T20:17:17","date_gmt":"2021-03-04T20:17:17","guid":{"rendered":"https:\/\/dei.fe.up.pt\/dev1\/?page_id=4618"},"modified":"2024-04-17T14:27:11","modified_gmt":"2024-04-17T14:27:11","slug":"nucleos_estudantis","status":"publish","type":"page","link":"https:\/\/dei.fe.up.pt\/dev\/nucleos_estudantis\/","title":{"rendered":"N\u00facleos Estudantis"},"content":{"rendered":"<div id=\"pl-4618\"  class=\"panel-layout\" >\n<div id=\"pg-4618-0\"  class=\"panel-grid panel-has-style\"  data-style=\"{&quot;id&quot;:&quot;banner-row&quot;,&quot;row_css&quot;:&quot;min-height: 160px;&quot;,&quot;padding&quot;:&quot;20px 20px 20px 20px&quot;,&quot;mobile_padding&quot;:&quot;10px 0px 10px 0px&quot;,&quot;background&quot;:&quot;#c3edd4&quot;,&quot;background_image_attachment&quot;:false,&quot;background_display&quot;:&quot;tile&quot;,&quot;full_height&quot;:&quot;&quot;,&quot;row_stretch&quot;:&quot;full&quot;,&quot;cell_alignment&quot;:&quot;center&quot;}\" >\n<div class=\"siteorigin-panels-stretch panel-row-style panel-row-style-for-4618-0\" id=\"banner-row\" data-stretch-type=\"full\" >\n<div id=\"pgc-4618-0-0\"  class=\"panel-grid-cell\"  data-weight=\"1\" >\n<div id=\"panel-4618-0-0-0\" class=\"so-panel widget widget_text panel-first-child panel-last-child\" data-index=\"0\" data-style=\"{&quot;padding&quot;:&quot;0px 260px 0px 260px&quot;,&quot;mobile_padding&quot;:&quot;0px 0px 0px 0px&quot;,&quot;background_image_attachment&quot;:false,&quot;background_display&quot;:&quot;tile&quot;}\" >\n<div class=\"panel-widget-style panel-widget-style-for-4618-0-0-0\" >\n<div class=\"textwidget\">\n<p class=\"banner-title\">&lt;redes colaborativas entre estudantes&gt;<\/p>\n<\/div><\/div>\n<\/div>\n<\/div>\n<\/div>\n<\/div>\n<div id=\"pg-4618-1\"  class=\"panel-grid panel-has-style\"  data-style=\"{&quot;background&quot;:&quot;#ffffff&quot;,&quot;background_image_attachment&quot;:false,&quot;background_display&quot;:&quot;tile&quot;,&quot;full_height&quot;:&quot;&quot;,&quot;bottom_margin&quot;:&quot;-55px&quot;,&quot;cell_alignment&quot;:&quot;flex-start&quot;}\" >\n<div class=\"panel-row-style panel-row-style-for-4618-1\" >\n<div id=\"pgc-4618-1-0\"  class=\"panel-grid-cell panel-grid-cell-mobile-last\"  data-weight=\"0.5\" >\n<div id=\"panel-4618-1-0-0\" class=\"so-panel widget widget_text panel-first-child panel-last-child\" data-index=\"1\" data-style=\"{&quot;padding&quot;:&quot;10px 10px 10px 10px&quot;,&quot;background&quot;:&quot;#ffffff&quot;,&quot;background_image_attachment&quot;:false,&quot;background_display&quot;:&quot;tile&quot;,&quot;margin&quot;:&quot;0px 0px 0px 0px&quot;,&quot;link_color&quot;:&quot;#000000&quot;}\" >\n<div class=\"panel-widget-style panel-widget-style-for-4618-1-0-0\" >\n<div class=\"textwidget\">\n<h4 class=\"people-title mt-0\"><strong>&lt;N\u00daCLEOS ESTUDANTIS&gt;<\/strong><\/h4>\n<\/div><\/div>\n<\/div>\n<\/div>\n<div id=\"pgc-4618-1-1\"  class=\"panel-grid-cell panel-grid-cell-empty\"  data-weight=\"0.5\" ><\/div>\n<\/div>\n<\/div>\n<div id=\"pg-4618-2\"  class=\"panel-grid panel-has-style\"  data-style=\"{&quot;background&quot;:&quot;#ffffff&quot;,&quot;background_image_attachment&quot;:false,&quot;background_display&quot;:&quot;tile&quot;,&quot;full_height&quot;:&quot;&quot;,&quot;bottom_margin&quot;:&quot;0px&quot;,&quot;gutter&quot;:&quot;0px&quot;,&quot;cell_alignment&quot;:&quot;flex-start&quot;}\" >\n<div class=\"panel-row-style panel-row-style-for-4618-2\" >\n<div id=\"pgc-4618-2-0\"  class=\"panel-grid-cell\"  data-style=\"{&quot;background_image_attachment&quot;:false,&quot;background_display&quot;:&quot;tile&quot;,&quot;vertical_alignment&quot;:&quot;auto&quot;}\"  data-weight=\"1\" >\n<div id=\"panel-4618-2-0-0\" class=\"so-panel widget widget_siteorigin-panels-builder panel-first-child panel-last-child\" data-index=\"2\" data-style=\"{&quot;background&quot;:&quot;#ffffff&quot;,&quot;background_image_attachment&quot;:false,&quot;background_display&quot;:&quot;tile&quot;,&quot;background_image_size&quot;:&quot;full&quot;,&quot;border_thickness&quot;:&quot;1px&quot;,&quot;margin&quot;:&quot;0px 0px 0px 0px&quot;}\" >\n<div class=\"panel-widget-style panel-widget-style-for-4618-2-0-0\" >\n<div id=\"pl-w63e23a092df31\"  class=\"panel-layout\" >\n<div id=\"pg-w63e23a092df31-0\"  class=\"panel-grid panel-no-style\"  data-style=\"{&quot;cell_alignment&quot;:&quot;flex-start&quot;}\"  data-ratio=\"1\"  data-ratio-direction=\"right\" >\n<div id=\"pgc-w63e23a092df31-0-0\"  class=\"panel-grid-cell\"  data-weight=\"1\" >\n<div id=\"panel-w63e23a092df31-0-0-0\" class=\"so-panel widget widget_text panel-first-child panel-last-child\" data-index=\"0\" data-style=\"{&quot;background_image_attachment&quot;:false,&quot;background_display&quot;:&quot;tile&quot;}\" >\n<div class=\"textwidget\">\n<p>O DEI acredita na capacita\u00e7\u00e3o dos estudantes como agentes de mudan\u00e7a, por isso promove uma liga\u00e7\u00e3o estreita com os n\u00facleos estudantis que desenvolvem as suas atividades nas \u00e1reas de interesse do DEI. Fomenta a partilha de eventos organizados pelos n\u00facleos e pelo departamento e apoia as suas atividades de diferentes formas, mantendo um contacto pr\u00f3ximo atrav\u00e9s de docentes do DEI que lhes oferecem aconselhamento nas suas \u00e1reas de especialidade.<\/p>\n<p>Pertencer a um n\u00facleo de estudantes serve como uma porta de entrada para f\u00f3runs, pain\u00e9is de discuss\u00e3o e simp\u00f3sios que promovem n\u00e3o s\u00f3 o desenvolvimento profissional do estudante como compet\u00eancias interpessoais, cada vez mais valorizadas no mercado de trabalho.<\/p>\n<p>Se \u00e9s estudante e procuras desenvolver capacidades extracurriculares, deixamos-te o desafio, junta-te a uma das equipas!<\/p>\n<\/div><\/div>\n<\/div>\n<\/div>\n<div id=\"pg-w63e23a092df31-1\"  class=\"panel-grid panel-has-style\"  data-style=\"{&quot;padding&quot;:&quot;0px 0px 0px 0px&quot;,&quot;bottom_margin&quot;:&quot;0px&quot;,&quot;gutter&quot;:&quot;12px&quot;,&quot;row_stretch&quot;:&quot;full&quot;,&quot;cell_alignment&quot;:&quot;flex-start&quot;}\"  data-ratio=\"1\"  data-ratio-direction=\"right\" >\n<div class=\"siteorigin-panels-stretch panel-row-style panel-row-style-for-w63e23a092df31-1\" data-stretch-type=\"full\" >\n<div id=\"pgc-w63e23a092df31-1-0\"  class=\"panel-grid-cell\"  data-weight=\"0.25\" >\n<div id=\"panel-w63e23a092df31-1-0-0\" class=\"so-panel widget widget_siteorigin-panels-builder panel-first-child panel-last-child\" data-index=\"1\" data-style=\"{&quot;widget_css&quot;:&quot;background-color: rgba(237, 250, 242, 1);\\n&quot;,&quot;padding&quot;:&quot;20px 20px 0px 20px&quot;,&quot;background_image_attachment&quot;:false,&quot;background_display&quot;:&quot;tile&quot;,&quot;background_image_size&quot;:&quot;full&quot;,&quot;border_thickness&quot;:&quot;1px&quot;,&quot;margin&quot;:&quot;20px 5px 5px 5px&quot;}\" >\n<div class=\"panel-widget-style panel-widget-style-for-w63e23a092df31-1-0-0\" >\n<div id=\"pl-w63b40dd36215a\"  class=\"panel-layout\" >\n<div id=\"pg-w63b40dd36215a-0\"  class=\"panel-grid panel-no-style\" >\n<div id=\"pgc-w63b40dd36215a-0-0\"  class=\"panel-grid-cell\"  data-weight=\"1\" >\n<div id=\"panel-w63b40dd36215a-0-0-0\" class=\"so-panel widget widget_text panel-first-child\" data-index=\"0\" data-style=\"{&quot;widget_css&quot;:&quot;min-height: 160px;\\nmax-height: 160px;&quot;,&quot;background_image_attachment&quot;:false,&quot;background_display&quot;:&quot;tile&quot;,&quot;background_image_size&quot;:&quot;full&quot;,&quot;border_thickness&quot;:&quot;1px&quot;}\" >\n<div class=\"panel-widget-style panel-widget-style-for-w63b40dd36215a-0-0-0\" >\n<div class=\"textwidget\">\n<p>&nbsp;<\/p>\n<p><img loading=\"lazy\" decoding=\"async\" class=\" wp-image-5956 aligncenter\" role=\"img\" src=\"https:\/\/dei.fe.up.pt\/dev1\/wp-content\/uploads\/2021\/06\/logo_2018.svg\" alt=\"\" width=\"98\" height=\"100\" \/><\/p>\n<\/div><\/div>\n<\/div>\n<div id=\"panel-w63b40dd36215a-0-0-1\" class=\"so-panel widget widget_sow-editor\" data-index=\"1\" data-style=\"{&quot;widget_css&quot;:&quot;min-height: 60px;\\nmax-height: 60px;&quot;,&quot;background_image_attachment&quot;:false,&quot;background_display&quot;:&quot;tile&quot;}\" >\n<div class=\"panel-widget-style panel-widget-style-for-w63b40dd36215a-0-0-1\" >\n<div\n\t\t\t\n\t\t\tclass=\"so-widget-sow-editor so-widget-sow-editor-base\"\n\t\t\t\n\t\t><\/p>\n<div class=\"siteorigin-widget-tinymce textwidget\">\n<p style=\"text-align: center;\"><strong>N\u00facleo de Inform\u00e1tica da AEFEUP<\/strong><\/p>\n<\/div>\n<\/div>\n<\/div>\n<\/div>\n<div id=\"panel-w63b40dd36215a-0-0-2\" class=\"so-panel widget widget_sow-editor panel-last-child\" data-index=\"2\" data-style=\"{&quot;widget_css&quot;:&quot;min-height: 280px;\\n&quot;,&quot;background_image_attachment&quot;:false,&quot;background_display&quot;:&quot;tile&quot;,&quot;link_color&quot;:&quot;#75c989&quot;}\" >\n<div class=\"panel-widget-style panel-widget-style-for-w63b40dd36215a-0-0-2\" >\n<div\n\t\t\t\n\t\t\tclass=\"so-widget-sow-editor so-widget-sow-editor-base\"\n\t\t\t\n\t\t><\/p>\n<div class=\"siteorigin-widget-tinymce textwidget\">\n<p style=\"text-align: left;\">Constitu\u00eddo inteiramente por alunos do curso de Engenharia Inform\u00e1tica e Computa\u00e7\u00e3o, este n\u00facleo tem como principal motiva\u00e7\u00e3o a aquisi\u00e7\u00e3o de experi\u00eancia e compet\u00eancias essenciais para o mundo do trabalho bem como incentivar os pares a aprender linguagens e novas tecnologias.<\/p>\n<p><a href=\"https:\/\/ni.fe.up.pt\/\">+info<\/a><\/p>\n<\/div>\n<\/div>\n<\/div>\n<\/div>\n<\/div>\n<\/div>\n<\/div>\n<\/div>\n<\/div>\n<\/div>\n<div id=\"pgc-w63e23a092df31-1-1\"  class=\"panel-grid-cell\"  data-weight=\"0.25\" >\n<div id=\"panel-w63e23a092df31-1-1-0\" class=\"so-panel widget widget_siteorigin-panels-builder panel-first-child panel-last-child\" data-index=\"2\" data-style=\"{&quot;widget_css&quot;:&quot;background-color: rgba(237, 250, 242, 1);&quot;,&quot;padding&quot;:&quot;20px 20px 0px 20px&quot;,&quot;background_image_attachment&quot;:false,&quot;background_display&quot;:&quot;tile&quot;,&quot;background_image_size&quot;:&quot;full&quot;,&quot;border_thickness&quot;:&quot;1px&quot;,&quot;margin&quot;:&quot;20px 5px 5px 5px&quot;}\" >\n<div class=\"panel-widget-style panel-widget-style-for-w63e23a092df31-1-1-0\" >\n<div id=\"pl-w63b40dd3622ab\"  class=\"panel-layout\" >\n<div id=\"pg-w63b40dd3622ab-0\"  class=\"panel-grid panel-no-style\" >\n<div id=\"pgc-w63b40dd3622ab-0-0\"  class=\"panel-grid-cell\"  data-weight=\"1\" >\n<div id=\"panel-w63b40dd3622ab-0-0-0\" class=\"so-panel widget widget_text panel-first-child\" data-index=\"0\" data-style=\"{&quot;widget_css&quot;:&quot;min-height: 160px;\\nmax-height: 160px;&quot;,&quot;background_image_attachment&quot;:false,&quot;background_display&quot;:&quot;tile&quot;,&quot;background_image_size&quot;:&quot;full&quot;,&quot;border_thickness&quot;:&quot;1px&quot;}\" >\n<div class=\"panel-widget-style panel-widget-style-for-w63b40dd3622ab-0-0-0\" >\n<div class=\"textwidget\">\n<p>&nbsp;<\/p>\n<p><img loading=\"lazy\" decoding=\"async\" class=\" wp-image-5958 aligncenter\" role=\"img\" src=\"https:\/\/dei.fe.up.pt\/dev1\/wp-content\/uploads\/2021\/06\/nuieee_logo_black_white.svg\" alt=\"\" width=\"313\" height=\"100\" \/><\/p>\n<\/div><\/div>\n<\/div>\n<div id=\"panel-w63b40dd3622ab-0-0-1\" class=\"so-panel widget widget_sow-editor\" data-index=\"1\" data-style=\"{&quot;widget_css&quot;:&quot;min-height: 60px;\\nmax-height: 60px;&quot;,&quot;background_image_attachment&quot;:false,&quot;background_display&quot;:&quot;tile&quot;}\" >\n<div class=\"panel-widget-style panel-widget-style-for-w63b40dd3622ab-0-0-1\" >\n<div\n\t\t\t\n\t\t\tclass=\"so-widget-sow-editor so-widget-sow-editor-base\"\n\t\t\t\n\t\t><\/p>\n<div class=\"siteorigin-widget-tinymce textwidget\">\n<p style=\"text-align: center;\"><strong>IEEE University of Porto Student Branch<\/strong><\/p>\n<\/div>\n<\/div>\n<\/div>\n<\/div>\n<div id=\"panel-w63b40dd3622ab-0-0-2\" class=\"so-panel widget widget_sow-editor panel-last-child\" data-index=\"2\" data-style=\"{&quot;widget_css&quot;:&quot;min-height: 280px;\\n&quot;,&quot;background_image_attachment&quot;:false,&quot;background_display&quot;:&quot;tile&quot;,&quot;link_color&quot;:&quot;#75c989&quot;}\" >\n<div class=\"panel-widget-style panel-widget-style-for-w63b40dd3622ab-0-0-2\" >\n<div\n\t\t\t\n\t\t\tclass=\"so-widget-sow-editor so-widget-sow-editor-base\"\n\t\t\t\n\t\t><\/p>\n<div class=\"siteorigin-widget-tinymce textwidget\">\n<p style=\"text-align: left;\">Composto por alunos da Universidade do Porto e membros do IEEE, incluindo um cap\u00edtulo da IEEE Computer Society.<\/p>\n<p style=\"text-align: left;\"><a href=\"https:\/\/up.ieee-pt.org\/\">+info<\/a><\/p>\n<\/div>\n<\/div>\n<\/div>\n<\/div>\n<\/div>\n<\/div>\n<\/div>\n<\/div>\n<\/div>\n<\/div>\n<div id=\"pgc-w63e23a092df31-1-2\"  class=\"panel-grid-cell\"  data-weight=\"0.25\" >\n<div id=\"panel-w63e23a092df31-1-2-0\" class=\"so-panel widget widget_siteorigin-panels-builder panel-first-child panel-last-child\" data-index=\"3\" data-style=\"{&quot;widget_css&quot;:&quot;background-color: rgba(237, 250, 242, 1);&quot;,&quot;padding&quot;:&quot;20px 20px 0px 20px&quot;,&quot;background_image_attachment&quot;:false,&quot;background_display&quot;:&quot;tile&quot;,&quot;margin&quot;:&quot;20px 5px 5px 5px&quot;}\" >\n<div class=\"panel-widget-style panel-widget-style-for-w63e23a092df31-1-2-0\" >\n<div id=\"pl-w627a1bce5cb04\"  class=\"panel-layout\" >\n<div id=\"pg-w627a1bce5cb04-0\"  class=\"panel-grid panel-no-style\" >\n<div id=\"pgc-w627a1bce5cb04-0-0\"  class=\"panel-grid-cell\"  data-weight=\"1\" >\n<div id=\"panel-w627a1bce5cb04-0-0-0\" class=\"so-panel widget widget_text panel-first-child\" data-index=\"0\" data-style=\"{&quot;widget_css&quot;:&quot;min-height: 160px;\\nmax-height: 160px;&quot;,&quot;background_image_attachment&quot;:false,&quot;background_display&quot;:&quot;tile&quot;}\" >\n<div class=\"panel-widget-style panel-widget-style-for-w627a1bce5cb04-0-0-0\" >\n<div class=\"textwidget\">\n<p>&nbsp;<\/p>\n<p><img loading=\"lazy\" decoding=\"async\" class=\" wp-image-6094 aligncenter\" role=\"img\" src=\"https:\/\/dei.fe.up.pt\/dev\/wp-content\/uploads\/sites\/92\/2022\/05\/NCGM_logo_light_bg.png\" alt=\"\" width=\"209\" height=\"100\" \/><\/p>\n<\/div><\/div>\n<\/div>\n<div id=\"panel-w627a1bce5cb04-0-0-1\" class=\"so-panel widget widget_sow-editor\" data-index=\"1\" data-style=\"{&quot;widget_css&quot;:&quot;min-height: 60px;\\nmax-height: 60px;&quot;,&quot;background_image_attachment&quot;:false,&quot;background_display&quot;:&quot;tile&quot;}\" >\n<div class=\"panel-widget-style panel-widget-style-for-w627a1bce5cb04-0-0-1\" >\n<div\n\t\t\t\n\t\t\tclass=\"so-widget-sow-editor so-widget-sow-editor-base\"\n\t\t\t\n\t\t><\/p>\n<div class=\"siteorigin-widget-tinymce textwidget\">\n<p style=\"text-align: center;\"><strong>N\u00facleo de Computa\u00e7\u00e3o Gr\u00e1fica e Multim\u00e9dia<\/strong><\/p>\n<\/div>\n<\/div>\n<\/div>\n<\/div>\n<div id=\"panel-w627a1bce5cb04-0-0-2\" class=\"so-panel widget widget_sow-editor panel-last-child\" data-index=\"2\" data-style=\"{&quot;widget_css&quot;:&quot;min-height: 280px;\\n&quot;,&quot;background_image_attachment&quot;:false,&quot;background_display&quot;:&quot;tile&quot;,&quot;link_color&quot;:&quot;#75c989&quot;}\" >\n<div class=\"panel-widget-style panel-widget-style-for-w627a1bce5cb04-0-0-2\" >\n<div\n\t\t\t\n\t\t\tclass=\"so-widget-sow-editor so-widget-sow-editor-base\"\n\t\t\t\n\t\t><\/p>\n<div class=\"siteorigin-widget-tinymce textwidget\">\n<p style=\"text-align: left;\">Grupo de estudantes, maioritariamente da FEUP com interesses nas \u00e1reas da Computa\u00e7\u00e3o Gr\u00e1fica, Intera\u00e7\u00e3o Pessoa-Computador, Multim\u00e9dia e Desenvolvimento de Jogos e Experi\u00eancias Digitais.<\/p>\n<p><a href=\"http:\/\/ncgm.fe.up.pt\">+info<\/a><\/div>\n<\/div>\n<\/div>\n<\/div>\n<\/div>\n<\/div>\n<\/div>\n<\/div>\n<\/div>\n<\/div>\n<div id=\"pgc-w63e23a092df31-1-3\"  class=\"panel-grid-cell\"  data-weight=\"0.25\" >\n<div id=\"panel-w63e23a092df31-1-3-0\" class=\"so-panel widget widget_siteorigin-panels-builder panel-first-child panel-last-child\" data-index=\"4\" data-style=\"{&quot;widget_css&quot;:&quot;background-color: rgba(237, 250, 242, 1);&quot;,&quot;padding&quot;:&quot;20px 20px 0px 20px&quot;,&quot;background_image_attachment&quot;:false,&quot;background_display&quot;:&quot;tile&quot;,&quot;background_image_size&quot;:&quot;full&quot;,&quot;border_thickness&quot;:&quot;1px&quot;,&quot;margin&quot;:&quot;20px 5px 5px 5px&quot;}\" >\n<div class=\"panel-widget-style panel-widget-style-for-w63e23a092df31-1-3-0\" >\n<div id=\"pl-w63e23a092df40\"  class=\"panel-layout\" >\n<div id=\"pg-w63e23a092df40-0\"  class=\"panel-grid panel-no-style\" >\n<div id=\"pgc-w63e23a092df40-0-0\"  class=\"panel-grid-cell\"  data-weight=\"1\" >\n<div id=\"panel-w63e23a092df40-0-0-0\" class=\"so-panel widget widget_text panel-first-child\" data-index=\"0\" data-style=\"{&quot;widget_css&quot;:&quot;min-height: 160px;\\nmax-height: 160px;&quot;,&quot;background_image_attachment&quot;:false,&quot;background_display&quot;:&quot;tile&quot;}\" >\n<div class=\"panel-widget-style panel-widget-style-for-w63e23a092df40-0-0-0\" >\n<div class=\"textwidget\">\n<p>&nbsp;<\/p>\n<p><img loading=\"lazy\" decoding=\"async\" class=\" wp-image-8360 aligncenter\" src=\"https:\/\/dei.fe.up.pt\/dev1\/wp-content\/uploads\/sites\/30\/2021\/08\/ACM_SC.png\" alt=\"\" width=\"100\" height=\"100\" srcset=\"https:\/\/dei.fe.up.pt\/dev\/wp-content\/uploads\/sites\/92\/2021\/08\/ACM_SC.png 200w, https:\/\/dei.fe.up.pt\/dev\/wp-content\/uploads\/sites\/92\/2021\/08\/ACM_SC-150x150.png 150w\" sizes=\"auto, (max-width: 100px) 100vw, 100px\" \/><\/p>\n<\/div><\/div>\n<\/div>\n<div id=\"panel-w63e23a092df40-0-0-1\" class=\"so-panel widget widget_sow-editor\" data-index=\"1\" data-style=\"{&quot;widget_css&quot;:&quot;min-height: 60px;\\nmax-height: 60px;&quot;,&quot;background_image_attachment&quot;:false,&quot;background_display&quot;:&quot;tile&quot;}\" >\n<div class=\"panel-widget-style panel-widget-style-for-w63e23a092df40-0-0-1\" >\n<div\n\t\t\t\n\t\t\tclass=\"so-widget-sow-editor so-widget-sow-editor-base\"\n\t\t\t\n\t\t><\/p>\n<div class=\"siteorigin-widget-tinymce textwidget\">\n<p style=\"text-align: center;\"><strong>ACM FEUP Student Chapter<\/strong><\/p>\n<\/div>\n<\/div>\n<\/div>\n<\/div>\n<div id=\"panel-w63e23a092df40-0-0-2\" class=\"so-panel widget widget_sow-editor panel-last-child\" data-index=\"2\" data-style=\"{&quot;widget_css&quot;:&quot;min-height: 280px;\\n&quot;,&quot;background_image_attachment&quot;:false,&quot;background_display&quot;:&quot;tile&quot;,&quot;background_image_size&quot;:&quot;full&quot;,&quot;border_thickness&quot;:&quot;1px&quot;,&quot;link_color&quot;:&quot;#75c989&quot;}\" >\n<div class=\"panel-widget-style panel-widget-style-for-w63e23a092df40-0-0-2\" >\n<div\n\t\t\t\n\t\t\tclass=\"so-widget-sow-editor so-widget-sow-editor-base\"\n\t\t\t\n\t\t><\/p>\n<div class=\"siteorigin-widget-tinymce textwidget\">\n<p style=\"text-align: left;\">A ACM (Association for Computing Machinery) foi fundado em 1947, e \u00e9 hoje a maior sociedade computacional cient\u00edfica e educacional. O n\u00facleo estudantil visa ter uma representa\u00e7\u00e3o desta mesma sociedade na comunidade FEUP com in\u00fameros workshops e atividades v\u00e1rias.<\/p>\n<p><a href=\"https:\/\/paginas.fe.up.pt\/~neacm\/\">+info<\/a><\/p>\n<\/div>\n<\/div>\n<\/div>\n<\/div>\n<\/div>\n<\/div>\n<\/div>\n<\/div>\n<\/div>\n<\/div>\n<\/div>\n<\/div>\n<\/div>\n<\/div>\n<\/div>\n<\/div>\n<\/div>\n<\/div>\n<div id=\"pg-4618-3\"  class=\"panel-grid panel-has-style\"  data-style=\"{&quot;padding&quot;:&quot;70px 70px 70px 70px&quot;,&quot;background&quot;:&quot;#000000&quot;,&quot;background_image_attachment&quot;:false,&quot;background_display&quot;:&quot;tile&quot;,&quot;full_height&quot;:&quot;&quot;,&quot;bottom_margin&quot;:&quot;-35px&quot;,&quot;row_stretch&quot;:&quot;full&quot;,&quot;cell_alignment&quot;:&quot;flex-start&quot;}\" >\n<div class=\"siteorigin-panels-stretch panel-row-style panel-row-style-for-4618-3\" data-stretch-type=\"full\" >\n<div id=\"pgc-4618-3-0\"  class=\"panel-grid-cell\"  data-weight=\"0.36024939172749\" >\n<div id=\"panel-4618-3-0-0\" class=\"so-panel widget widget_text panel-first-child panel-last-child\" data-index=\"3\" data-style=\"{&quot;background_image_attachment&quot;:false,&quot;background_display&quot;:&quot;tile&quot;,&quot;background_image_size&quot;:&quot;full&quot;,&quot;border_thickness&quot;:&quot;1px&quot;,&quot;font_color&quot;:&quot;#ffffff&quot;,&quot;link_color&quot;:&quot;#ffffff&quot;}\" >\n<div class=\"panel-widget-style panel-widget-style-for-4618-3-0-0\" >\n<div class=\"textwidget\">\n<p>Faculdade de Engenharia da Universidade do Porto<br \/>\nRua Dr. Roberto Frias, s\/n<br \/>\nDepartamento de Engenharia Inform\u00e1tica<br \/>\nEdif\u00edcio I \u2013 Sala I012A<br \/>\n4200-465<br \/>\nPORTO<\/p>\n<p><a href=\"https:\/\/goo.gl\/maps\/sSDcfxMzGWRUKzb28\"><img loading=\"lazy\" decoding=\"async\" class=\"alignnone wp-image-8923\" role=\"img\" src=\"https:\/\/dei.fe.up.pt\/dev1\/wp-content\/uploads\/2021\/11\/GoogleMaps.svg\" alt=\"\" width=\"20\" height=\"29\" \/><\/a><\/p>\n<\/div><\/div>\n<\/div>\n<\/div>\n<div id=\"pgc-4618-3-1\"  class=\"panel-grid-cell\"  data-weight=\"0.30641727493917\" >\n<div id=\"panel-4618-3-1-0\" class=\"so-panel widget widget_text panel-first-child panel-last-child\" data-index=\"4\" data-style=\"{&quot;padding&quot;:&quot;0px 0px 0px 0px&quot;,&quot;background_image_attachment&quot;:false,&quot;background_display&quot;:&quot;tile&quot;,&quot;background_image_size&quot;:&quot;full&quot;,&quot;background_image_opacity&quot;:&quot;100&quot;,&quot;border_thickness&quot;:&quot;1px&quot;,&quot;font_color&quot;:&quot;#ffffff&quot;}\" >\n<div class=\"panel-widget-style panel-widget-style-for-4618-3-1-0\" >\n<div class=\"textwidget\">\n<p>Hor\u00e1rio da secretaria<br \/>\n10h00 &#8211; 12h00 \/ 14h30 &#8211; 16h30<\/p>\n<p>Contactos<br \/>\nsecdei@fe.up.pt<br \/>\nTelefone: +351 225 082 134<\/p>\n<\/div><\/div>\n<\/div>\n<\/div>\n<div id=\"pgc-4618-3-2\"  class=\"panel-grid-cell\"  data-weight=\"0.33333333333333\" >\n<div id=\"panel-4618-3-2-0\" class=\"so-panel widget widget_sow-social-media-buttons panel-first-child panel-last-child\" data-index=\"5\" data-style=\"{&quot;background_image_attachment&quot;:false,&quot;background_display&quot;:&quot;tile&quot;,&quot;margin&quot;:&quot;-10px 0px 0px 0px&quot;}\" ><div\n\t\t\t\n\t\t\tclass=\"so-widget-sow-social-media-buttons so-widget-sow-social-media-buttons-atom-fdc5d51d5381\"\n\t\t\t\n\t\t>\n\n<div class=\"social-media-button-container\">\n\t\n\t\t<a \n\t\tclass=\"ow-button-hover sow-social-media-button-facebook-0 sow-social-media-button\" title=\"Facebook\" aria-label=\"Facebook\" target=\"_blank\" rel=\"noopener noreferrer\" href=\"https:\/\/www.facebook.com\/\" \t\t>\n\t\t\t<span>\n\t\t\t\t\t\t\t\t<span class=\"sow-icon-fontawesome sow-fab\" data-sow-icon=\"&#xf39e;\"\n\t\t \n\t\taria-hidden=\"true\"><\/span>\t\t\t\t\t\t\t<\/span>\n\t\t<\/a>\n\t\n\t\t<a \n\t\tclass=\"ow-button-hover sow-social-media-button-instagram-0 sow-social-media-button\" title=\"Instagram\" aria-label=\"Instagram\" target=\"_blank\" rel=\"noopener noreferrer\" href=\"https:\/\/instagram.com\/\" \t\t>\n\t\t\t<span>\n\t\t\t\t\t\t\t\t<span class=\"sow-icon-fontawesome sow-fab\" data-sow-icon=\"&#xf16d;\"\n\t\t \n\t\taria-hidden=\"true\"><\/span>\t\t\t\t\t\t\t<\/span>\n\t\t<\/a>\n\t\n\t\t<a \n\t\tclass=\"ow-button-hover sow-social-media-button-x-twitter-0 sow-social-media-button\" title=\"Twitter\" aria-label=\"Twitter\" target=\"_blank\" rel=\"noopener noreferrer\" href=\"https:\/\/twitter.com\/DEI_FEUP\" \t\t>\n\t\t\t<span>\n\t\t\t\t\t\t\t\t<span class=\"sow-icon-fontawesome sow-fab\" data-sow-icon=\"&#xe61b;\"\n\t\t \n\t\taria-hidden=\"true\"><\/span>\t\t\t\t\t\t\t<\/span>\n\t\t<\/a>\n\t\n\t\t<a \n\t\tclass=\"ow-button-hover sow-social-media-button-linkedin-0 sow-social-media-button\" title=\"LinkedIn\" aria-label=\"LinkedIn\" target=\"_blank\" rel=\"noopener noreferrer\" href=\"https:\/\/www.linkedin.com\/\" \t\t>\n\t\t\t<span>\n\t\t\t\t\t\t\t\t<span class=\"sow-icon-fontawesome sow-fab\" data-sow-icon=\"&#xf0e1;\"\n\t\t \n\t\taria-hidden=\"true\"><\/span>\t\t\t\t\t\t\t<\/span>\n\t\t<\/a>\n\t\n\t\t<a \n\t\tclass=\"ow-button-hover sow-social-media-button-youtube-0 sow-social-media-button\" title=\"Youtube\" aria-label=\"Youtube\" target=\"_blank\" rel=\"noopener noreferrer\" href=\"https:\/\/www.youtube.com\/channel\/UC2MtIBO74J8O_zr6GwfrM7A\" \t\t>\n\t\t\t<span>\n\t\t\t\t\t\t\t\t<span class=\"sow-icon-fontawesome sow-fab\" data-sow-icon=\"&#xf167;\"\n\t\t \n\t\taria-hidden=\"true\"><\/span>\t\t\t\t\t\t\t<\/span>\n\t\t<\/a>\n\t<\/div>\n<\/div><\/div>\n<\/div>\n<\/div>\n<\/div>\n<\/div>\n","protected":false},"excerpt":{"rendered":"<p>&lt;redes colaborativas entre estudantes&gt; &lt;N\u00daCLEOS ESTUDANTIS&gt; O DEI acredita na capacita\u00e7\u00e3o dos estudantes como agentes de mudan\u00e7a, por isso promove uma liga\u00e7\u00e3o estreita com os n\u00facleos estudantis que desenvolvem as suas atividades nas \u00e1reas de interesse do DEI. Fomenta a partilha de eventos organizados pelos n\u00facleos e pelo departamento e apoia as suas atividades de [&hellip;]<\/p>\n","protected":false},"author":60,"featured_media":0,"parent":0,"menu_order":0,"comment_status":"closed","ping_status":"closed","template":"","meta":{"inline_featured_image":false,"footnotes":""},"class_list":["post-4618","page","type-page","status-publish","hentry"],"_links":{"self":[{"href":"https:\/\/dei.fe.up.pt\/dev\/wp-json\/wp\/v2\/pages\/4618","targetHints":{"allow":["GET"]}}],"collection":[{"href":"https:\/\/dei.fe.up.pt\/dev\/wp-json\/wp\/v2\/pages"}],"about":[{"href":"https:\/\/dei.fe.up.pt\/dev\/wp-json\/wp\/v2\/types\/page"}],"author":[{"embeddable":true,"href":"https:\/\/dei.fe.up.pt\/dev\/wp-json\/wp\/v2\/users\/60"}],"replies":[{"embeddable":true,"href":"https:\/\/dei.fe.up.pt\/dev\/wp-json\/wp\/v2\/comments?post=4618"}],"version-history":[{"count":7,"href":"https:\/\/dei.fe.up.pt\/dev\/wp-json\/wp\/v2\/pages\/4618\/revisions"}],"predecessor-version":[{"id":13093,"href":"https:\/\/dei.fe.up.pt\/dev\/wp-json\/wp\/v2\/pages\/4618\/revisions\/13093"}],"wp:attachment":[{"href":"https:\/\/dei.fe.up.pt\/dev\/wp-json\/wp\/v2\/media?parent=4618"}],"curies":[{"name":"wp","href":"https:\/\/api.w.org\/{rel}","templated":true}]}}