{"id":5838,"date":"2021-06-17T08:02:18","date_gmt":"2021-06-17T08:02:18","guid":{"rendered":"https:\/\/dei.fe.up.pt\/dev1\/?page_id=5838"},"modified":"2023-01-03T13:58:33","modified_gmt":"2023-01-03T13:58:33","slug":"lab-sistemas-de-informacao","status":"publish","type":"page","link":"https:\/\/dei.fe.up.pt\/dev\/lab-sistemas-de-informacao\/","title":{"rendered":"Lab &#8211; Sistemas de Informa\u00e7\u00e3o"},"content":{"rendered":"<div id=\"pl-5838\"  class=\"panel-layout\" >\n<div id=\"pg-5838-0\"  class=\"panel-grid panel-no-style\"  data-style=\"{&quot;background_image_attachment&quot;:false,&quot;background_display&quot;:&quot;tile&quot;,&quot;cell_alignment&quot;:&quot;flex-start&quot;}\" >\n<div id=\"pgc-5838-0-0\"  class=\"panel-grid-cell panel-grid-cell-mobile-last\"  data-weight=\"0.5\" >\n<div id=\"panel-5838-0-0-0\" class=\"so-panel widget widget_text panel-first-child panel-last-child\" data-index=\"0\" data-style=\"{&quot;background_image_attachment&quot;:false,&quot;background_display&quot;:&quot;tile&quot;,&quot;background_image_size&quot;:&quot;full&quot;,&quot;border_thickness&quot;:&quot;1px&quot;}\" >\n<div class=\"textwidget\">\n<p><img decoding=\"async\" loading=\"lazy\" class=\"alignnone wp-image-1225\" role=\"img\" src=\"https:\/\/dei.fe.up.pt\/dev\/wp-content\/uploads\/sites\/92\/2021\/11\/Sistemas-de-Informacao.svg\" alt=\"\" width=\"130\" height=\"188\" \/><\/p>\n<p><strong>Miss\u00e3o<\/strong><br \/>\nA missa\u0303o do InfoLab, o Laborat\u00f3rio de Investiga\u00e7\u00e3o e Desenvolvimento do DEI na \u00e1rea dos Sistemas de Informa\u00e7\u00e3o, e\u0301 projetar, implementar e testar sistemas de informac\u0327a\u0303o para uma a\u0301rea alargada de aplicac\u0327o\u0303es, abordando problemas relevantes na investigac\u0327a\u0303o, indu\u0301stria e sociedade em geral. As a\u0301reas e projetos de investigac\u0327a\u0303o do InfoLab dizem respeito a\u0300 gesta\u0303o de informac\u0327a\u0303o e a\u0300 recuperac\u0327a\u0303o de informac\u0327a\u0303o, exemplificadas em ferramentas para pesquisa na web, ana\u0301lise de dados, gesta\u0303o de dados de investigac\u0327a\u0303o e na preservac\u0327a\u0303o digital. O trabalho em preservac\u0327a\u0303o digital inclui modelos, me\u0301todos e ferramentas, particularmente na a\u0301rea de preservac\u0327a\u0303o de bases de dados, gesta\u0303o de reposito\u0301rios de dados de investigac\u0327a\u0303o e e-cie\u0302ncia. Para tal, combina diferentes backgrounds de Engenharia Informa\u0301tica e de Cie\u0302ncia da Informac\u0327a\u0303o.<\/p>\n<p><strong>T\u00f3picos de interesse<\/strong><br \/>\n\u2022 Gest\u00e3o de informa\u00e7\u00e3o<br \/>\n\u2022 Recupera\u00e7\u00e3o de informa\u00e7\u00e3o<br \/>\n\u2022 Processamento de informa\u00e7\u00e3o<br \/>\n\u2022 Preserva\u00e7\u00e3o digital<br \/>\n\u2022 Gest\u00e3o de dados de investiga\u00e7\u00e3o<br \/>\n\u2022 Minera\u00e7\u00e3o em texto<br \/>\n\u2022 Minera\u00e7\u00e3o na Web<br \/>\n\u2022 Sistemas de recomenda\u00e7\u00e3o<br \/>\n\u2022 Web social<br \/>\n\u2022 Web sem\u00e2ntica<\/p>\n<p>&nbsp;<\/p>\n<p><a href=\"http:\/\/infolab.fe.up.pt\"><img decoding=\"async\" loading=\"lazy\" class=\"alignnone wp-image-8114\" role=\"img\" src=\"https:\/\/dei.fe.up.pt\/dev1\/wp-content\/uploads\/sites\/30\/2021\/07\/globe_black.svg\" alt=\"\" width=\"30\" height=\"30\" srcset=\"https:\/\/dei.fe.up.pt\/dev\/wp-content\/uploads\/sites\/92\/\/2021\/07\/globe_black.svg 150w, https:\/\/dei.fe.up.pt\/dev\/wp-content\/uploads\/sites\/92\/\/2021\/07\/globe_black.svg 300w, https:\/\/dei.fe.up.pt\/dev\/wp-content\/uploads\/sites\/92\/\/2021\/07\/globe_black.svg 1024w, https:\/\/dei.fe.up.pt\/dev\/wp-content\/uploads\/sites\/92\/\/2021\/07\/globe_black.svg 1536w, https:\/\/dei.fe.up.pt\/dev\/wp-content\/uploads\/sites\/92\/\/2021\/07\/globe_black.svg 2048w, https:\/\/dei.fe.up.pt\/dev\/wp-content\/uploads\/sites\/92\/\/2021\/07\/globe_black.svg 24w\" sizes=\"auto, (max-width: 30px) 100vw, 30px\" \/><\/a><\/p>\n<\/div><\/div>\n<\/div>\n<div id=\"pgc-5838-0-1\"  class=\"panel-grid-cell panel-grid-cell-empty\"  data-weight=\"0.5\" ><\/div>\n<\/div>\n<\/div>\n","protected":false},"excerpt":{"rendered":"<p>Miss\u00e3o A missa\u0303o do InfoLab, o Laborat\u00f3rio de Investiga\u00e7\u00e3o e Desenvolvimento do DEI na \u00e1rea dos Sistemas de Informa\u00e7\u00e3o, e\u0301 projetar, implementar e testar sistemas de informac\u0327a\u0303o para uma a\u0301rea alargada de aplicac\u0327o\u0303es, abordando problemas relevantes na investigac\u0327a\u0303o, indu\u0301stria e sociedade em geral. As a\u0301reas e projetos de investigac\u0327a\u0303o do InfoLab dizem respeito a\u0300 gesta\u0303o [&hellip;]<\/p>\n","protected":false},"author":60,"featured_media":0,"parent":0,"menu_order":0,"comment_status":"closed","ping_status":"closed","template":"","meta":{"inline_featured_image":false,"footnotes":""},"class_list":["post-5838","page","type-page","status-publish","hentry"],"_links":{"self":[{"href":"https:\/\/dei.fe.up.pt\/dev\/wp-json\/wp\/v2\/pages\/5838","targetHints":{"allow":["GET"]}}],"collection":[{"href":"https:\/\/dei.fe.up.pt\/dev\/wp-json\/wp\/v2\/pages"}],"about":[{"href":"https:\/\/dei.fe.up.pt\/dev\/wp-json\/wp\/v2\/types\/page"}],"author":[{"embeddable":true,"href":"https:\/\/dei.fe.up.pt\/dev\/wp-json\/wp\/v2\/users\/60"}],"replies":[{"embeddable":true,"href":"https:\/\/dei.fe.up.pt\/dev\/wp-json\/wp\/v2\/comments?post=5838"}],"version-history":[{"count":1,"href":"https:\/\/dei.fe.up.pt\/dev\/wp-json\/wp\/v2\/pages\/5838\/revisions"}],"predecessor-version":[{"id":11884,"href":"https:\/\/dei.fe.up.pt\/dev\/wp-json\/wp\/v2\/pages\/5838\/revisions\/11884"}],"wp:attachment":[{"href":"https:\/\/dei.fe.up.pt\/dev\/wp-json\/wp\/v2\/media?parent=5838"}],"curies":[{"name":"wp","href":"https:\/\/api.w.org\/{rel}","templated":true}]}}