{"id":648,"date":"2019-05-17T10:56:55","date_gmt":"2019-05-17T10:56:55","guid":{"rendered":"https:\/\/dei.fe.up.pt\/dev\/?page_id=648"},"modified":"2023-01-03T13:50:41","modified_gmt":"2023-01-03T13:50:41","slug":"computacao-grafica-interacao-e-jogos","status":"publish","type":"page","link":"https:\/\/dei.fe.up.pt\/dev\/computacao-grafica-interacao-e-jogos\/","title":{"rendered":"Lab &#8211; Computa\u00e7\u00e3o Gr\u00e1fica, Intera\u00e7\u00e3o e Jogos"},"content":{"rendered":"<div id=\"pl-648\"  class=\"panel-layout\" >\n<div id=\"pg-648-0\"  class=\"panel-grid panel-no-style\"  data-style=\"{&quot;background_image_attachment&quot;:false,&quot;background_display&quot;:&quot;tile&quot;,&quot;cell_alignment&quot;:&quot;flex-start&quot;}\" >\n<div id=\"pgc-648-0-0\"  class=\"panel-grid-cell panel-grid-cell-mobile-last\"  data-weight=\"0.5\" >\n<div id=\"panel-648-0-0-0\" class=\"so-panel widget widget_text panel-first-child panel-last-child\" data-index=\"0\" data-style=\"{&quot;background_image_attachment&quot;:false,&quot;background_display&quot;:&quot;tile&quot;,&quot;background_image_size&quot;:&quot;full&quot;,&quot;border_thickness&quot;:&quot;1px&quot;}\" >\n<div class=\"textwidget\">\n<p><img decoding=\"async\" loading=\"lazy\" class=\"alignnone wp-image-1212\" role=\"img\" src=\"https:\/\/dei.fe.up.pt\/dev1\/wp-content\/uploads\/2021\/11\/Computacao-Grafica-Interacao-e-Jogos.svg\" alt=\"\" width=\"140\" height=\"234\" \/><\/p>\n<p><strong>Miss\u00e3o<\/strong><br \/>\nO laborat\u00f3rio do grupo Graphics, Interaction and Games (GIG) re\u00fane v\u00e1rios investigadores s\u00e9niores e post-doc, e mais de 20 estudantes de doutoramento e mestrado, nas \u00e1reas de Computa\u00e7\u00e3o Gr\u00e1fica, Intera\u00e7\u00e3o Pessoa-Computador e desenho e desenvolvimento de jogos.<br \/>\nA investiga\u00e7\u00e3o em CG inclui modela\u00e7\u00e3o e representa\u00e7\u00e3o 3D realista, visualiza\u00e7\u00e3o e anima\u00e7\u00e3o em tempo real (2D e 3D), modela\u00e7\u00e3o procedimental (incluindo para aplica\u00e7\u00f5es em SIG), realidade virtual multisensorial e realidade aumentada e programa\u00e7\u00e3o de GPU. A \u00e1rea de Vis\u00e3o por Computador \u00e9 tamb\u00e9m coberta pelo grupo.<br \/>\nNa \u00e1rea de IPC, h\u00e1 um foco particular na Intera\u00e7\u00e3o e Experi\u00eancia do utilizador, interfaces multimodais, interfaces naturais, computa\u00e7\u00e3o f\u00edsica e usabilidade.<br \/>\nMuitos destes t\u00f3picos combinam-se no \u00e2mbito do desenho e desenvolvimento de jogos, onde entre outras vertentes s\u00e3o explorados os jogos s\u00e9rios, jogos baseados em localiza\u00e7\u00e3o e ludifica\u00e7\u00e3o (gamification).<\/p>\n<p><strong>T\u00f3picos de Interesse<\/strong><br \/>\n\u2022 Computa\u00e7\u00e3o Gr\u00e1fica<br \/>\n\u2022 Intera\u00e7\u00e3o Pessoa-Computador; Sistemas Digitais Interativos<br \/>\n\u2022 Realidade Virtual Multisensorial; Realidade Aumentada<br \/>\n\u2022 Sistemas de Informa\u00e7\u00e3o Geogr\u00e1fica<br \/>\n\u2022 Vis\u00e3o por Computador<br \/>\n\u2022 Interfaces Multimodais; Interfaces Naturais<br \/>\n\u2022 Desenho e Desenvolvimento de Jogos Digitais<br \/>\n\u2022 Jogos S\u00e9rios; Ludifica\u00e7\u00e3o (gamification)<br \/>\n\u2022 Jogos baseados em localiza\u00e7\u00e3o<br \/>\n\u2022 Multim\u00e9dia<br \/>\n\u2022 Programa\u00e7\u00e3o de GPU<\/p>\n<p>&nbsp;<\/p>\n<p><a href=\"http:\/\/dei.fe.up.pt\/gig\"><img decoding=\"async\" loading=\"lazy\" class=\"alignnone wp-image-8114\" role=\"img\" src=\"https:\/\/dei.fe.up.pt\/dev1\/wp-content\/uploads\/sites\/30\/2021\/07\/globe_black.svg\" alt=\"\" width=\"30\" height=\"30\" srcset=\"https:\/\/dei.fe.up.pt\/dev\/wp-content\/uploads\/sites\/92\/\/2021\/07\/globe_black.svg 150w, https:\/\/dei.fe.up.pt\/dev\/wp-content\/uploads\/sites\/92\/\/2021\/07\/globe_black.svg 300w, https:\/\/dei.fe.up.pt\/dev\/wp-content\/uploads\/sites\/92\/\/2021\/07\/globe_black.svg 1024w, https:\/\/dei.fe.up.pt\/dev\/wp-content\/uploads\/sites\/92\/\/2021\/07\/globe_black.svg 1536w, https:\/\/dei.fe.up.pt\/dev\/wp-content\/uploads\/sites\/92\/\/2021\/07\/globe_black.svg 2048w, https:\/\/dei.fe.up.pt\/dev\/wp-content\/uploads\/sites\/92\/\/2021\/07\/globe_black.svg 24w\" sizes=\"auto, (max-width: 30px) 100vw, 30px\" \/><\/a><\/p>\n<\/div><\/div>\n<\/div>\n<div id=\"pgc-648-0-1\"  class=\"panel-grid-cell panel-grid-cell-empty\"  data-weight=\"0.5\" ><\/div>\n<\/div>\n<\/div>\n","protected":false},"excerpt":{"rendered":"<p>Miss\u00e3o O laborat\u00f3rio do grupo Graphics, Interaction and Games (GIG) re\u00fane v\u00e1rios investigadores s\u00e9niores e post-doc, e mais de 20 estudantes de doutoramento e mestrado, nas \u00e1reas de Computa\u00e7\u00e3o Gr\u00e1fica, Intera\u00e7\u00e3o Pessoa-Computador e desenho e desenvolvimento de jogos. A investiga\u00e7\u00e3o em CG inclui modela\u00e7\u00e3o e representa\u00e7\u00e3o 3D realista, visualiza\u00e7\u00e3o e anima\u00e7\u00e3o em tempo real (2D [&hellip;]<\/p>\n","protected":false},"author":60,"featured_media":0,"parent":0,"menu_order":0,"comment_status":"closed","ping_status":"closed","template":"","meta":{"inline_featured_image":false,"footnotes":""},"class_list":["post-648","page","type-page","status-publish","hentry"],"_links":{"self":[{"href":"https:\/\/dei.fe.up.pt\/dev\/wp-json\/wp\/v2\/pages\/648","targetHints":{"allow":["GET"]}}],"collection":[{"href":"https:\/\/dei.fe.up.pt\/dev\/wp-json\/wp\/v2\/pages"}],"about":[{"href":"https:\/\/dei.fe.up.pt\/dev\/wp-json\/wp\/v2\/types\/page"}],"author":[{"embeddable":true,"href":"https:\/\/dei.fe.up.pt\/dev\/wp-json\/wp\/v2\/users\/60"}],"replies":[{"embeddable":true,"href":"https:\/\/dei.fe.up.pt\/dev\/wp-json\/wp\/v2\/comments?post=648"}],"version-history":[{"count":1,"href":"https:\/\/dei.fe.up.pt\/dev\/wp-json\/wp\/v2\/pages\/648\/revisions"}],"predecessor-version":[{"id":11868,"href":"https:\/\/dei.fe.up.pt\/dev\/wp-json\/wp\/v2\/pages\/648\/revisions\/11868"}],"wp:attachment":[{"href":"https:\/\/dei.fe.up.pt\/dev\/wp-json\/wp\/v2\/media?parent=648"}],"curies":[{"name":"wp","href":"https:\/\/api.w.org\/{rel}","templated":true}]}}