{"id":652,"date":"2019-05-17T10:58:50","date_gmt":"2019-05-17T10:58:50","guid":{"rendered":"https:\/\/dei.fe.up.pt\/dev\/?page_id=652"},"modified":"2023-01-03T13:53:39","modified_gmt":"2023-01-03T13:53:39","slug":"engenharia-de-software-2","status":"publish","type":"page","link":"https:\/\/dei.fe.up.pt\/dev\/engenharia-de-software-2\/","title":{"rendered":"Lab &#8211; Engenharia de Software"},"content":{"rendered":"<div id=\"pl-652\"  class=\"panel-layout\" >\n<div id=\"pg-652-0\"  class=\"panel-grid panel-no-style\"  data-style=\"{&quot;background_image_attachment&quot;:false,&quot;background_display&quot;:&quot;tile&quot;,&quot;cell_alignment&quot;:&quot;flex-start&quot;}\" >\n<div id=\"pgc-652-0-0\"  class=\"panel-grid-cell panel-grid-cell-mobile-last\"  data-weight=\"0.5\" >\n<div id=\"panel-652-0-0-0\" class=\"so-panel widget widget_text panel-first-child panel-last-child\" data-index=\"0\" data-style=\"{&quot;background_image_attachment&quot;:false,&quot;background_display&quot;:&quot;tile&quot;,&quot;background_image_size&quot;:&quot;full&quot;,&quot;border_thickness&quot;:&quot;1px&quot;}\" >\n<div class=\"textwidget\">\n<p><img decoding=\"async\" loading=\"lazy\" class=\"alignnone wp-image-1218\" role=\"img\" src=\"https:\/\/dei.fe.up.pt\/dev1\/wp-content\/uploads\/2021\/11\/Engenharia-de-Software.svg\" alt=\"\" width=\"143\" height=\"191\" \/><\/p>\n<p><strong>Miss\u00e3o<\/strong><br \/>\nO Software est\u00e1 cada vez mais presente na nossa vida, abrangendo \u00e1reas diversificadas como sistemas de navega\u00e7\u00e3o, sistemas de controlo, sistemas de suporte a servi\u00e7os, sistemas de suporte ao ensino, etc. Neste contexto, a qualidade do Software \u00e9 um aspeto cr\u00edtico que deve ser considerado seriamente. A Engenharia de Software preocupa-se com as quest\u00f5es de qualidade do Software, ou seja, garantir que o Software seja constru\u00eddo de uma forma sistem\u00e1tica, rigorosa, mensur\u00e1vel, dentro do prazo, dentro do or\u00e7amento e de acordo com as especifica\u00e7\u00f5es.<br \/>\nA nossa miss\u00e3o \u00e9:<br \/>\ndesenvolver novos m\u00e9todos, t\u00e9cnicas e ferramentas que promovam a forma como o Software \u00e9 projetado, sintetizado e avaliado; assegurar que os resultados da nossa investiga\u00e7\u00e3o tenham um impacto duradouro na pr\u00e1tica de desenvolvimento de Software; oferecer aos alunos uma educa\u00e7\u00e3o que os prepare para assumir um papel de lideran\u00e7a em projetos complexos de desenvolvimento de Software; e contribuir para melhorar a competitividade da ind\u00fastria.<\/p>\n<p><strong>T\u00f3picos de Interesse<\/strong><br \/>\n\u2022 Engenharia de Software<br \/>\n\u2022 Padr\u00f5es e Paradigmas de Software<br \/>\n\u2022 Teste de Software baseado em modelo<br \/>\n\u2022 Teste a aplica\u00e7\u00f5es m\u00f3veis<br \/>\n\u2022 Melhoria de Processos de Software<br \/>\n\u2022 Gest\u00e3o do Conhecimento em Engenharia de Software<br \/>\n\u2022 Evolu\u00e7\u00e3o de requisitos de Software<br \/>\n\u2022 Jogos s\u00e9rios para ensino de Engenharia de Software<br \/>\n\u2022 M\u00e9todos \u00e1geis<\/p>\n<p>&nbsp;<\/p>\n<p><a href=\"https:\/\/dei.fe.up.pt\/sergup\"><img decoding=\"async\" loading=\"lazy\" class=\"alignnone wp-image-8114\" role=\"img\" src=\"https:\/\/dei.fe.up.pt\/dev1\/wp-content\/uploads\/sites\/30\/2021\/07\/globe_black.svg\" alt=\"\" width=\"30\" height=\"30\" srcset=\"https:\/\/dei.fe.up.pt\/dev\/wp-content\/uploads\/sites\/92\/\/2021\/07\/globe_black.svg 150w, https:\/\/dei.fe.up.pt\/dev\/wp-content\/uploads\/sites\/92\/\/2021\/07\/globe_black.svg 300w, https:\/\/dei.fe.up.pt\/dev\/wp-content\/uploads\/sites\/92\/\/2021\/07\/globe_black.svg 1024w, https:\/\/dei.fe.up.pt\/dev\/wp-content\/uploads\/sites\/92\/\/2021\/07\/globe_black.svg 1536w, https:\/\/dei.fe.up.pt\/dev\/wp-content\/uploads\/sites\/92\/\/2021\/07\/globe_black.svg 2048w, https:\/\/dei.fe.up.pt\/dev\/wp-content\/uploads\/sites\/92\/\/2021\/07\/globe_black.svg 24w\" sizes=\"auto, (max-width: 30px) 100vw, 30px\" \/><\/a><\/p>\n<\/div><\/div>\n<\/div>\n<div id=\"pgc-652-0-1\"  class=\"panel-grid-cell panel-grid-cell-empty\"  data-weight=\"0.5\" ><\/div>\n<\/div>\n<\/div>\n","protected":false},"excerpt":{"rendered":"<p>Miss\u00e3o O Software est\u00e1 cada vez mais presente na nossa vida, abrangendo \u00e1reas diversificadas como sistemas de navega\u00e7\u00e3o, sistemas de controlo, sistemas de suporte a servi\u00e7os, sistemas de suporte ao ensino, etc. Neste contexto, a qualidade do Software \u00e9 um aspeto cr\u00edtico que deve ser considerado seriamente. A Engenharia de Software preocupa-se com as quest\u00f5es [&hellip;]<\/p>\n","protected":false},"author":60,"featured_media":0,"parent":0,"menu_order":0,"comment_status":"closed","ping_status":"closed","template":"","meta":{"inline_featured_image":false,"footnotes":""},"class_list":["post-652","page","type-page","status-publish","hentry"],"_links":{"self":[{"href":"https:\/\/dei.fe.up.pt\/dev\/wp-json\/wp\/v2\/pages\/652","targetHints":{"allow":["GET"]}}],"collection":[{"href":"https:\/\/dei.fe.up.pt\/dev\/wp-json\/wp\/v2\/pages"}],"about":[{"href":"https:\/\/dei.fe.up.pt\/dev\/wp-json\/wp\/v2\/types\/page"}],"author":[{"embeddable":true,"href":"https:\/\/dei.fe.up.pt\/dev\/wp-json\/wp\/v2\/users\/60"}],"replies":[{"embeddable":true,"href":"https:\/\/dei.fe.up.pt\/dev\/wp-json\/wp\/v2\/comments?post=652"}],"version-history":[{"count":1,"href":"https:\/\/dei.fe.up.pt\/dev\/wp-json\/wp\/v2\/pages\/652\/revisions"}],"predecessor-version":[{"id":11876,"href":"https:\/\/dei.fe.up.pt\/dev\/wp-json\/wp\/v2\/pages\/652\/revisions\/11876"}],"wp:attachment":[{"href":"https:\/\/dei.fe.up.pt\/dev\/wp-json\/wp\/v2\/media?parent=652"}],"curies":[{"name":"wp","href":"https:\/\/api.w.org\/{rel}","templated":true}]}}