{"id":654,"date":"2019-05-17T10:59:34","date_gmt":"2019-05-17T10:59:34","guid":{"rendered":"https:\/\/dei.fe.up.pt\/dev\/?page_id=654"},"modified":"2024-03-11T16:12:26","modified_gmt":"2024-03-11T16:12:26","slug":"sistemas-de-computacao-2-2","status":"publish","type":"page","link":"https:\/\/dei.fe.up.pt\/dev\/sistemas-de-computacao-2-2\/","title":{"rendered":"Lab &#8211; Sistemas de Computa\u00e7\u00e3o"},"content":{"rendered":"<div id=\"pl-654\"  class=\"panel-layout\" >\n<div id=\"pg-654-0\"  class=\"panel-grid panel-no-style\"  data-style=\"{&quot;background_image_attachment&quot;:false,&quot;background_display&quot;:&quot;tile&quot;,&quot;full_height&quot;:&quot;&quot;,&quot;cell_alignment&quot;:&quot;flex-start&quot;}\" >\n<div id=\"pgc-654-0-0\"  class=\"panel-grid-cell panel-grid-cell-mobile-last\"  data-weight=\"0.5\" >\n<div id=\"panel-654-0-0-0\" class=\"so-panel widget widget_text panel-first-child panel-last-child\" data-index=\"0\" data-style=\"{&quot;background_image_attachment&quot;:false,&quot;background_display&quot;:&quot;tile&quot;,&quot;background_image_size&quot;:&quot;full&quot;,&quot;background_image_opacity&quot;:&quot;100&quot;,&quot;border_thickness&quot;:&quot;1px&quot;}\" >\n<div class=\"textwidget\">\n<p><img loading=\"lazy\" decoding=\"async\" class=\"alignnone wp-image-1224\" role=\"img\" src=\"https:\/\/dei.fe.up.pt\/dev\/wp-content\/uploads\/sites\/92\/2021\/11\/Sistemas-de-Computacao.svg\" alt=\"\" width=\"120\" height=\"190\" \/><\/p>\n<p><strong>Miss\u00e3o<\/strong><br \/>\nO laborat\u00f3rio COMPSYS realiza atividades de investiga\u00e7\u00e3o na \u00e1rea de Sistemas Computacionais. O foco principal abrange desde os sistemas computacionais personalizados e reconfigur\u00e1veis, aos sistemas distribu\u00eddos e sistemas m\u00f3veis, incluindo os sistemas embebidos e ciberf\u00edsicos. As atividades de investiga\u00e7\u00e3o incluem arquiteturas de sistemas software, projeto e avalia\u00e7\u00e3o, nota\u00e7\u00f5es e ferramentas de software, e.g., linguagens de programa\u00e7\u00e3o de dom\u00ednio espec\u00edfico e compiladores, e propriedades n\u00e3o-funcionais, como consumo de energia, toler\u00e2ncia a falhas e temporais (por exemplo, em sistemas de tempo-real). A miss\u00e3o do laborat\u00f3rio COMPSYS \u00e9 realizar investiga\u00e7\u00e3o fundamental e aplicada de ponta, com o objetivo de avan\u00e7ar o estado-da-arte, contribuir para a educa\u00e7\u00e3o e treino especializado de recursos humanos, cooperar com a ind\u00fastria, e ajudar a solucionar problemas com impacto societal.<\/p>\n<p><strong>T\u00f3picos de Interesse<\/strong><br \/>\n\u2022 Compiladores, Ferramentas e Linguagens de Programa\u00e7\u00e3o Espec\u00edficas a Dom\u00ednios (DSLs)<br \/>\n\u2022 Computa\u00e7\u00e3o Customizada e Reconfigur\u00e1vel (incluindo FPGAs)<br \/>\n\u2022 Computa\u00e7\u00e3o Embebida e de Alto-Desempenho<br \/>\n\u2022 Sistemas de Tempo Real<br \/>\n\u2022 Computa\u00e7\u00e3o M\u00f3vel<br \/>\n\u2022 Computa\u00e7\u00e3o Baseada no Contexto<br \/>\n\u2022 Computa\u00e7\u00e3o Paralela e Distribu\u00edda<br \/>\n\u2022 Engenharia de Desempenho<\/p>\n<p>&nbsp;<\/p>\n<p><a href=\"https:\/\/dei.fe.up.pt\/compsys\"><img loading=\"lazy\" decoding=\"async\" class=\"alignnone wp-image-8114\" role=\"img\" src=\"https:\/\/dei.fe.up.pt\/dev1\/wp-content\/uploads\/sites\/30\/2021\/07\/globe_black.svg\" alt=\"\" width=\"30\" height=\"30\" \/><\/a><\/p>\n<\/div><\/div>\n<\/div>\n<div id=\"pgc-654-0-1\"  class=\"panel-grid-cell panel-grid-cell-empty\"  data-weight=\"0.5\" ><\/div>\n<\/div>\n<\/div>\n","protected":false},"excerpt":{"rendered":"<p>Miss\u00e3o O laborat\u00f3rio COMPSYS realiza atividades de investiga\u00e7\u00e3o na \u00e1rea de Sistemas Computacionais. O foco principal abrange desde os sistemas computacionais personalizados e reconfigur\u00e1veis, aos sistemas distribu\u00eddos e sistemas m\u00f3veis, incluindo os sistemas embebidos e ciberf\u00edsicos. As atividades de investiga\u00e7\u00e3o incluem arquiteturas de sistemas software, projeto e avalia\u00e7\u00e3o, nota\u00e7\u00f5es e ferramentas de software, e.g., linguagens [&hellip;]<\/p>\n","protected":false},"author":60,"featured_media":0,"parent":0,"menu_order":0,"comment_status":"closed","ping_status":"closed","template":"","meta":{"inline_featured_image":false,"footnotes":""},"class_list":["post-654","page","type-page","status-publish","hentry"],"_links":{"self":[{"href":"https:\/\/dei.fe.up.pt\/dev\/wp-json\/wp\/v2\/pages\/654","targetHints":{"allow":["GET"]}}],"collection":[{"href":"https:\/\/dei.fe.up.pt\/dev\/wp-json\/wp\/v2\/pages"}],"about":[{"href":"https:\/\/dei.fe.up.pt\/dev\/wp-json\/wp\/v2\/types\/page"}],"author":[{"embeddable":true,"href":"https:\/\/dei.fe.up.pt\/dev\/wp-json\/wp\/v2\/users\/60"}],"replies":[{"embeddable":true,"href":"https:\/\/dei.fe.up.pt\/dev\/wp-json\/wp\/v2\/comments?post=654"}],"version-history":[{"count":3,"href":"https:\/\/dei.fe.up.pt\/dev\/wp-json\/wp\/v2\/pages\/654\/revisions"}],"predecessor-version":[{"id":12968,"href":"https:\/\/dei.fe.up.pt\/dev\/wp-json\/wp\/v2\/pages\/654\/revisions\/12968"}],"wp:attachment":[{"href":"https:\/\/dei.fe.up.pt\/dev\/wp-json\/wp\/v2\/media?parent=654"}],"curies":[{"name":"wp","href":"https:\/\/api.w.org\/{rel}","templated":true}]}}