{"id":11,"date":"2023-05-19T12:46:15","date_gmt":"2023-05-19T12:46:15","guid":{"rendered":"https:\/\/dei.fe.up.pt\/lgp\/?page_id=11"},"modified":"2025-05-21T08:38:21","modified_gmt":"2025-05-21T08:38:21","slug":"team","status":"publish","type":"page","link":"https:\/\/dei.fe.up.pt\/lgp\/team\/","title":{"rendered":"Team"},"content":{"rendered":"<div id=\"pl-gb11-6a049fc5e73c8\"  class=\"panel-layout wp-block-siteorigin-panels-layout-block\" ><div id=\"pg-gb11-6a049fc5e73c8-0\"  class=\"panel-grid panel-no-style\" ><div id=\"pgc-gb11-6a049fc5e73c8-0-0\"  class=\"panel-grid-cell\" ><div id=\"panel-gb11-6a049fc5e73c8-0-0-0\" class=\"so-panel widget widget_sow-editor panel-first-child panel-last-child\" data-index=\"0\" ><div\n\t\t\t\n\t\t\tclass=\"so-widget-sow-editor so-widget-sow-editor-base\"\n\t\t\t\n\t\t>\n<div class=\"siteorigin-widget-tinymce textwidget\">\n\t<p>Lu\u00eds Filipe Pinto de Almeida Teixeira (LGP Coordinator)<br \/>\nAna Cristina Ramada Paiva<br \/>\nBruno Miguel Carvalhido Lima<br \/>\nIsabel de Jesus Lopes Margarido<br \/>\nJo\u00e3o Carlos Pascoal Faria<br \/>\nJorge Daniel Grenha Lu\u00eds Teixeira<br \/>\nJorge Manuel Gomes Barbosa<br \/>\nJuliana Carolina Campos Monteiro<br \/>\nNuno Alexandre Meneses Bastos Moutinho<br \/>\nPedro Lu\u00eds Marques Correia da Silva<br \/>\nRui Miguel de Sousa Neves<br \/>\nRui Pedro Ferreira Pinto<br \/>\nTiago Boldt Pereira de Sousa<br \/>\nWilson Caldeira da Silva<br \/>\nEm\u00edlia Maria Moreira Carneiro Dias da Costa (Advisor)<br \/>\nGil Manuel Magalh\u00e3es de Andrade Gon\u00e7alves (Advisor)<br \/>\nRaul Fernando de Almeida Moreira Vidal (LGP Emeritus Coordinator)<\/p>\n<\/div>\n<\/div><\/div><\/div><\/div><\/div>\n\n\n<p><\/p>\n","protected":false},"excerpt":{"rendered":"<p>Lu\u00eds Filipe Pinto de Almeida Teixeira (LGP Coordinator) Ana Cristina Ramada Paiva Bruno Miguel Carvalhido Lima Isabel de Jesus Lopes Margarido Jo\u00e3o Carlos Pascoal Faria Jorge Daniel Grenha Lu\u00eds Teixeira Jorge Manuel Gomes Barbosa Juliana Carolina Campos Monteiro Nuno Alexandre Meneses Bastos Moutinho Pedro Lu\u00eds Marques Correia da Silva Rui Miguel de Sousa Neves Rui [&hellip;]<\/p>\n","protected":false},"author":60,"featured_media":0,"parent":0,"menu_order":0,"comment_status":"closed","ping_status":"closed","template":"","meta":{"inline_featured_image":false,"footnotes":""},"class_list":["post-11","page","type-page","status-publish","hentry","post"],"_links":{"self":[{"href":"https:\/\/dei.fe.up.pt\/lgp\/wp-json\/wp\/v2\/pages\/11","targetHints":{"allow":["GET"]}}],"collection":[{"href":"https:\/\/dei.fe.up.pt\/lgp\/wp-json\/wp\/v2\/pages"}],"about":[{"href":"https:\/\/dei.fe.up.pt\/lgp\/wp-json\/wp\/v2\/types\/page"}],"author":[{"embeddable":true,"href":"https:\/\/dei.fe.up.pt\/lgp\/wp-json\/wp\/v2\/users\/60"}],"replies":[{"embeddable":true,"href":"https:\/\/dei.fe.up.pt\/lgp\/wp-json\/wp\/v2\/comments?post=11"}],"version-history":[{"count":10,"href":"https:\/\/dei.fe.up.pt\/lgp\/wp-json\/wp\/v2\/pages\/11\/revisions"}],"predecessor-version":[{"id":966,"href":"https:\/\/dei.fe.up.pt\/lgp\/wp-json\/wp\/v2\/pages\/11\/revisions\/966"}],"wp:attachment":[{"href":"https:\/\/dei.fe.up.pt\/lgp\/wp-json\/wp\/v2\/media?parent=11"}],"curies":[{"name":"wp","href":"https:\/\/api.w.org\/{rel}","templated":true}]}}