{"id":102,"date":"2016-04-28T17:05:04","date_gmt":"2016-04-28T17:05:04","guid":{"rendered":"https:\/\/dei.fe.up.pt\/mesw\/?page_id=102"},"modified":"2017-03-06T16:46:15","modified_gmt":"2017-03-06T16:46:15","slug":"testemunhos","status":"publish","type":"page","link":"https:\/\/dei.fe.up.pt\/mesw\/testemunhos\/","title":{"rendered":"Testemunhos"},"content":{"rendered":"<div id=\"pl-102\"  class=\"panel-layout\" ><div id=\"pg-102-0\"  class=\"panel-grid panel-no-style\" ><div id=\"pgc-102-0-0\"  class=\"panel-grid-cell\" ><div id=\"panel-102-0-0-0\" class=\"so-panel widget widget_text panel-first-child panel-last-child\" data-index=\"0\" ><div class=\"panel-widget-style panel-widget-style-for-102-0-0-0\" ><h3 class=\"widget-title\">Ricardo Caldas<\/h3>\t\t\t<div class=\"textwidget\"><p>Desde que tomei conhecimento do MESW logo quis fazer minha candidatura. O curso conta com um amplo curriculum de mat\u00e9rias de extrema import\u00e2ncia para a \u00e1rea da inform\u00e1tica, em especial para a \u00e1rea de \u201cGerenciamento de Projetos de Grande Escala\u201d.<br \/>\n<b>Como profissional da \u00e1rea tecnologia o curso oferece todo o necess\u00e1rio para seguir neste ramo, mantendo o aluno sempre a par das novas tecnologias e t\u00e9cnicas inovadoras do nosso meio.<\/b><br \/>\nO ensino da FEUP \u00e9 extremamente exemplar, como era esperado, os professores presentes no curso demonstram grande empenho, entusiasmo e conhecimento com os t\u00f3picos abordados durante as aulas, ajudando os alunos a conseguirem tirar o melhor proveito e o maior conhecimento poss\u00edvel.<br \/>\nAs aulas t\u00eam muita tem\u00e1tica passando por partes de ensinamento te\u00f3rico tanto dos professores como alunos. Laborat\u00f3rios de inform\u00e1tica e salas muito bem equipadas que permitem tirar o melhor proveito dos trabalhos propostos pelos professores. Trabalhos diversificados e desafiantes fazem com que o curso seja ainda mais interessante e com material diversificado.<br \/>\nAtualmente no segundo semestre do mestrado, sinto que estou muito mais preparado para o mercado de trabalho devido aos ensinamentos adquiridos at\u00e9 agora.<br \/>\nA FEUP realmente surpreendeu-me muito em todos os quesitos que encontrei durante este curso. Recomendo para todos os alunos que tenham vontade de estudar em Portugal.<\/p>\n<\/div>\n\t\t<\/div><\/div><\/div><div id=\"pgc-102-0-1\"  class=\"panel-grid-cell\" ><div id=\"panel-102-0-1-0\" class=\"so-panel widget widget_text panel-first-child panel-last-child\" data-index=\"1\" ><div class=\"panel-widget-style panel-widget-style-for-102-0-1-0\" >\t\t\t<div class=\"textwidget\"><img decoding=\"async\" src=\"https:\/\/web.fe.up.pt\/~brasil\/wp-content\/uploads\/2017\/02\/14.jpg?x22161\"\/><\/div>\n\t\t<\/div><\/div><\/div><\/div><div id=\"pg-102-1\"  class=\"panel-grid panel-no-style\" ><div id=\"pgc-102-1-0\"  class=\"panel-grid-cell\" ><div id=\"panel-102-1-0-0\" class=\"so-panel widget widget_text panel-first-child panel-last-child\" data-index=\"2\" >\t\t\t<div class=\"textwidget\"><hr><\/div>\n\t\t<\/div><\/div><\/div><div id=\"pg-102-2\"  class=\"panel-grid panel-no-style\" ><div id=\"pgc-102-2-0\"  class=\"panel-grid-cell\" ><div id=\"panel-102-2-0-0\" class=\"so-panel widget widget_text panel-first-child panel-last-child\" data-index=\"3\" ><div class=\"panel-widget-style panel-widget-style-for-102-2-0-0\" ><h3 class=\"widget-title\">Ana Rita Silva<\/h3>\t\t\t<div class=\"textwidget\"><p>Mestre em Engenharia de Computa\u00e7\u00e3o e Instrumenta\u00e7\u00e3o M\u00e9dica no ISEP desde o final do ano 2014, o meu percurso profissional na \u00e1rea de Software come\u00e7ou na iTGROW em Fevereiro de 2015, onde estou desde ent\u00e3o.<\/p>\n<p>A ambi\u00e7\u00e3o que desde sempre tenho em mim impede-me de ficar de bra\u00e7os cruzados a ver o mundo, principalmente tecnol\u00f3gico, a evoluir do dia para a noite, e a exigir de quem vive nele cada vez mais. Esta premissa, e o facto de sentir que ainda teria algumas lacunas por colmatar nesta \u00e1rea, onde estou actualmente empregada, fizeram com que, em parceria com a minha empresa, me candidatasse ao Mestrado Eng. Software na t\u00e3o prestigiada a n\u00edvel nacional e internacional, Faculdade de Engenharia da Universidade do Porto.<\/p>\n<p>Envolvida em projectos cr\u00edticos na \u00e1rea de Aeronautica, o MESW oferece-me diferentes val\u00eancias que me ir\u00e3o fazer sobressair no ambiente empresarial. A proximidade dos professores oferece-nos uma experi\u00eancia diferente na Universidade, proporcionando um mestrado que se vai adaptando ao perfil de cada estudante e respectivas capacidades ou falhas, puxando sempre por n\u00f3s, sabendo que podemos dar ainda mais e melhor, tornando-nos bons profissionais, tanto a n\u00edvel de trabalho de equipa e intera\u00e7\u00e3o como a n\u00edvel de conhecimento e melhores pr\u00e1ticas. N\u00e3o tenho qualquer hesita\u00e7\u00e3o em afirmar que \u00e9 um caso de sucesso, que est\u00e1 e vai crescer ainda mais, seja pelas parcerias que j\u00e1 tem e continua a desenvolver, seja pela qualidade de ensino e temas abordados.<\/p>\n<p>A FEUP, em si, disp\u00f5e de um servi\u00e7o que al\u00e9m de servir muitos alunos, consegue ser personalizado a cada um e promover o nosso bem-estar, come\u00e7ando pelas instala\u00e7\u00f5es impec\u00e1veis que v\u00e3o mantendo, desde a qualidade do servi\u00e7o que nos oferece, com uma equipa sempre disposta a ajudar e r\u00e1pida a responder.<\/p>\n<p>Sem d\u00favida que a conjuga\u00e7\u00e3o destes factores proporcionam-me mais uma experi\u00eancia acad\u00e9mica inesquec\u00edvel e marcante que ir\u00e1 sem d\u00favida enaltecer o meu percurso profissional.<\/p>\n<\/div>\n\t\t<\/div><\/div><\/div><div id=\"pgc-102-2-1\"  class=\"panel-grid-cell\" ><div id=\"panel-102-2-1-0\" class=\"so-panel widget widget_text panel-first-child panel-last-child\" data-index=\"4\" ><div class=\"panel-widget-style panel-widget-style-for-102-2-1-0\" >\t\t\t<div class=\"textwidget\"><img decoding=\"async\" src=\"https:\/\/sigarra.up.pt\/feup\/pt\/web_gessi_docs.download_file?p_name=F1074296063\/AnaRitaSilva_foto%20(400x267).jpg\"\/><\/div>\n\t\t<\/div><\/div><\/div><\/div><\/div>","protected":false},"excerpt":{"rendered":"<p>Desde que tomei conhecimento do MESW logo quis fazer minha candidatura. O curso conta com um amplo curriculum de mat\u00e9rias de extrema import\u00e2ncia para a \u00e1rea da inform\u00e1tica, em especial para a \u00e1rea de \u201cGerenciamento de Projetos de Grande Escala\u201d. Como profissional da \u00e1rea tecnologia o curso oferece todo o necess\u00e1rio para seguir neste ramo, [&hellip;]<\/p>\n","protected":false},"author":7,"featured_media":0,"parent":0,"menu_order":0,"comment_status":"closed","ping_status":"closed","template":"","meta":{"inline_featured_image":false,"footnotes":""},"class_list":["post-102","page","type-page","status-publish","hentry","post"],"_links":{"self":[{"href":"https:\/\/dei.fe.up.pt\/mesw\/wp-json\/wp\/v2\/pages\/102","targetHints":{"allow":["GET"]}}],"collection":[{"href":"https:\/\/dei.fe.up.pt\/mesw\/wp-json\/wp\/v2\/pages"}],"about":[{"href":"https:\/\/dei.fe.up.pt\/mesw\/wp-json\/wp\/v2\/types\/page"}],"author":[{"embeddable":true,"href":"https:\/\/dei.fe.up.pt\/mesw\/wp-json\/wp\/v2\/users\/7"}],"replies":[{"embeddable":true,"href":"https:\/\/dei.fe.up.pt\/mesw\/wp-json\/wp\/v2\/comments?post=102"}],"version-history":[{"count":3,"href":"https:\/\/dei.fe.up.pt\/mesw\/wp-json\/wp\/v2\/pages\/102\/revisions"}],"predecessor-version":[{"id":321,"href":"https:\/\/dei.fe.up.pt\/mesw\/wp-json\/wp\/v2\/pages\/102\/revisions\/321"}],"wp:attachment":[{"href":"https:\/\/dei.fe.up.pt\/mesw\/wp-json\/wp\/v2\/media?parent=102"}],"curies":[{"name":"wp","href":"https:\/\/api.w.org\/{rel}","templated":true}]}}