{"id":115,"date":"2016-04-28T17:09:02","date_gmt":"2016-04-28T17:09:02","guid":{"rendered":"https:\/\/dei.fe.up.pt\/mesw\/?page_id=115"},"modified":"2020-07-22T16:16:00","modified_gmt":"2020-07-22T16:16:00","slug":"contactos","status":"publish","type":"page","link":"https:\/\/dei.fe.up.pt\/mesw\/contactos\/","title":{"rendered":"Contactos"},"content":{"rendered":"<h3><strong>Secretariado<\/strong><\/h3>\n<ul>\n<li style=\"font-weight: 400\"><a href=\"mailto:mesw@fe.up.pt\"><span style=\"font-weight: 400\">mesw@fe.up.pt<\/span><\/a><\/li>\n<li style=\"font-weight: 400\"><span style=\"font-weight: 400\">Lina Silva<\/span><\/li>\n<\/ul>\n<h3><strong>Dire\u00e7\u00e3o<\/strong><\/h3>\n<ul>\n<li style=\"font-weight: 400\"><b>Diretor: <\/b><a href=\"https:\/\/sigarra.up.pt\/feup\/pt\/vld_entidades_geral.entidade_pagina?pct_codigo=242693\"><span style=\"font-weight: 400\">Ana Paiva<\/span><\/a><\/li>\n<li style=\"font-weight: 400\"><b>Diretor Adjunto: <\/b><a href=\"https:\/\/sigarra.up.pt\/feup\/pt\/func_geral.formview?p_codigo=407447\"><span style=\"font-weight: 400\">Nuno Flores<\/span><\/a><\/li>\n<\/ul>\n<h3><strong>Servi\u00e7os Acad\u00e9micos<\/strong><\/h3>\n<ul>\n<li><strong>Gest\u00e3o de Acesso, Admiss\u00e3o e\u00a0Certifica\u00e7\u00e3o<\/strong>\n<ul>\n<li>Email:\u00a0<a href=\"mailto:acesso.ingresso@fe.up.pt\">acesso.ingresso@fe.up.pt<\/a>;\u00a0<a href=\"mailto:certificacao@fe.up.pt\"><span lang=\"EN-US\">certificacao@fe.up.pt<\/span><\/a><\/li>\n<\/ul>\n<\/li>\n<li><strong>Gest\u00e3o do Estudante<\/strong>\n<ul>\n<li>Email:\u00a0<a href=\"mailto:percurso.academico@fe.up.pt\">percurso.academico@fe.up.pt<\/a><\/li>\n<\/ul>\n<\/li>\n<li><strong>Hor\u00e1rio de atendimento<\/strong>\n<ul>\n<li>09:30-16:00<\/li>\n<\/ul>\n<\/li>\n<li><a href=\"https:\/\/sigarra.up.pt\/feup\/pt\/WEB_BASE.GERA_PAGINA?P_pagina=242366\">Bolsas e Incentivos<\/a><\/li>\n<li><strong>Outros contactos:<\/strong>\n<ul>\n<li>Telefone:\u00a0225 081 977\/1405 ( 09:30-12:00 e 14:00-16:00)<\/li>\n<li>Fax:\u00a0225 081\u00a0440<\/li>\n<\/ul>\n<\/li>\n<\/ul>\n<p><img loading=\"lazy\" decoding=\"async\" class=\"aligncenter size-full wp-image-181\" src=\"https:\/\/dei.fe.up.pt\/mesw\/wp-content\/uploads\/sites\/7\/2016\/04\/Mapa.gif\" alt=\"Mapa\" width=\"588\" height=\"525\" \/><img loading=\"lazy\" decoding=\"async\" class=\"aligncenter size-full wp-image-182\" src=\"https:\/\/dei.fe.up.pt\/mesw\/wp-content\/uploads\/sites\/7\/2016\/04\/Mapa2.png\" alt=\"Mapa2\" width=\"339\" height=\"347\" srcset=\"https:\/\/dei.fe.up.pt\/mesw\/wp-content\/uploads\/sites\/7\/2016\/04\/Mapa2.png 339w, https:\/\/dei.fe.up.pt\/mesw\/wp-content\/uploads\/sites\/7\/2016\/04\/Mapa2-293x300.png 293w\" sizes=\"auto, (max-width: 339px) 100vw, 339px\" \/><\/p>\n","protected":false},"excerpt":{"rendered":"<p>Secretariado mesw@fe.up.pt Lina Silva Dire\u00e7\u00e3o Diretor: Ana Paiva Diretor Adjunto: Nuno Flores Servi\u00e7os Acad\u00e9micos Gest\u00e3o de Acesso, Admiss\u00e3o e\u00a0Certifica\u00e7\u00e3o Email:\u00a0acesso.ingresso@fe.up.pt;\u00a0certificacao@fe.up.pt Gest\u00e3o do Estudante Email:\u00a0percurso.academico@fe.up.pt Hor\u00e1rio de atendimento 09:30-16:00 Bolsas e Incentivos Outros contactos: Telefone:\u00a0225 081 977\/1405 ( 09:30-12:00 e 14:00-16:00) Fax:\u00a0225 081\u00a0440<\/p>\n","protected":false},"author":7,"featured_media":0,"parent":0,"menu_order":0,"comment_status":"closed","ping_status":"closed","template":"templates\/template-full.php","meta":{"inline_featured_image":false,"footnotes":""},"class_list":["post-115","page","type-page","status-publish","hentry","post"],"_links":{"self":[{"href":"https:\/\/dei.fe.up.pt\/mesw\/wp-json\/wp\/v2\/pages\/115","targetHints":{"allow":["GET"]}}],"collection":[{"href":"https:\/\/dei.fe.up.pt\/mesw\/wp-json\/wp\/v2\/pages"}],"about":[{"href":"https:\/\/dei.fe.up.pt\/mesw\/wp-json\/wp\/v2\/types\/page"}],"author":[{"embeddable":true,"href":"https:\/\/dei.fe.up.pt\/mesw\/wp-json\/wp\/v2\/users\/7"}],"replies":[{"embeddable":true,"href":"https:\/\/dei.fe.up.pt\/mesw\/wp-json\/wp\/v2\/comments?post=115"}],"version-history":[{"count":6,"href":"https:\/\/dei.fe.up.pt\/mesw\/wp-json\/wp\/v2\/pages\/115\/revisions"}],"predecessor-version":[{"id":524,"href":"https:\/\/dei.fe.up.pt\/mesw\/wp-json\/wp\/v2\/pages\/115\/revisions\/524"}],"wp:attachment":[{"href":"https:\/\/dei.fe.up.pt\/mesw\/wp-json\/wp\/v2\/media?parent=115"}],"curies":[{"name":"wp","href":"https:\/\/api.w.org\/{rel}","templated":true}]}}