{"id":166,"date":"2016-04-29T14:54:23","date_gmt":"2016-04-29T14:54:23","guid":{"rendered":"https:\/\/dei.fe.up.pt\/mesw\/?page_id=166"},"modified":"2019-12-13T14:31:46","modified_gmt":"2019-12-13T14:31:46","slug":"inicio","status":"publish","type":"page","link":"https:\/\/dei.fe.up.pt\/mesw\/inicio\/","title":{"rendered":"In\u00edcio"},"content":{"rendered":"<p><a href=\"https:\/\/issuu.com\/feup\/docs\/mesw_uk\/1?e=5369511\/35613879\" target=\"_blank\" rel=\"noopener noreferrer\"><img loading=\"lazy\" decoding=\"async\" class=\"alignleft wp-image-229 size-full\" src=\"https:\/\/dei.fe.up.pt\/mesw\/wp-content\/uploads\/sites\/7\/2016\/04\/img_site.jpg\" alt=\"MESW_leaflet\" width=\"289\" height=\"388\" srcset=\"https:\/\/dei.fe.up.pt\/mesw\/wp-content\/uploads\/sites\/7\/2016\/04\/img_site.jpg 289w, https:\/\/dei.fe.up.pt\/mesw\/wp-content\/uploads\/sites\/7\/2016\/04\/img_site-223x300.jpg 223w\" sizes=\"auto, (max-width: 289px) 100vw, 289px\" \/><\/a>Trabalha com software e gostaria de fazer um \u201cupgrade\u201d aos seus conhecimentos?<\/p>\n<p>Pretende apostar numa forma\u00e7\u00e3o que o prepare para a lideran\u00e7a de projetos complexos de engenharia de software?<\/p>\n<p>Se sim, ent\u00e3o este mestrado foi pensado para si!<\/p>\n<p>\u00a0<\/p>\n<p>\u00a0<\/p>\n\n\n<figure class=\"wp-block-table\"><table class=\"\"><tbody><tr><td> Mais informa\u00e7\u00e3o em  <a href=\"http:\/\/www.fe.up.pt\/brasil\">aqui<\/a> e <a href=\"http:\/\/www.fe.up.pt\/studyandresearch\">aqui<\/a> <\/td><\/tr><\/tbody><\/table><\/figure>\n\n\n\n<p><\/p>\n\n\n\n<p><\/p>\n\n\n\n<p> <\/p>\n\n\n\n<p><\/p>\n","protected":false},"excerpt":{"rendered":"<p>Trabalha com software e gostaria de fazer um \u201cupgrade\u201d aos seus conhecimentos? Pretende apostar numa forma\u00e7\u00e3o que o prepare para a lideran\u00e7a de projetos complexos de engenharia de software? Se sim, ent\u00e3o este mestrado foi pensado para si! \u00a0 \u00a0 Mais informa\u00e7\u00e3o em aqui e aqui<\/p>\n","protected":false},"author":1,"featured_media":0,"parent":0,"menu_order":0,"comment_status":"closed","ping_status":"closed","template":"templates\/template-full.php","meta":{"inline_featured_image":false,"footnotes":""},"class_list":["post-166","page","type-page","status-publish","hentry","post"],"_links":{"self":[{"href":"https:\/\/dei.fe.up.pt\/mesw\/wp-json\/wp\/v2\/pages\/166","targetHints":{"allow":["GET"]}}],"collection":[{"href":"https:\/\/dei.fe.up.pt\/mesw\/wp-json\/wp\/v2\/pages"}],"about":[{"href":"https:\/\/dei.fe.up.pt\/mesw\/wp-json\/wp\/v2\/types\/page"}],"author":[{"embeddable":true,"href":"https:\/\/dei.fe.up.pt\/mesw\/wp-json\/wp\/v2\/users\/1"}],"replies":[{"embeddable":true,"href":"https:\/\/dei.fe.up.pt\/mesw\/wp-json\/wp\/v2\/comments?post=166"}],"version-history":[{"count":14,"href":"https:\/\/dei.fe.up.pt\/mesw\/wp-json\/wp\/v2\/pages\/166\/revisions"}],"predecessor-version":[{"id":493,"href":"https:\/\/dei.fe.up.pt\/mesw\/wp-json\/wp\/v2\/pages\/166\/revisions\/493"}],"wp:attachment":[{"href":"https:\/\/dei.fe.up.pt\/mesw\/wp-json\/wp\/v2\/media?parent=166"}],"curies":[{"name":"wp","href":"https:\/\/api.w.org\/{rel}","templated":true}]}}