{"id":22,"date":"2016-04-28T15:03:49","date_gmt":"2016-04-28T15:03:49","guid":{"rendered":"https:\/\/dei.fe.up.pt\/mesw\/?page_id=22"},"modified":"2016-04-29T15:32:47","modified_gmt":"2016-04-29T15:32:47","slug":"objetivos","status":"publish","type":"page","link":"https:\/\/dei.fe.up.pt\/mesw\/curso\/objetivos\/","title":{"rendered":"Objetivos"},"content":{"rendered":"<p><span style=\"font-weight: 400\">O objetivo do Mestrado em Engenharia de Software (MESW) \u00e9 promover a excel\u00eancia da qualifica\u00e7\u00e3o em aspetos avan\u00e7ados e nucleares da Engenharia de Software, desde os seus fundamentos te\u00f3ricos at\u00e9 \u00e0 integra\u00e7\u00e3o de tecnologias inform\u00e1ticas nas organiza\u00e7\u00f5es.<\/span><\/p>\n","protected":false},"excerpt":{"rendered":"<p>O objetivo do Mestrado em Engenharia de Software (MESW) \u00e9 promover a excel\u00eancia da qualifica\u00e7\u00e3o em aspetos avan\u00e7ados e nucleares da Engenharia de Software, desde os seus fundamentos te\u00f3ricos at\u00e9 \u00e0 integra\u00e7\u00e3o de tecnologias inform\u00e1ticas nas organiza\u00e7\u00f5es.<\/p>\n","protected":false},"author":7,"featured_media":0,"parent":14,"menu_order":0,"comment_status":"closed","ping_status":"closed","template":"templates\/template-full.php","meta":{"inline_featured_image":false,"footnotes":""},"class_list":["post-22","page","type-page","status-publish","hentry","post"],"_links":{"self":[{"href":"https:\/\/dei.fe.up.pt\/mesw\/wp-json\/wp\/v2\/pages\/22","targetHints":{"allow":["GET"]}}],"collection":[{"href":"https:\/\/dei.fe.up.pt\/mesw\/wp-json\/wp\/v2\/pages"}],"about":[{"href":"https:\/\/dei.fe.up.pt\/mesw\/wp-json\/wp\/v2\/types\/page"}],"author":[{"embeddable":true,"href":"https:\/\/dei.fe.up.pt\/mesw\/wp-json\/wp\/v2\/users\/7"}],"replies":[{"embeddable":true,"href":"https:\/\/dei.fe.up.pt\/mesw\/wp-json\/wp\/v2\/comments?post=22"}],"version-history":[{"count":1,"href":"https:\/\/dei.fe.up.pt\/mesw\/wp-json\/wp\/v2\/pages\/22\/revisions"}],"predecessor-version":[{"id":23,"href":"https:\/\/dei.fe.up.pt\/mesw\/wp-json\/wp\/v2\/pages\/22\/revisions\/23"}],"up":[{"embeddable":true,"href":"https:\/\/dei.fe.up.pt\/mesw\/wp-json\/wp\/v2\/pages\/14"}],"wp:attachment":[{"href":"https:\/\/dei.fe.up.pt\/mesw\/wp-json\/wp\/v2\/media?parent=22"}],"curies":[{"name":"wp","href":"https:\/\/api.w.org\/{rel}","templated":true}]}}