{"id":245,"date":"2016-06-16T13:25:49","date_gmt":"2016-06-16T13:25:49","guid":{"rendered":"https:\/\/dei.fe.up.pt\/mesw\/?page_id=245"},"modified":"2020-09-21T10:32:51","modified_gmt":"2020-09-21T10:32:51","slug":"parceiros","status":"publish","type":"page","link":"https:\/\/dei.fe.up.pt\/mesw\/parceiros\/","title":{"rendered":"Parceiros"},"content":{"rendered":"<div>\n<table border=\"0\" width=\"500\" cellpadding=\"5\">\n<tbody>\n<tr>\n<td align=\"center\" valign=\"center\"><img loading=\"lazy\" decoding=\"async\" class=\"wp-image-246\" style=\"vertical-align: middle\" src=\"https:\/\/dei.fe.up.pt\/mesw\/wp-content\/uploads\/sites\/7\/2016\/06\/bit_sonae_loho-294x300.png\" alt=\"bit_sonae_logo\" width=\"240\" height=\"245\" \/><\/td>\n<td align=\"center\" valign=\"center\"><img loading=\"lazy\" decoding=\"async\" class=\"wp-image-247 alignleft\" style=\"vertical-align: middle\" src=\"https:\/\/dei.fe.up.pt\/mesw\/wp-content\/uploads\/sites\/7\/2016\/06\/critical_software_logo-300x300.png\" alt=\"critical_software_logo\" width=\"240\" height=\"240\" \/><\/td>\n<td align=\"center\" valign=\"center\"><\/td>\n<\/tr>\n<\/tbody>\n<\/table>\n<\/div>\n<p>Estas empresas poder\u00e3o financiar bolsas a estudantes do MESW. Para mais informa\u00e7\u00e3o, contactem <a href=\"mailto:mesw@fe.up.pt\">mesw@fe.up.pt<\/a><\/p>\n<p>Bolsas e Incentivos (<a href=\"https:\/\/sigarra.up.pt\/feup\/pt\/WEB_BASE.GERA_PAGINA?P_pagina=242366\">aqui<\/a>)<\/p>\n","protected":false},"excerpt":{"rendered":"<p>Estas empresas poder\u00e3o financiar bolsas a estudantes do MESW. Para mais informa\u00e7\u00e3o, contactem mesw@fe.up.pt Bolsas e Incentivos (aqui)<\/p>\n","protected":false},"author":7,"featured_media":0,"parent":0,"menu_order":0,"comment_status":"closed","ping_status":"closed","template":"","meta":{"inline_featured_image":false,"footnotes":""},"class_list":["post-245","page","type-page","status-publish","hentry","post"],"_links":{"self":[{"href":"https:\/\/dei.fe.up.pt\/mesw\/wp-json\/wp\/v2\/pages\/245","targetHints":{"allow":["GET"]}}],"collection":[{"href":"https:\/\/dei.fe.up.pt\/mesw\/wp-json\/wp\/v2\/pages"}],"about":[{"href":"https:\/\/dei.fe.up.pt\/mesw\/wp-json\/wp\/v2\/types\/page"}],"author":[{"embeddable":true,"href":"https:\/\/dei.fe.up.pt\/mesw\/wp-json\/wp\/v2\/users\/7"}],"replies":[{"embeddable":true,"href":"https:\/\/dei.fe.up.pt\/mesw\/wp-json\/wp\/v2\/comments?post=245"}],"version-history":[{"count":9,"href":"https:\/\/dei.fe.up.pt\/mesw\/wp-json\/wp\/v2\/pages\/245\/revisions"}],"predecessor-version":[{"id":554,"href":"https:\/\/dei.fe.up.pt\/mesw\/wp-json\/wp\/v2\/pages\/245\/revisions\/554"}],"wp:attachment":[{"href":"https:\/\/dei.fe.up.pt\/mesw\/wp-json\/wp\/v2\/media?parent=245"}],"curies":[{"name":"wp","href":"https:\/\/api.w.org\/{rel}","templated":true}]}}