{"id":34,"date":"2016-04-28T15:15:22","date_gmt":"2016-04-28T15:15:22","guid":{"rendered":"https:\/\/dei.fe.up.pt\/mesw\/?page_id=34"},"modified":"2020-09-21T10:43:34","modified_gmt":"2020-09-21T10:43:34","slug":"plano-curricular","status":"publish","type":"page","link":"https:\/\/dei.fe.up.pt\/mesw\/plano-curricular\/","title":{"rendered":"Plano Curricular"},"content":{"rendered":"<h2>1\u00ba Ano<\/h2>\n<table width=\"100%\">\n<tbody>\n<tr>\n<th colspan=\"7\" nowrap=\"nowrap\">1\u00ba Semestre<\/th>\n<\/tr>\n<tr>\n<th nowrap=\"nowrap\">C\u00f3digo<\/th>\n<th nowrap=\"nowrap\">Sigla<\/th>\n<th colspan=\"3\" nowrap=\"nowrap\">Nome<\/th>\n<th nowrap=\"nowrap\">Obs.<\/th>\n<th nowrap=\"nowrap\">Cr\u00e9ditos<\/th>\n<\/tr>\n<tr class=\" i \">\n<td class=\"k\">MESW0001<\/td>\n<td class=\"l\">PPES<\/td>\n<td class=\"t\" colspan=\"3\"><a href=\"https:\/\/sigarra.up.pt\/feup\/pt\/UCURR_GERAL.FICHA_UC_VIEW?pv_ocorrencia_id=460221\">Princ\u00edpios e Paradigmas de Engenharia de Software<\/a><br \/>\n<em>Capacitar os estudantes para desenvolver e evoluir rapidamente solu\u00e7\u00f5es de elevada qualidade, utilizando as metodologias de gest\u00e3o e de engenharia mais adequadas em cada caso.<\/em><\/td>\n<td class=\"l\"><\/td>\n<td class=\"n\">6<\/td>\n<\/tr>\n<tr class=\" p \">\n<td class=\"k\">MESW0003<\/td>\n<td class=\"l\">ADS<\/td>\n<td class=\"t\" colspan=\"3\"><a href=\"https:\/\/sigarra.up.pt\/feup\/pt\/UCURR_GERAL.FICHA_UC_VIEW?pv_ocorrencia_id=460223\">Arquitetura e Desenho de Software<\/a><br \/>\n<em>Habilitar para o projeto e constru\u00e7\u00e3o de sistemas de software complexos, recorrendo a boas pr\u00e1ticas de modularidade, adaptabilidade, e extensibilidade, entre outras.<\/em><\/td>\n<td class=\"l\"><\/td>\n<td class=\"n\">6<\/td>\n<\/tr>\n<tr class=\" i \">\n<td class=\"k\">MESW0004<\/td>\n<td class=\"l\">TVVS<\/td>\n<td class=\"t\" colspan=\"3\"><a href=\"https:\/\/sigarra.up.pt\/feup\/pt\/UCURR_GERAL.FICHA_UC_VIEW?pv_ocorrencia_id=460224\">Teste, Verifica\u00e7\u00e3o e Valida\u00e7\u00e3o de Software<\/a><br \/>\n<em>Conhecer a terminologia e saber gerir um processo de teste de software bem como aplicar as t\u00e9cnicas principais de teste para controlo de qualidade de software.<\/em><\/td>\n<td class=\"l\"><\/td>\n<td class=\"n\">6<\/td>\n<\/tr>\n<tr class=\" p \">\n<td class=\"k\">MESW0002<\/td>\n<td class=\"l\">ERMS<\/td>\n<td class=\"t\" colspan=\"3\"><a href=\"https:\/\/sigarra.up.pt\/feup\/pt\/UCURR_GERAL.FICHA_UC_VIEW?pv_ocorrencia_id=460222\">Engenharia de Requisitos e Modela\u00e7\u00e3o de Software<\/a><br \/>\n<em>M\u00e9todos, t\u00e9cnicas e melhores pr\u00e1ticas para planear, gerir e realizar um processo de an\u00e1lise e especifica\u00e7\u00e3o de requisitos de um sistema de software ou baseado em tecnologias.<\/em><\/td>\n<td class=\"l\"><\/td>\n<td class=\"n\">6<\/td>\n<\/tr>\n<tr class=\" i \">\n<td class=\"k\">MESW0005<\/td>\n<td class=\"l\">LES<\/td>\n<td class=\"t\" colspan=\"3\"><a href=\"https:\/\/sigarra.up.pt\/feup\/pt\/UCURR_GERAL.FICHA_UC_VIEW?pv_ocorrencia_id=460225\">Laborat\u00f3rio de Engenharia de Software<\/a><br \/>\n<em>Aplicar, na \u00edntegra, todas as fases de um processo de Engenharia de Software ao desenvolvimento completo de um sistema real.<\/em><\/td>\n<td class=\"l\"><\/td>\n<td class=\"n\">6<\/td>\n<\/tr>\n<\/tbody>\n<\/table>\n<table width=\"100%\">\n<tbody>\n<tr>\n<th colspan=\"7\" nowrap=\"nowrap\">2\u00ba Semestre<\/th>\n<\/tr>\n<tr>\n<th nowrap=\"nowrap\">C\u00f3digo<\/th>\n<th nowrap=\"nowrap\">Sigla<\/th>\n<th colspan=\"3\" nowrap=\"nowrap\">Nome<\/th>\n<th nowrap=\"nowrap\">Obs.<\/th>\n<th nowrap=\"nowrap\">Cr\u00e9ditos<\/th>\n<\/tr>\n<tr class=\" i \">\n<td class=\"k\">MESW0008<\/td>\n<td class=\"l\">CES<\/td>\n<td class=\"t\" colspan=\"3\"><a href=\"https:\/\/sigarra.up.pt\/feup\/pt\/UCURR_GERAL.FICHA_UC_VIEW?pv_ocorrencia_id=460228\">Compreens\u00e3o e Evolu\u00e7\u00e3o de Software<\/a><br \/>\n<em>Examinar v\u00e1rios m\u00e9todos, t\u00e9cnicas e boas pr\u00e1ticas para compreender a evolu\u00e7\u00e3o de um sistema de software.<\/em><\/td>\n<td class=\"l\"><\/td>\n<td class=\"n\">6<\/td>\n<\/tr>\n<tr class=\" p \">\n<td class=\"k\">MESW0009<\/td>\n<td class=\"l\">ADES<\/td>\n<td class=\"t\" colspan=\"3\"><a href=\"https:\/\/sigarra.up.pt\/feup\/pt\/UCURR_GERAL.FICHA_UC_VIEW?pv_ocorrencia_id=460229\">An\u00e1lise de Dados e Engenharia de Software<\/a><br \/>\n<em>Habilitar os estudantes com os conceitos essenciais de Data Science &amp; Engineering para resolu\u00e7\u00e3o de problemas no \u00e2mbito de Engenharia de Software.<\/em><\/td>\n<td class=\"l\"><\/td>\n<td class=\"n\">6<\/td>\n<\/tr>\n<tr class=\" i \">\n<td class=\"k\">MESW0006<\/td>\n<td class=\"l\">GPIE<\/td>\n<td class=\"t\" colspan=\"3\"><a href=\"https:\/\/sigarra.up.pt\/feup\/pt\/UCURR_GERAL.FICHA_UC_VIEW?pv_ocorrencia_id=460226\">Gest\u00e3o de Projetos, Inova\u00e7\u00e3o e Empreendedorismo<\/a><br \/>\n<em>Aplicar m\u00e9todos, t\u00e9cnicas e melhores pr\u00e1ticas para planear, gerir e executar projetos de software ou de desenvolvimento de produtos tecnol\u00f3gicos.<\/em><\/td>\n<td class=\"l\"><\/td>\n<td class=\"n\">6<\/td>\n<\/tr>\n<tr class=\" p \">\n<td class=\"k\">MESW0007<\/td>\n<td class=\"l\">SES<\/td>\n<td class=\"t\" colspan=\"3\"><a href=\"https:\/\/sigarra.up.pt\/feup\/pt\/UCURR_GERAL.FICHA_UC_VIEW?pv_ocorrencia_id=460227\">Seguran\u00e7a em Engenharia de Software<\/a><br \/>\n<em>Seguran\u00e7a em Engenharia de Software \u00e9 uma disciplina em evolu\u00e7\u00e3o, que une duas \u00e1reas importantes e fundamentais para qualquer sistema de software: engenharia de software e de seguran\u00e7a.<\/em><\/td>\n<td class=\"l\"><\/td>\n<td class=\"n\">6<\/td>\n<\/tr>\n<tr class=\" i \">\n<td class=\"k\"><\/td>\n<td class=\"l\"><\/td>\n<td class=\"t\" colspan=\"3\">Unidades Curriculares Optativas &#8211; 1\u00ba Grupo<\/td>\n<td class=\"l\">(1)(2)<\/td>\n<td class=\"l\"><\/td>\n<\/tr>\n<\/tbody>\n<\/table>\n<h2>2\u00ba Ano<\/h2>\n<div id=\"15801ano_2\" class=\"caixa\">\n<table width=\"100%\">\n<tbody>\n<tr>\n<th colspan=\"7\" nowrap=\"nowrap\">1\u00ba Semestre<\/th>\n<\/tr>\n<tr>\n<th nowrap=\"nowrap\">C\u00f3digo<\/th>\n<th nowrap=\"nowrap\">Sigla<\/th>\n<th colspan=\"3\" nowrap=\"nowrap\">Nome<\/th>\n<th nowrap=\"nowrap\">Obs.<\/th>\n<th nowrap=\"nowrap\">Cr\u00e9ditos<\/th>\n<\/tr>\n<tr class=\" i \">\n<td class=\"k\">MESW0012<\/td>\n<td class=\"l\">SES<\/td>\n<td class=\"t\" colspan=\"3\"><a href=\"https:\/\/sigarra.up.pt\/feup\/pt\/UCURR_GERAL.FICHA_UC_VIEW?pv_ocorrencia_id=460233\">Semin\u00e1rios em Engenharia de Software<\/a><br \/>\n<em>Sensibilizar para diversos t\u00f3picos avan\u00e7ados de engenharia de software, com relev\u00e2ncia em termos de investiga\u00e7\u00e3o ou desenvolvimento aplicado.<\/em><\/td>\n<td class=\"l\"><\/td>\n<td class=\"n\">6<\/td>\n<\/tr>\n<tr class=\" p \">\n<td class=\"k\"><\/td>\n<td class=\"l\"><\/td>\n<td class=\"t\" colspan=\"3\">Unidades Curriculares Optativas &#8211; 2\u00ba Grupo<\/td>\n<td class=\"l\">(1)(3)<\/td>\n<td class=\"n\"><\/td>\n<\/tr>\n<\/tbody>\n<\/table>\n<table width=\"100%\">\n<tbody>\n<tr>\n<th colspan=\"7\" nowrap=\"nowrap\">Anual<\/th>\n<\/tr>\n<tr>\n<th nowrap=\"nowrap\">C\u00f3digo<\/th>\n<th nowrap=\"nowrap\">Sigla<\/th>\n<th colspan=\"3\" nowrap=\"nowrap\">Nome<\/th>\n<th nowrap=\"nowrap\">Obs.<\/th>\n<th nowrap=\"nowrap\">Cr\u00e9ditos<\/th>\n<\/tr>\n<tr class=\" i \">\n<td class=\"k\">MESW0015<\/td>\n<td class=\"l\">D<\/td>\n<td class=\"t\" colspan=\"3\"><a href=\"https:\/\/sigarra.up.pt\/feup\/pt\/UCURR_GERAL.FICHA_UC_VIEW?pv_ocorrencia_id=460232\">Disserta\u00e7\u00e3o<\/a><br \/>\n<em>Integra\u00e7\u00e3o e aplica\u00e7\u00e3o dos conhecimentos, compet\u00eancias e atitudes adquiridos na resolu\u00e7\u00e3o de problemas complexos de engenharia de software.<\/em><\/td>\n<td class=\"l\"><\/td>\n<td class=\"n\">48<\/td>\n<\/tr>\n<\/tbody>\n<\/table>\n<p><strong>Observa\u00e7\u00f5es:<\/strong><\/p>\n<p>(1) Qualquer curso de U. Porto (2\u00ba ciclo). Sujeito \u00e0 aprova\u00e7\u00e3o pr\u00e9via do diretor do programa.<\/p>\n<table width=\"100%\">\n<tbody>\n<tr>\n<th colspan=\"6\" nowrap=\"nowrap\">(2) Unidades Curriculares Optativas &#8211; 1\u00ba Grupo<\/th>\n<\/tr>\n<tr>\n<th nowrap=\"nowrap\">C\u00f3digo<\/th>\n<th nowrap=\"nowrap\">Sigla<\/th>\n<th colspan=\"3\" nowrap=\"nowrap\">Nome<\/th>\n<th nowrap=\"nowrap\">Cr\u00e9ditos<\/th>\n<\/tr>\n<tr class=\" i \">\n<td class=\"k\">&#8211;<\/td>\n<td class=\"l\">&#8211;<\/td>\n<td class=\"t\" colspan=\"3\">Computa\u00e7\u00e3o M\u00f3vel<\/td>\n<td class=\"n\">6<\/td>\n<\/tr>\n<tr class=\" p \">\n<td class=\"k\">&#8211;<\/td>\n<td class=\"l\">&#8211;<\/td>\n<td class=\"t\" colspan=\"3\">Gest\u00e3o de Qualidade e Melhoria de Processos de Software<\/td>\n<td class=\"n\">6<\/td>\n<\/tr>\n<\/tbody>\n<\/table>\n<table width=\"100%\">\n<tbody>\n<tr>\n<th colspan=\"6\" nowrap=\"nowrap\">(3) Unidades Curriculares Optativas &#8211; 2\u00ba Grupo<\/th>\n<\/tr>\n<tr>\n<th nowrap=\"nowrap\">C\u00f3digo<\/th>\n<th nowrap=\"nowrap\">Sigla<\/th>\n<th colspan=\"3\" nowrap=\"nowrap\">Nome<\/th>\n<th nowrap=\"nowrap\">Cr\u00e9ditos<\/th>\n<\/tr>\n<tr class=\" i \">\n<td class=\"k\">&#8211;<\/td>\n<td class=\"l\">&#8211;<\/td>\n<td class=\"t\" colspan=\"3\">Computa\u00e7\u00e3o Orientada a Servi\u00e7os e Nuvem<\/td>\n<td class=\"n\">6<\/td>\n<\/tr>\n<tr class=\" p \">\n<td class=\"k\">&#8211;<\/td>\n<td class=\"l\">&#8211;<\/td>\n<td class=\"t\" colspan=\"3\">Intera\u00e7\u00e3o Pessoa Computador<\/td>\n<td class=\"n\">6<\/td>\n<\/tr>\n<\/tbody>\n<\/table>\n<\/div>\n","protected":false},"excerpt":{"rendered":"<p>1\u00ba Ano 1\u00ba Semestre C\u00f3digo Sigla Nome Obs. Cr\u00e9ditos MESW0001 PPES Princ\u00edpios e Paradigmas de Engenharia de Software Capacitar os estudantes para desenvolver e evoluir rapidamente solu\u00e7\u00f5es de elevada qualidade, utilizando as metodologias de gest\u00e3o e de engenharia mais adequadas em cada caso. 6 MESW0003 ADS Arquitetura e Desenho de Software Habilitar para o projeto [&hellip;]<\/p>\n","protected":false},"author":7,"featured_media":0,"parent":0,"menu_order":0,"comment_status":"closed","ping_status":"closed","template":"templates\/template-full.php","meta":{"inline_featured_image":false,"footnotes":""},"class_list":["post-34","page","type-page","status-publish","hentry","post"],"_links":{"self":[{"href":"https:\/\/dei.fe.up.pt\/mesw\/wp-json\/wp\/v2\/pages\/34","targetHints":{"allow":["GET"]}}],"collection":[{"href":"https:\/\/dei.fe.up.pt\/mesw\/wp-json\/wp\/v2\/pages"}],"about":[{"href":"https:\/\/dei.fe.up.pt\/mesw\/wp-json\/wp\/v2\/types\/page"}],"author":[{"embeddable":true,"href":"https:\/\/dei.fe.up.pt\/mesw\/wp-json\/wp\/v2\/users\/7"}],"replies":[{"embeddable":true,"href":"https:\/\/dei.fe.up.pt\/mesw\/wp-json\/wp\/v2\/comments?post=34"}],"version-history":[{"count":33,"href":"https:\/\/dei.fe.up.pt\/mesw\/wp-json\/wp\/v2\/pages\/34\/revisions"}],"predecessor-version":[{"id":561,"href":"https:\/\/dei.fe.up.pt\/mesw\/wp-json\/wp\/v2\/pages\/34\/revisions\/561"}],"wp:attachment":[{"href":"https:\/\/dei.fe.up.pt\/mesw\/wp-json\/wp\/v2\/media?parent=34"}],"curies":[{"name":"wp","href":"https:\/\/api.w.org\/{rel}","templated":true}]}}