{"id":92,"date":"2016-04-28T16:43:33","date_gmt":"2016-04-28T16:43:33","guid":{"rendered":"https:\/\/dei.fe.up.pt\/mesw\/?page_id=92"},"modified":"2020-07-22T16:30:17","modified_gmt":"2020-07-22T16:30:17","slug":"equipa","status":"publish","type":"page","link":"https:\/\/dei.fe.up.pt\/mesw\/equipa\/","title":{"rendered":"Equipa"},"content":{"rendered":"<h3><span style=\"font-weight: 400\">Dire\u00e7\u00e3o<\/span><\/h3>\n<ul>\n<li style=\"font-weight: 400\"><b>Diretor: <\/b><a href=\"https:\/\/sigarra.up.pt\/feup\/pt\/vld_entidades_geral.entidade_pagina?pct_codigo=242693\"><span style=\"font-weight: 400\">Ana Paiva<\/span><\/a><\/li>\n<li style=\"font-weight: 400\"><b>Diretor Adjunto: <\/b><a href=\"https:\/\/sigarra.up.pt\/feup\/pt\/func_geral.formview?p_codigo=407447\"><span style=\"font-weight: 400\">Nuno Flores<\/span><\/a><\/li>\n<\/ul>\n<h3><span style=\"font-weight: 400\">Secretariado<\/span><\/h3>\n<ul>\n<li><a href=\"mailto:mesw@fe.up.pt\"><span style=\"font-weight: 400\">mesw@fe.up.pt<\/span><\/a><\/li>\n<li style=\"font-weight: 400\"><span style=\"font-weight: 400\">Maria Idalina Gomes da Silva &#8211; <\/span><a href=\"mailto:lina@fe.up.pt\"><span style=\"font-weight: 400\">lina@fe.up.pt<\/span><\/a><\/li>\n<\/ul>\n<h3><span style=\"font-weight: 400\">Comiss\u00e3o Cient\u00edfica<\/span><\/h3>\n<ul>\n<li><a href=\"https:\/\/sigarra.up.pt\/feup\/pt\/func_geral.FormView?P_CODIGO=231081\">Ademar Manuel Teixeira de Aguiar<\/a><\/li>\n<li style=\"font-weight: 400\"><span style=\"font-weight: 400\"><a href=\"https:\/\/sigarra.up.pt\/feup\/pt\/func_geral.formview?p_codigo=210006\">Jo\u00e3o Carlos Pascoal Faria<\/a><\/span><\/li>\n<li style=\"font-weight: 400\"><a href=\"https:\/\/sigarra.up.pt\/feup\/pt\/func_geral.FormView?P_CODIGO=449856\">Jo\u00e3o Manuel Paiva Cardoso<\/a><\/li>\n<li><span style=\"font-weight: 400\"><a href=\"https:\/\/sigarra.up.pt\/feup\/pt\/func_geral.formview?p_codigo=407447\">Nuno Hon\u00f3rio Rodrigues Flores<\/a><\/span><\/li>\n<\/ul>\n<div class=\"tg-wrap\">\n<h3><span style=\"font-weight: 400\">Corpo Docente<\/span><\/h3>\n<table>\n<tbody>\n<tr>\n<th>Nome<\/th>\n<\/tr>\n<tr>\n<td><a href=\"https:\/\/sigarra.up.pt\/feup\/pt\/func_geral.formview?p_codigo=231081\">Ademar Manuel Teixeira de Aguiar<\/a><\/td>\n<\/tr>\n<tr>\n<td><a href=\"https:\/\/sigarra.up.pt\/feup\/pt\/func_geral.formview?p_codigo=242693\">Ana Cristina Ramada Paiva<\/a><\/td>\n<\/tr>\n<tr>\n<td><a href=\"https:\/\/sigarra.up.pt\/feup\/pt\/func_geral.formview?p_codigo=209582\">Ant\u00f3nio Miguel Pontes Pimenta Monteiro<\/a><\/td>\n<\/tr>\n<tr>\n<td><a href=\"https:\/\/sigarra.up.pt\/feup\/pt\/func_geral.formview?p_codigo=235847\">Carlos Manuel Milheiro de Oliveira Pinto Soares<\/a><\/td>\n<\/tr>\n<tr>\n<td><a href=\"https:\/\/sigarra.up.pt\/feup\/pt\/func_geral.formview?P_CODIGO=486352\">Filipe Figueiredo Correia<\/a><\/td>\n<\/tr>\n<tr>\n<td><a href=\"https:\/\/sigarra.up.pt\/feup\/pt\/func_geral.formview?p_codigo=242996\">Gil Manuel Magalh\u00e3es de Andrade Gon\u00e7alves<\/a><\/td>\n<\/tr>\n<tr>\n<td><a href=\"https:\/\/sigarra.up.pt\/feup\/pt\/func_geral.formview?p_codigo=450994\">Hugo Jos\u00e9 Sereno Lopes Ferreira<\/a><\/td>\n<\/tr>\n<tr>\n<td><a href=\"https:\/\/sigarra.up.pt\/feup\/pt\/func_geral.formview?p_codigo=210006\">Jo\u00e3o Carlos Pascoal de Faria<\/a><\/td>\n<\/tr>\n<tr>\n<td><a href=\"https:\/\/sigarra.up.pt\/feup\/pt\/func_geral.FormView?P_CODIGO=246626\">Jorge Manuel Gomes Barbosa<\/a><\/td>\n<\/tr>\n<tr>\n<td><a href=\"https:\/\/sigarra.up.pt\/feup\/pt\/func_geral.formview?p_codigo=211706\">Jos\u00e9 Lu\u00eds Cabral Moura Borges<\/a><\/td>\n<\/tr>\n<tr>\n<td><a href=\"https:\/\/sigarra.up.pt\/feup\/pt\/func_geral.formview?p_codigo=451878\" data-wplink-edit=\"true\">Lu\u00eds Filipe Pinto de Almeida Teixeira<\/a><\/td>\n<\/tr>\n<tr>\n<td><a href=\"https:\/\/sigarra.up.pt\/feup\/pt\/func_geral.formview?p_codigo=237494\">Maria Teresa Galv\u00e3o Dias<\/a><\/td>\n<\/tr>\n<tr>\n<td><a href=\"https:\/\/sigarra.up.pt\/feup\/pt\/func_geral.formview?p_codigo=407447\">Nuno Hon\u00f3rio Rodrigues Flores<\/a><\/td>\n<\/tr>\n<tr>\n<td><a href=\"https:\/\/sigarra.up.pt\/feup\/pt\/func_geral.formview?p_codigo=206415\">Raul Fernando de Almeida Moreira Vidal<\/a><\/td>\n<\/tr>\n<\/tbody>\n<\/table>\n<\/div>\n\n\n<p><\/p>\n","protected":false},"excerpt":{"rendered":"<p>Dire\u00e7\u00e3o Diretor: Ana Paiva Diretor Adjunto: Nuno Flores Secretariado mesw@fe.up.pt Maria Idalina Gomes da Silva &#8211; lina@fe.up.pt Comiss\u00e3o Cient\u00edfica Ademar Manuel Teixeira de Aguiar Jo\u00e3o Carlos Pascoal Faria Jo\u00e3o Manuel Paiva Cardoso Nuno Hon\u00f3rio Rodrigues Flores Corpo Docente Nome Ademar Manuel Teixeira de Aguiar Ana Cristina Ramada Paiva Ant\u00f3nio Miguel Pontes Pimenta Monteiro Carlos Manuel [&hellip;]<\/p>\n","protected":false},"author":7,"featured_media":0,"parent":0,"menu_order":0,"comment_status":"closed","ping_status":"closed","template":"templates\/template-full.php","meta":{"inline_featured_image":false,"footnotes":""},"class_list":["post-92","page","type-page","status-publish","hentry","post"],"_links":{"self":[{"href":"https:\/\/dei.fe.up.pt\/mesw\/wp-json\/wp\/v2\/pages\/92","targetHints":{"allow":["GET"]}}],"collection":[{"href":"https:\/\/dei.fe.up.pt\/mesw\/wp-json\/wp\/v2\/pages"}],"about":[{"href":"https:\/\/dei.fe.up.pt\/mesw\/wp-json\/wp\/v2\/types\/page"}],"author":[{"embeddable":true,"href":"https:\/\/dei.fe.up.pt\/mesw\/wp-json\/wp\/v2\/users\/7"}],"replies":[{"embeddable":true,"href":"https:\/\/dei.fe.up.pt\/mesw\/wp-json\/wp\/v2\/comments?post=92"}],"version-history":[{"count":21,"href":"https:\/\/dei.fe.up.pt\/mesw\/wp-json\/wp\/v2\/pages\/92\/revisions"}],"predecessor-version":[{"id":534,"href":"https:\/\/dei.fe.up.pt\/mesw\/wp-json\/wp\/v2\/pages\/92\/revisions\/534"}],"wp:attachment":[{"href":"https:\/\/dei.fe.up.pt\/mesw\/wp-json\/wp\/v2\/media?parent=92"}],"curies":[{"name":"wp","href":"https:\/\/api.w.org\/{rel}","templated":true}]}}