{"id":286,"date":"2016-06-14T11:28:15","date_gmt":"2016-06-14T11:28:15","guid":{"rendered":"https:\/\/dei.fe.up.pt\/mieic\/?page_id=286"},"modified":"2018-02-27T17:12:37","modified_gmt":"2018-02-27T16:12:37","slug":"home-page","status":"publish","type":"page","link":"https:\/\/dei.fe.up.pt\/mieic\/","title":{"rendered":"In\u00edcio"},"content":{"rendered":"<div id=\"pl-286\"  class=\"panel-layout\" ><div id=\"pg-286-0\"  class=\"panel-grid panel-no-style\" ><div id=\"pgc-286-0-0\"  class=\"panel-grid-cell\" ><div id=\"panel-286-0-0-0\" class=\"so-panel widget widget_text panel-first-child\" data-index=\"0\" >\t\t\t<div class=\"textwidget\"><p>Bem vindo ao site de divulga\u00e7\u00e3o do Mestrado Integrado em Engenharia Inform\u00e1tica e Computa\u00e7\u00e3o (MIEIC) da Faculdade de Engenharia da Universidade do Porto (FEUP)!<\/p>\n<p>A Engenharia Inform\u00e1tica \u00e9 uma \u00e1rea em forte expans\u00e3o, pois a nossa sociedade depende cada vez mais das Tecnologias da Informa\u00e7\u00e3o e Comunica\u00e7\u00e3o (TIC) e dos seus profissionais em todos os setores e esferas de atividade. Assim, abra\u00e7ar uma carreira na \u00e1rea da Engenharia Inform\u00e1tica, ingressando numa escola de engenharia de grande prest\u00edgio internacional como \u00e9 a FEUP, \u00e9 uma das melhores formas de contribuir para o bem estar e progresso da nossa sociedade e de alcan\u00e7ar a realiza\u00e7\u00e3o profissional plena.<\/p>\n<p>Junta-te a n\u00f3s!<\/p>\n<p>&nbsp;<\/p>\n<\/div>\n\t\t<\/div><div id=\"panel-286-0-0-1\" class=\"so-panel widget widget_siteorigin-panels-postloop\" data-index=\"1\" ><h3 class=\"widget-title\"><span class=\"vantage-carousel-title\"><span class=\"vantage-carousel-title-text\"><\/span><a href=\"#\" class=\"next\" title=\"Next\"><span class=\"vantage-icon-arrow-right\"><\/span><\/a><a href=\"#\" class=\"previous\" title=\"Previous\"><span class=\"vantage-icon-arrow-left\"><\/span><\/a><\/span><\/h3><div class=\"vantage-carousel-wrapper\">\n\t\n\t<ul\n\t\tclass=\"vantage-carousel\"\n\t\tdata-query=\"{&quot;post_status&quot;:&quot;publish&quot;,&quot;posts_per_page&quot;:10,&quot;post_type&quot;:[&quot;event&quot;,&quot;post&quot;],&quot;tax_query&quot;:{&quot;relation&quot;:&quot;OR&quot;,&quot;0&quot;:{&quot;taxonomy&quot;:&quot;category&quot;,&quot;field&quot;:&quot;slug&quot;,&quot;terms&quot;:&quot;noticias&quot;},&quot;1&quot;:{&quot;taxonomy&quot;:&quot;category&quot;,&quot;field&quot;:&quot;slug&quot;,&quot;terms&quot;:&quot;eventos&quot;}},&quot;date_type&quot;:&quot;specific&quot;,&quot;date_query&quot;:{&quot;after&quot;:&quot;&quot;,&quot;before&quot;:&quot;&quot;,&quot;inclusive&quot;:true},&quot;date_query_relative&quot;:&quot;{\\&quot;from\\&quot;:{\\&quot;value\\&quot;:0,\\&quot;unit\\&quot;:\\&quot;days\\&quot;},\\&quot;to\\&quot;:{\\&quot;value\\&quot;:0,\\&quot;unit\\&quot;:\\&quot;days\\&quot;}}&quot;,&quot;orderby&quot;:&quot;date&quot;,&quot;order&quot;:&quot;DESC&quot;,&quot;post__not_in&quot;:[286,286],&quot;paged&quot;:1,&quot;category_name&quot;:&quot;noticias&quot;,&quot;cat&quot;:67,&quot;fields&quot;:&quot;all&quot;,&quot;lazy_load_term_meta&quot;:true}\"\n\t\tdata-ajax-url=\"https:\/\/dei.fe.up.pt\/mieic\/wp-admin\/admin-ajax.php?vantage_carousel_nonce=eab2a97ba2\"\n\t>\n\t\t\t\t\t<li class=\"carousel-entry\">\n\t\t\t\t<div class=\"thumbnail\">\n\t\t\t\t\t\t\t\t\t\t\t<a href=\"https:\/\/dei.fe.up.pt\/mieic\/2019\/07\/25\/numero-de-vagas-do-mieic-aumenta-15-em-2019-2020\/\" class=\"default-thumbnail\"><span class=\"vantage-overlay\"><\/span><\/a>\n\t\t\t\t\t\t\t\t\t<\/div>\n\t\t\t\t\t\t\t\t<h3><a href=\"https:\/\/dei.fe.up.pt\/mieic\/2019\/07\/25\/numero-de-vagas-do-mieic-aumenta-15-em-2019-2020\/\">N\u00famero de vagas do MIEIC aumenta 15% em 2019\/2020<\/a><\/h3>\n\t\t\t<\/li>\n\t\t\t\t\t<li class=\"carousel-entry\">\n\t\t\t\t<div class=\"thumbnail\">\n\t\t\t\t\t\t\t\t\t\t\t<a href=\"https:\/\/dei.fe.up.pt\/mieic\/2019\/07\/10\/mieic-feup-calendario-de-provas-de-dissertacao-2018-19-2os\/\" class=\"default-thumbnail\"><span class=\"vantage-overlay\"><\/span><\/a>\n\t\t\t\t\t\t\t\t\t<\/div>\n\t\t\t\t\t\t\t\t<h3><a href=\"https:\/\/dei.fe.up.pt\/mieic\/2019\/07\/10\/mieic-feup-calendario-de-provas-de-dissertacao-2018-19-2os\/\">MIEIC\/FEUP &#8211; Calend\u00e1rio de Provas de Disserta\u00e7\u00e3o \u2013 2018\/19 2\u00baS<\/a><\/h3>\n\t\t\t<\/li>\n\t\t\t\t\t<li class=\"carousel-entry\">\n\t\t\t\t<div class=\"thumbnail\">\n\t\t\t\t\t\t\t\t\t\t\t<a href=\"https:\/\/dei.fe.up.pt\/mieic\/2018\/06\/19\/apresentacao-dos-projetos-da-uc-de-desenvolvimento-de-jogos-de-computador-do-mieic\/\" style=\"background-image: url(https:\/\/dei.fe.up.pt\/mieic\/wp-content\/uploads\/sites\/6\/2018\/06\/image-272x182.png)\">\n\t\t\t\t\t\t<\/a>\n\t\t\t\t\t\t\t\t\t<\/div>\n\t\t\t\t\t\t\t\t<h3><a href=\"https:\/\/dei.fe.up.pt\/mieic\/2018\/06\/19\/apresentacao-dos-projetos-da-uc-de-desenvolvimento-de-jogos-de-computador-do-mieic\/\">Apresenta\u00e7\u00e3o dos Projetos da UC de Desenvolvimento de Jogos de Computador do MIEIC<\/a><\/h3>\n\t\t\t<\/li>\n\t\t\t\t\t<li class=\"carousel-entry\">\n\t\t\t\t<div class=\"thumbnail\">\n\t\t\t\t\t\t\t\t\t\t\t<a href=\"https:\/\/dei.fe.up.pt\/mieic\/2018\/02\/27\/premio-incentivo-2017-distingue-4-estudantes-do-mieic\/\" style=\"background-image: url(https:\/\/dei.fe.up.pt\/mieic\/wp-content\/uploads\/sites\/6\/2018\/02\/banner_premio_incentivo_2017-300x160-272x160.jpg)\">\n\t\t\t\t\t\t<\/a>\n\t\t\t\t\t\t\t\t\t<\/div>\n\t\t\t\t\t\t\t\t<h3><a href=\"https:\/\/dei.fe.up.pt\/mieic\/2018\/02\/27\/premio-incentivo-2017-distingue-4-estudantes-do-mieic\/\">Pr\u00e9mio Incentivo 2017 distingue 4 estudantes do MIEIC<\/a><\/h3>\n\t\t\t<\/li>\n\t\t\t\t\t<li class=\"carousel-entry\">\n\t\t\t\t<div class=\"thumbnail\">\n\t\t\t\t\t\t\t\t\t\t\t<a href=\"https:\/\/dei.fe.up.pt\/mieic\/2018\/02\/27\/mestre-do-mieic-a-conquista-de-marte\/\" style=\"background-image: url(https:\/\/dei.fe.up.pt\/mieic\/wp-content\/uploads\/sites\/6\/2018\/02\/images_cms-image-000013376-272x182.jpg)\">\n\t\t\t\t\t\t<\/a>\n\t\t\t\t\t\t\t\t\t<\/div>\n\t\t\t\t\t\t\t\t<h3><a href=\"https:\/\/dei.fe.up.pt\/mieic\/2018\/02\/27\/mestre-do-mieic-a-conquista-de-marte\/\">Mestre do MIEIC \u00e0 conquista de Marte<\/a><\/h3>\n\t\t\t<\/li>\n\t\t\t\t\t<li class=\"carousel-entry\">\n\t\t\t\t<div class=\"thumbnail\">\n\t\t\t\t\t\t\t\t\t\t\t<a href=\"https:\/\/dei.fe.up.pt\/mieic\/2018\/02\/27\/estudantes-do-mieic-selecionados-na-1a-edicao-do-programa-de-bolsas-gulbenkian-novos-talentos-em-inteligencia-artificial\/\" style=\"background-image: url(https:\/\/dei.fe.up.pt\/mieic\/wp-content\/uploads\/sites\/6\/2018\/02\/Bolsas-Gulbenkian-novos-talentos_ACEGIS-272x182.png)\">\n\t\t\t\t\t\t<\/a>\n\t\t\t\t\t\t\t\t\t<\/div>\n\t\t\t\t\t\t\t\t<h3><a href=\"https:\/\/dei.fe.up.pt\/mieic\/2018\/02\/27\/estudantes-do-mieic-selecionados-na-1a-edicao-do-programa-de-bolsas-gulbenkian-novos-talentos-em-inteligencia-artificial\/\">Estudantes do MIEIC selecionados na 1\u00aa edi\u00e7\u00e3o do Programa de Bolsas Gulbenkian Novos Talentos em Intelig\u00eancia Artificial<\/a><\/h3>\n\t\t\t<\/li>\n\t\t\t\t\t<li class=\"carousel-entry\">\n\t\t\t\t<div class=\"thumbnail\">\n\t\t\t\t\t\t\t\t\t\t\t<a href=\"https:\/\/dei.fe.up.pt\/mieic\/2018\/02\/27\/joao-monteiro-mestre-mieic-ganha-2o-no-fraunhofer-portugal-challenge\/\" style=\"background-image: url(https:\/\/dei.fe.up.pt\/mieic\/wp-content\/uploads\/sites\/6\/2018\/02\/F17DV516-272x182.jpg)\">\n\t\t\t\t\t\t<\/a>\n\t\t\t\t\t\t\t\t\t<\/div>\n\t\t\t\t\t\t\t\t<h3><a href=\"https:\/\/dei.fe.up.pt\/mieic\/2018\/02\/27\/joao-monteiro-mestre-mieic-ganha-2o-no-fraunhofer-portugal-challenge\/\">Jo\u00e3o Monteiro, mestre MIEIC, ganha 2\u00ba lugar no Fraunhofer Portugal Challenge<\/a><\/h3>\n\t\t\t<\/li>\n\t\t\t\t\t<li class=\"carousel-entry\">\n\t\t\t\t<div class=\"thumbnail\">\n\t\t\t\t\t\t\t\t\t\t\t<a href=\"https:\/\/dei.fe.up.pt\/mieic\/2018\/02\/27\/inquerito-a-empregabilidade-da-feup-2016-2017\/\" style=\"background-image: url(https:\/\/dei.fe.up.pt\/mieic\/wp-content\/uploads\/sites\/6\/2018\/02\/inque\u0301rito-a\u0300-empregabilidade_2016_2017-272x80.jpg)\">\n\t\t\t\t\t\t<\/a>\n\t\t\t\t\t\t\t\t\t<\/div>\n\t\t\t\t\t\t\t\t<h3><a href=\"https:\/\/dei.fe.up.pt\/mieic\/2018\/02\/27\/inquerito-a-empregabilidade-da-feup-2016-2017\/\">Inqu\u00e9rito \u00e0 empregabilidade da FEUP 2016\/2017<\/a><\/h3>\n\t\t\t<\/li>\n\t\t\t\t\t<li class=\"carousel-entry\">\n\t\t\t\t<div class=\"thumbnail\">\n\t\t\t\t\t\t\t\t\t\t\t<a href=\"https:\/\/dei.fe.up.pt\/mieic\/2018\/02\/27\/projeto-do-programa-doutoral-em-media-digitais-premiado-no-astellas-oncology-c3-prize\/\" style=\"background-image: url(https:\/\/dei.fe.up.pt\/mieic\/wp-content\/uploads\/sites\/6\/2018\/02\/hope-project-768x506-272x182.png)\">\n\t\t\t\t\t\t<\/a>\n\t\t\t\t\t\t\t\t\t<\/div>\n\t\t\t\t\t\t\t\t<h3><a href=\"https:\/\/dei.fe.up.pt\/mieic\/2018\/02\/27\/projeto-do-programa-doutoral-em-media-digitais-premiado-no-astellas-oncology-c3-prize\/\">Projeto do Programa Doutoral em Media Digitais premiado no Astellas Oncology C3 Prize<\/a><\/h3>\n\t\t\t<\/li>\n\t\t\t\t\t<li class=\"carousel-entry\">\n\t\t\t\t<div class=\"thumbnail\">\n\t\t\t\t\t\t\t\t\t\t\t<a href=\"https:\/\/dei.fe.up.pt\/mieic\/2018\/02\/23\/aluno-do-mieic-distinguido-no-ciberdefesa-nacional-ciber-perseu-2017\/\" style=\"background-image: url(https:\/\/dei.fe.up.pt\/mieic\/wp-content\/uploads\/sites\/6\/2018\/02\/cyberseguranc\u0327a-272x182.jpg)\">\n\t\t\t\t\t\t<\/a>\n\t\t\t\t\t\t\t\t\t<\/div>\n\t\t\t\t\t\t\t\t<h3><a href=\"https:\/\/dei.fe.up.pt\/mieic\/2018\/02\/23\/aluno-do-mieic-distinguido-no-ciberdefesa-nacional-ciber-perseu-2017\/\">Aluno do MIEIC distinguido no Ciberdefesa Nacional Ciber Perseu 2017<\/a><\/h3>\n\t\t\t<\/li>\n\t\t\t<\/ul>\n<\/div>\n<\/div><div id=\"panel-286-0-0-2\" class=\"so-panel widget panel-last-child\" data-index=\"2\" ><\/div><\/div><\/div><\/div>","protected":false},"excerpt":{"rendered":"<p>Bem vindo ao site de divulga\u00e7\u00e3o do Mestrado Integrado em Engenharia Inform\u00e1tica e Computa\u00e7\u00e3o (MIEIC) da Faculdade de Engenharia da Universidade do Porto (FEUP)! A Engenharia Inform\u00e1tica \u00e9 uma \u00e1rea em forte expans\u00e3o, pois a nossa sociedade depende cada vez mais das Tecnologias da Informa\u00e7\u00e3o e Comunica\u00e7\u00e3o (TIC) e dos seus profissionais em todos os [&hellip;]<\/p>\n","protected":false},"author":11,"featured_media":0,"parent":0,"menu_order":0,"comment_status":"closed","ping_status":"closed","template":"home-panels.php","meta":{"inline_featured_image":false,"footnotes":""},"class_list":["post-286","page","type-page","status-publish","hentry","post"],"_links":{"self":[{"href":"https:\/\/dei.fe.up.pt\/mieic\/wp-json\/wp\/v2\/pages\/286","targetHints":{"allow":["GET"]}}],"collection":[{"href":"https:\/\/dei.fe.up.pt\/mieic\/wp-json\/wp\/v2\/pages"}],"about":[{"href":"https:\/\/dei.fe.up.pt\/mieic\/wp-json\/wp\/v2\/types\/page"}],"author":[{"embeddable":true,"href":"https:\/\/dei.fe.up.pt\/mieic\/wp-json\/wp\/v2\/users\/11"}],"replies":[{"embeddable":true,"href":"https:\/\/dei.fe.up.pt\/mieic\/wp-json\/wp\/v2\/comments?post=286"}],"version-history":[{"count":15,"href":"https:\/\/dei.fe.up.pt\/mieic\/wp-json\/wp\/v2\/pages\/286\/revisions"}],"predecessor-version":[{"id":1040,"href":"https:\/\/dei.fe.up.pt\/mieic\/wp-json\/wp\/v2\/pages\/286\/revisions\/1040"}],"wp:attachment":[{"href":"https:\/\/dei.fe.up.pt\/mieic\/wp-json\/wp\/v2\/media?parent=286"}],"curies":[{"name":"wp","href":"https:\/\/api.w.org\/{rel}","templated":true}]}}