{"id":58,"date":"2016-06-08T12:07:57","date_gmt":"2016-06-08T11:07:57","guid":{"rendered":"https:\/\/dei.fe.up.pt\/mieic\/?page_id=58"},"modified":"2016-07-16T14:20:32","modified_gmt":"2016-07-16T13:20:32","slug":"contactos","status":"publish","type":"page","link":"https:\/\/dei.fe.up.pt\/mieic\/contactos\/","title":{"rendered":"Contactos"},"content":{"rendered":"<h3><strong>Dire\u00e7\u00e3o<\/strong><\/h3>\n<ul>\n<li><b>Diretor: <\/b><a href=\"https:\/\/sigarra.up.pt\/feup\/pt\/func_geral.formview?p_codigo=210006\">Jo\u00e3o Pascoal Faria<\/a><\/li>\n<li><b>Diretor Adjunto: <\/b><a title=\"Pagina de Cristina Ribeiro\" href=\"https:\/\/sigarra.up.pt\/feup\/pt\/func_geral.formview?p_codigo=209566\">Cristina Ribeiro<\/a><\/li>\n<\/ul>\n<h3><\/h3>\n<h3><strong>Secretariado<\/strong><\/h3>\n<table>\n<tbody>\n<tr>\n<td class=\"formulario-legendatopo\">Hor\u00e1rio:<\/td>\n<td>9h00 &#8211; 12h30 \/ 14h00 &#8211; 17h30<\/td>\n<\/tr>\n<tr>\n<td class=\"formulario-legendatopo\">Email:<\/td>\n<td><a href=\"mailto:mieic@fe.up.pt\">mieic<img loading=\"lazy\" decoding=\"async\" title=\"\" src=\"https:\/\/sigarra.up.pt\/feup\/pt\/imagens\/Arroba\" alt=\"@\" width=\"13\" height=\"9\" \/>fe.up.pt<\/a><\/td>\n<\/tr>\n<tr>\n<td class=\"formulario-legendatopo\">Telefone:<\/td>\n<td>+351 22 508 2134 \/ Voip: 3900<\/td>\n<\/tr>\n<tr>\n<td class=\"formulario-legendatopo\">Fax:<\/td>\n<td>+351 22 557 4103<\/td>\n<\/tr>\n<tr>\n<td class=\"formulario-legendatopo\">Sala:<\/td>\n<td><a title=\"I012A\" href=\"https:\/\/sigarra.up.pt\/feup\/pt\/instal_geral.espaco_view?pv_id=74561\">I012A<\/a><\/td>\n<\/tr>\n<tr>\n<td class=\"formulario-legendatopo\">Morada:<\/td>\n<td>Rua Dr. Roberto Frias, s\/n<\/td>\n<\/tr>\n<tr>\n<td class=\"formulario-legendatopo\">C\u00f3digo Postal:<\/td>\n<td>4200-465<\/td>\n<\/tr>\n<tr>\n<td class=\"formulario-legendatopo\">Localidade:<\/td>\n<td>PORTO<\/td>\n<\/tr>\n<\/tbody>\n<\/table>\n<h3><strong>Servi\u00e7os Acad\u00e9micos<\/strong><\/h3>\n<table style=\"height: 216px\" width=\"733\">\n<tbody>\n<tr>\n<td class=\"formulario-legendatopo\">Hor\u00e1rio:<\/td>\n<td>09:30-16:00<\/td>\n<\/tr>\n<tr>\n<td class=\"formulario-legendatopo\">Gest\u00e3o de Acesso, Admiss\u00e3o e\u00a0Certifica\u00e7\u00e3o:<\/td>\n<td><a href=\"mailto:acesso.ingresso@fe.up.pt\">acesso.ingresso@fe.up.pt<\/a>;\u00a0<a href=\"mailto:certificacao@fe.up.pt\"><span lang=\"EN-US\">certificacao@fe.up.pt<\/span><\/a><\/td>\n<\/tr>\n<tr>\n<td class=\"formulario-legendatopo\">Gest\u00e3o do Estudante:<\/td>\n<td><a href=\"mailto:percurso.academico@fe.up.pt\">percurso.academico@fe.up.pt<\/a><\/td>\n<\/tr>\n<tr>\n<td class=\"formulario-legendatopo\">Outros Contactos:<\/td>\n<td>Telefone:\u00a0225 081 977\/1405 ( 09:30-12:00 e 14:00-16:00)<\/p>\n<p>Fax:\u00a0225 081\u00a0440<\/td>\n<\/tr>\n<\/tbody>\n<\/table>\n<p>&nbsp;<\/p>\n<h3><strong>Links \u00dateis<\/strong><\/h3>\n<p>&nbsp;<\/p>\n<table style=\"height: 96px\" width=\"509\">\n<tbody>\n<tr>\n<td class=\"formulario-legendatopo\">P\u00e1gina do MIEIC \u00a0no SIFEUP:<\/td>\n<td><a href=\"https:\/\/sigarra.up.pt\/feup\/pt\/cur_geral.cur_view?pv_ano_lectivo=2016&amp;pv_curso_id=742&amp;pv_origem=CUR&amp;pv_tipo_cur_sigla=\">www.fe.up.pt\/mieic<\/a><\/td>\n<\/tr>\n<tr>\n<td class=\"formulario-legendatopo\">Portal do Candidato:<\/td>\n<td><a href=\"http:\/\/www.fe.up.pt\/candidatos\">www.fe.up.pt\/candidatos<\/a><\/td>\n<\/tr>\n<\/tbody>\n<\/table>\n","protected":false},"excerpt":{"rendered":"<p>Dire\u00e7\u00e3o Diretor: Jo\u00e3o Pascoal Faria Diretor Adjunto: Cristina Ribeiro Secretariado Hor\u00e1rio: 9h00 &#8211; 12h30 \/ 14h00 &#8211; 17h30 Email: mieicfe.up.pt Telefone: +351 22 508 2134 \/ Voip: 3900 Fax: +351 22 557 4103 Sala: I012A Morada: Rua Dr. Roberto Frias, s\/n C\u00f3digo Postal: 4200-465 Localidade: PORTO Servi\u00e7os Acad\u00e9micos Hor\u00e1rio: 09:30-16:00 Gest\u00e3o de Acesso, Admiss\u00e3o e\u00a0Certifica\u00e7\u00e3o: [&hellip;]<\/p>\n","protected":false},"author":22,"featured_media":0,"parent":0,"menu_order":0,"comment_status":"closed","ping_status":"closed","template":"","meta":{"inline_featured_image":false,"footnotes":""},"class_list":["post-58","page","type-page","status-publish","hentry","post"],"_links":{"self":[{"href":"https:\/\/dei.fe.up.pt\/mieic\/wp-json\/wp\/v2\/pages\/58","targetHints":{"allow":["GET"]}}],"collection":[{"href":"https:\/\/dei.fe.up.pt\/mieic\/wp-json\/wp\/v2\/pages"}],"about":[{"href":"https:\/\/dei.fe.up.pt\/mieic\/wp-json\/wp\/v2\/types\/page"}],"author":[{"embeddable":true,"href":"https:\/\/dei.fe.up.pt\/mieic\/wp-json\/wp\/v2\/users\/22"}],"replies":[{"embeddable":true,"href":"https:\/\/dei.fe.up.pt\/mieic\/wp-json\/wp\/v2\/comments?post=58"}],"version-history":[{"count":10,"href":"https:\/\/dei.fe.up.pt\/mieic\/wp-json\/wp\/v2\/pages\/58\/revisions"}],"predecessor-version":[{"id":737,"href":"https:\/\/dei.fe.up.pt\/mieic\/wp-json\/wp\/v2\/pages\/58\/revisions\/737"}],"wp:attachment":[{"href":"https:\/\/dei.fe.up.pt\/mieic\/wp-json\/wp\/v2\/media?parent=58"}],"curies":[{"name":"wp","href":"https:\/\/api.w.org\/{rel}","templated":true}]}}