{"id":755,"date":"2016-07-16T14:51:53","date_gmt":"2016-07-16T13:51:53","guid":{"rendered":"https:\/\/dei.fe.up.pt\/mieic\/?page_id=755"},"modified":"2016-07-16T14:58:59","modified_gmt":"2016-07-16T13:58:59","slug":"areas-e-topicos","status":"publish","type":"page","link":"https:\/\/dei.fe.up.pt\/mieic\/areas-e-topicos\/","title":{"rendered":"\u00c1reas de Especializa\u00e7\u00e3o"},"content":{"rendered":"<p><b>Engenharia de Software e <\/b><b>Sistemas <\/b><b>de Informa\u00e7\u00e3o <\/b><b><br \/>\n<\/b>(\u00e1reas cient\u00edficas: Engenharia de Software; Sistemas de Informa\u00e7\u00e3o)<\/p>\n<ul>\n<li>Desenvolvimento de aplica\u00e7\u00f5es web<\/li>\n<li>Desenvolvimento de aplica\u00e7\u00f5es para dispositivos m\u00f3veis<\/li>\n<li>Sistemas de informa\u00e7\u00e3o de gest\u00e3o<\/li>\n<li>Sistemas de apoio \u00e0 decis\u00e3o<\/li>\n<\/ul>\n<p><img loading=\"lazy\" decoding=\"async\" class=\"alignnone wp-image-756\" src=\"https:\/\/dei.fe.up.pt\/mieic\/wp-content\/uploads\/sites\/6\/2016\/07\/Apps.png\" alt=\"Apps\" width=\"175\" height=\"151\" \/><\/p>\n<p><b>Redes <\/b><b>e Tecnologias de Informa\u00e7\u00e3o<\/b><br \/>\n(\u00e1reas cient\u00edficas: Arquitetura de Computadores; Sistemas Operativos e Redes)<\/p>\n<ul>\n<li>Ciber-seguran\u00e7a<\/li>\n<li>Computa\u00e7\u00e3o na nuvem (<i>cloud<\/i> <i>computing<\/i>)<\/li>\n<li>Redes e servidores<\/li>\n<\/ul>\n<p><img loading=\"lazy\" decoding=\"async\" class=\"alignnone wp-image-757\" src=\"https:\/\/dei.fe.up.pt\/mieic\/wp-content\/uploads\/sites\/6\/2016\/07\/CiberSecurity.png\" alt=\"CiberSecurity\" width=\"160\" height=\"116\" \/><\/p>\n<p><b>Sistemas Inteligentes <\/b><b>e Multim\u00e9dia <\/b><b><br \/>\n<\/b>(\u00e1reas cient\u00edficas: Intelig\u00eancia Artificial; Intera\u00e7\u00e3o e Multim\u00e9dia)<\/p>\n<ul>\n<li>Aprendizagem computacional (<i>machine<\/i> <i>learning<\/i>)<\/li>\n<li>Rob\u00f3tica inteligente<\/li>\n<li>Realidade virtual e aumentada<\/li>\n<li>Jogos de computador<\/li>\n<\/ul>\n<p><img loading=\"lazy\" decoding=\"async\" class=\"alignnone wp-image-758\" src=\"https:\/\/dei.fe.up.pt\/mieic\/wp-content\/uploads\/sites\/6\/2016\/07\/MachineLearning-300x169.png\" alt=\"MachineLearning\" width=\"179\" height=\"125\" \/><\/p>\n<p>&nbsp;<\/p>\n<p>Nota: nas unidades curriculares optativas do 4\u00ba e 5\u00ba ano, os estudantes\u00a0podem\u00a0especializar-se numa \u00e1rea ou escolher unidades curriculares de diferentes \u00e1reas.<\/p>\n","protected":false},"excerpt":{"rendered":"<p>Engenharia de Software e Sistemas de Informa\u00e7\u00e3o (\u00e1reas cient\u00edficas: Engenharia de Software; Sistemas de Informa\u00e7\u00e3o) Desenvolvimento de aplica\u00e7\u00f5es web Desenvolvimento de aplica\u00e7\u00f5es para dispositivos m\u00f3veis Sistemas de informa\u00e7\u00e3o de gest\u00e3o Sistemas de apoio \u00e0 decis\u00e3o Redes e Tecnologias de Informa\u00e7\u00e3o (\u00e1reas cient\u00edficas: Arquitetura de Computadores; Sistemas Operativos e Redes) Ciber-seguran\u00e7a Computa\u00e7\u00e3o na nuvem (cloud computing) [&hellip;]<\/p>\n","protected":false},"author":11,"featured_media":0,"parent":0,"menu_order":0,"comment_status":"closed","ping_status":"closed","template":"","meta":{"inline_featured_image":false,"footnotes":""},"class_list":["post-755","page","type-page","status-publish","hentry","post"],"_links":{"self":[{"href":"https:\/\/dei.fe.up.pt\/mieic\/wp-json\/wp\/v2\/pages\/755","targetHints":{"allow":["GET"]}}],"collection":[{"href":"https:\/\/dei.fe.up.pt\/mieic\/wp-json\/wp\/v2\/pages"}],"about":[{"href":"https:\/\/dei.fe.up.pt\/mieic\/wp-json\/wp\/v2\/types\/page"}],"author":[{"embeddable":true,"href":"https:\/\/dei.fe.up.pt\/mieic\/wp-json\/wp\/v2\/users\/11"}],"replies":[{"embeddable":true,"href":"https:\/\/dei.fe.up.pt\/mieic\/wp-json\/wp\/v2\/comments?post=755"}],"version-history":[{"count":4,"href":"https:\/\/dei.fe.up.pt\/mieic\/wp-json\/wp\/v2\/pages\/755\/revisions"}],"predecessor-version":[{"id":765,"href":"https:\/\/dei.fe.up.pt\/mieic\/wp-json\/wp\/v2\/pages\/755\/revisions\/765"}],"wp:attachment":[{"href":"https:\/\/dei.fe.up.pt\/mieic\/wp-json\/wp\/v2\/media?parent=755"}],"curies":[{"name":"wp","href":"https:\/\/api.w.org\/{rel}","templated":true}]}}