{"id":76,"date":"2016-06-08T14:51:29","date_gmt":"2016-06-08T14:51:29","guid":{"rendered":"https:\/\/dei.fe.up.pt\/mieic\/?page_id=76"},"modified":"2016-06-20T17:21:24","modified_gmt":"2016-06-20T17:21:24","slug":"empregadores","status":"publish","type":"page","link":"https:\/\/dei.fe.up.pt\/mieic\/empregadores\/","title":{"rendered":"Empregadores"},"content":{"rendered":"<p><img loading=\"lazy\" decoding=\"async\" src=\"https:\/\/dei.fe.up.pt\/mieic\/wp-content\/uploads\/sites\/6\/2016\/06\/Francisco-Almada-Lobo-Critical-Manufacturing.png\" alt=\"Cipriano\" width=\"225\" height=\"300\" class=\"alignnone size-medium wp-image-100\"> <\/p>\n<p>\n\u201cA Critical Manufacturing compete com alguns dos maiores fornecedores de software de gest\u00e3o da produ\u00e7\u00e3o para f\u00e1bricas de alta tecnologia em todo o mundo. Devido \u00e0 excel\u00eancia da sua forma\u00e7\u00e3o acad\u00e9mica, os graduados do MIEIC comp\u00f5em a maioria do pessoal da empresa, permitindo estar sempre na vanguarda da tecnologia e neg\u00f3cios.\u201d<\/p>\n<p align=\"right\">FRANCISCO ALMADA LOBO &#8211; Critical Manufacturing, CEO<\/p>\n<p><img loading=\"lazy\" decoding=\"async\" src=\"https:\/\/dei.fe.up.pt\/mieic\/wp-content\/uploads\/sites\/6\/2016\/06\/NCordeiro3.jpg\" alt=\"Nuno\" width=\"225\" height=\"300\" class=\"alignnone size-medium wp-image-100\"> <\/p>\n<p>\n\u201cNum futuro que se adivinha cada vez mais tecnol\u00f3gico e disruptivo, \u00e9 fundamental integrar nas nossas equipas profissionais que se encontrem plenamente preparados para lidar com esta realidade.<br \/>\nNo MIEIC encontramos um parceiro de excel\u00eancia que nos assegura as componentes t\u00e9cnicas e humanas necess\u00e1rias para superar com sucesso os desafios associados \u00e0 constante e r\u00e1pida transforma\u00e7\u00e3o do atual contexto nacional e internacional em que nos inserimos.\u201d<\/p>\n<p align=\"right\">NUNO CORDEIRO &#8211; Deloitte, Head of Deloitte Digital<\/p>\n<p><img loading=\"lazy\" decoding=\"async\" src=\"https:\/\/dei.fe.up.pt\/mieic\/wp-content\/uploads\/sites\/6\/2016\/06\/Cipriano-225x300.png\" alt=\"Cipriano\" width=\"225\" height=\"300\" class=\"alignnone size-medium wp-image-100\" srcset=\"https:\/\/dei.fe.up.pt\/mieic\/wp-content\/uploads\/sites\/6\/2016\/06\/Cipriano-225x300.png 225w, https:\/\/dei.fe.up.pt\/mieic\/wp-content\/uploads\/sites\/6\/2016\/06\/Cipriano.png 750w\" sizes=\"auto, (max-width: 225px) 100vw, 225px\" \/> <\/p>\n<p>\n\u201cA Farfetch tem&nbsp;trabalhado em parceria e sinergia com a FEUP nos \u00faltimos anos.&nbsp;<br \/>\nAcreditamos que esta rela\u00e7\u00e3o com uma institui\u00e7\u00e3o que prima pela inova\u00e7\u00e3o, qualidade e&nbsp;diferencia\u00e7\u00e3o de oferta permite-nos contactar com jovens talentos de elevado&nbsp;potencial, mas&nbsp;tamb\u00e9m contribuir para o&nbsp;sucesso da comunidade.&nbsp;<br \/>\nTemos v\u00e1rios colaboradores graduados em MIEIC e que se revelam importantes&nbsp;recursos na nossa empresa, acrescentando valor a todos os os&nbsp;nossos projetos.<br \/>\nEstamos muito empenhados em continuar a abra\u00e7ar projetos com o MIEIC, a FEUP e a Universidade do Porto.\u201d<\/p>\n<p align=\"right\">CIPRIANO SOUSA &#8211; Farfetch, CTO<\/p>\n<p>&nbsp;<\/p>\n","protected":false},"excerpt":{"rendered":"<p>\u201cA Critical Manufacturing compete com alguns dos maiores fornecedores de software de gest\u00e3o da produ\u00e7\u00e3o para f\u00e1bricas de alta tecnologia em todo o mundo. Devido \u00e0 excel\u00eancia da sua forma\u00e7\u00e3o acad\u00e9mica, os graduados do MIEIC comp\u00f5em a maioria do pessoal da empresa, permitindo estar sempre na vanguarda da tecnologia e neg\u00f3cios.\u201d FRANCISCO ALMADA LOBO &#8211; [&hellip;]<\/p>\n","protected":false},"author":22,"featured_media":0,"parent":0,"menu_order":0,"comment_status":"closed","ping_status":"closed","template":"","meta":{"inline_featured_image":false,"footnotes":""},"class_list":["post-76","page","type-page","status-publish","hentry","post"],"_links":{"self":[{"href":"https:\/\/dei.fe.up.pt\/mieic\/wp-json\/wp\/v2\/pages\/76","targetHints":{"allow":["GET"]}}],"collection":[{"href":"https:\/\/dei.fe.up.pt\/mieic\/wp-json\/wp\/v2\/pages"}],"about":[{"href":"https:\/\/dei.fe.up.pt\/mieic\/wp-json\/wp\/v2\/types\/page"}],"author":[{"embeddable":true,"href":"https:\/\/dei.fe.up.pt\/mieic\/wp-json\/wp\/v2\/users\/22"}],"replies":[{"embeddable":true,"href":"https:\/\/dei.fe.up.pt\/mieic\/wp-json\/wp\/v2\/comments?post=76"}],"version-history":[{"count":22,"href":"https:\/\/dei.fe.up.pt\/mieic\/wp-json\/wp\/v2\/pages\/76\/revisions"}],"predecessor-version":[{"id":402,"href":"https:\/\/dei.fe.up.pt\/mieic\/wp-json\/wp\/v2\/pages\/76\/revisions\/402"}],"wp:attachment":[{"href":"https:\/\/dei.fe.up.pt\/mieic\/wp-json\/wp\/v2\/media?parent=76"}],"curies":[{"name":"wp","href":"https:\/\/api.w.org\/{rel}","templated":true}]}}