{"id":935,"date":"2017-03-29T12:21:44","date_gmt":"2017-03-29T11:21:44","guid":{"rendered":"https:\/\/dei.fe.up.pt\/mieic\/?page_id=935"},"modified":"2017-03-29T12:21:44","modified_gmt":"2017-03-29T11:21:44","slug":"premios-e-distincoes","status":"publish","type":"page","link":"https:\/\/dei.fe.up.pt\/mieic\/premios-e-distincoes\/","title":{"rendered":"Pr\u00e9mios e Distin\u00e7\u00f5es"},"content":{"rendered":"<div id=\"pl-935\"  class=\"panel-layout\" ><div id=\"pg-935-0\"  class=\"panel-grid panel-no-style\" ><div id=\"pgc-935-0-0\"  class=\"panel-grid-cell\" ><div id=\"panel-935-0-0-0\" class=\"so-panel widget widget_siteorigin-panels-postloop panel-first-child panel-last-child\" data-index=\"0\" >\n\n\t\t\n\t\t\n<article id=\"post-929\" class=\"post-929 post type-post status-publish format-standard has-post-thumbnail hentry category-premio post-with-thumbnail post-with-thumbnail-large\">\n\n\t\n\t<div class=\"entry-main\">\n\n\t\t\n\t\t<header class=\"entry-header\">\n\t\t\t\t\t\t\t<div class=\"entry-thumbnail\">\n\t\t\t\t\t<a href=\"https:\/\/dei.fe.up.pt\/mieic\/2017\/03\/29\/premio-incentivo-2017\/\"><img loading=\"lazy\" decoding=\"async\" width=\"300\" height=\"200\" src=\"https:\/\/dei.fe.up.pt\/mieic\/wp-content\/uploads\/sites\/6\/2017\/03\/incentivo-300x200.jpg\" class=\"attachment-vantage-thumbnail-no-sidebar size-vantage-thumbnail-no-sidebar wp-post-image\" alt=\"\" srcset=\"https:\/\/dei.fe.up.pt\/mieic\/wp-content\/uploads\/sites\/6\/2017\/03\/incentivo-300x200.jpg 300w, https:\/\/dei.fe.up.pt\/mieic\/wp-content\/uploads\/sites\/6\/2017\/03\/incentivo-300x200-272x182.jpg 272w\" sizes=\"auto, (max-width: 300px) 100vw, 300px\" \/><\/a>\n\t\t\t\t<\/div>\n\t\t\t\n\t\t\t<h1 class=\"entry-title\"><a href=\"https:\/\/dei.fe.up.pt\/mieic\/2017\/03\/29\/premio-incentivo-2017\/\" title=\"Permalink to Pr\u00e9mio Incentivo 2017 distingue 4 estudantes MIEIC\" rel=\"bookmark\">Pr\u00e9mio Incentivo 2017 distingue 4 estudantes MIEIC<\/a><\/h1>\n\n\t\t\t\t\t\t\t<div class=\"entry-meta\">\n\t\t\t\t\tPosted on <a href=\"https:\/\/dei.fe.up.pt\/mieic\/2017\/03\/29\/premio-incentivo-2017\/\" title=\"12:06 pm\" rel=\"bookmark\"><time class=\"entry-date\" datetime=\"2017-03-29T12:06:15+01:00\">Mar\u00e7o 29, 2017<\/time><\/a><time class=\"updated\" datetime=\"2021-05-18T11:59:15+01:00\">Maio 18, 2021<\/time> <span class=\"byline\"> by <span class=\"author vcard\"><a class=\"url fn n\" href=\"https:\/\/dei.fe.up.pt\/mieic\/author\/ci12023fe-up-pt\/\" title=\"View all posts by Henrique Silva\" rel=\"author\">Henrique Silva<\/a><\/span><\/span> \t\t\t\t<\/div><!-- .entry-meta -->\n\t\t\t\n\t\t<\/header><!-- .entry-header -->\n\n\t\t\t\t\t<div class=\"entry-content\">\n\t\t\t\t<p><strong>Francisco Andrade<\/strong>, <strong>Xavier Pontes<\/strong>, <strong>Jo\u00e3o Damas<\/strong> e <strong>Andr\u00e9 Cruz<\/strong> foram no passado dia 22 de Mar\u00e7o (2017) distinguidos com o pr\u00e9mio Incentivo 2017 da U.Porto. <strong>\u00a0<\/strong>Integrando-se\u00a0nas celebra\u00e7\u00f5es do Dia da Universidade, esta iniciativa, pelo seu oitavo ano consecutivo, distingue os melhores estudantes do 1.\u00ba ano de cada faculdade da U.Porto.<\/p>\n<p>Mais informa\u00e7\u00f5es, e uma lista completa dos alunos premiados pode ser consultada na <a href=\"https:\/\/noticias.up.pt\/premio-incentivo-2017-distingue-22-estudantes-da-u-porto\/\">p\u00e1gina de not\u00edcias da U.Porto<\/a>.<\/p>\n\t\t\t\t\t\t\t\t\t\t\t\t\t\t\t<\/div><!-- .entry-content -->\n\t\t\n\t\t\n\t<\/div>\n\n<\/article><!-- #post-929 -->\n\n\t\n\t\n<\/div><\/div><\/div><\/div>","protected":false},"excerpt":{"rendered":"<p>Pr\u00e9mio Incentivo 2017 distingue 4 estudantes MIEIC Posted on Mar\u00e7o 29, 2017Maio 18, 2021 by Henrique Silva Francisco Andrade, Xavier Pontes, Jo\u00e3o Damas e Andr\u00e9 Cruz foram no passado dia 22 de Mar\u00e7o (2017) distinguidos com o pr\u00e9mio Incentivo 2017 da U.Porto. \u00a0Integrando-se\u00a0nas celebra\u00e7\u00f5es do Dia da Universidade, esta iniciativa, pelo seu oitavo ano consecutivo, [&hellip;]<\/p>\n","protected":false},"author":41,"featured_media":0,"parent":0,"menu_order":0,"comment_status":"closed","ping_status":"closed","template":"","meta":{"inline_featured_image":false,"footnotes":""},"class_list":["post-935","page","type-page","status-publish","hentry","post"],"_links":{"self":[{"href":"https:\/\/dei.fe.up.pt\/mieic\/wp-json\/wp\/v2\/pages\/935","targetHints":{"allow":["GET"]}}],"collection":[{"href":"https:\/\/dei.fe.up.pt\/mieic\/wp-json\/wp\/v2\/pages"}],"about":[{"href":"https:\/\/dei.fe.up.pt\/mieic\/wp-json\/wp\/v2\/types\/page"}],"author":[{"embeddable":true,"href":"https:\/\/dei.fe.up.pt\/mieic\/wp-json\/wp\/v2\/users\/41"}],"replies":[{"embeddable":true,"href":"https:\/\/dei.fe.up.pt\/mieic\/wp-json\/wp\/v2\/comments?post=935"}],"version-history":[{"count":1,"href":"https:\/\/dei.fe.up.pt\/mieic\/wp-json\/wp\/v2\/pages\/935\/revisions"}],"predecessor-version":[{"id":936,"href":"https:\/\/dei.fe.up.pt\/mieic\/wp-json\/wp\/v2\/pages\/935\/revisions\/936"}],"wp:attachment":[{"href":"https:\/\/dei.fe.up.pt\/mieic\/wp-json\/wp\/v2\/media?parent=935"}],"curies":[{"name":"wp","href":"https:\/\/api.w.org\/{rel}","templated":true}]}}