{"id":112,"date":"2016-03-10T11:05:23","date_gmt":"2016-03-10T11:05:23","guid":{"rendered":"https:\/\/dei.fe.up.pt\/mm\/?page_id=112"},"modified":"2019-08-05T13:16:54","modified_gmt":"2019-08-05T12:16:54","slug":"contactos","status":"publish","type":"page","link":"https:\/\/dei.fe.up.pt\/mm\/contactos\/","title":{"rendered":"Contactos"},"content":{"rendered":"<div id=\"primary\" class=\"content-area\">\n<div id=\"content\" class=\"site-content\">\n<div class=\"entry-main\">\n<header class=\"entry-header\">\n<h1>Secretariado<\/h1>\n<\/header>\n<article id=\"post-58\" class=\"post-58 page type-page status-publish hentry language-en post\">\n<div class=\"entry-content\">\n<ul>\n<li style=\"text-align: left;\">Marisa Silva<br \/>\nDepartamento de Engenharia Inform\u00e1tica, Sala I 012 (mapa abaixo)<br \/>\nTelefone: 225 082 134<br \/>\nE-mail: mmult@fe.up.pt<\/li>\n<\/ul>\n<h1 style=\"text-align: left;\">Dire\u00e7\u00e3o<\/h1>\n<ul>\n<li><strong>Diretor<\/strong>\n<ul>\n<li>Prof. Jorge Barbosa<br \/>\nE-mail: jbarbosa@fe.up.pt<\/li>\n<\/ul>\n<\/li>\n<li><strong>Diretor Adjunto<\/strong>\n<ul>\n<li>Prof. Teresa Andrade<br \/>\nE-mail: mandrade@fe.up.pt<\/li>\n<\/ul>\n<\/li>\n<\/ul>\n<h1>Coordenadores de Especializa\u00e7\u00e3o<\/h1>\n<ul>\n<li><strong>Cultura e Artes<\/strong>\n<ul>\n<li>Prof. Bruno Giesteira (FBAUP)<br \/>\nE-mail: bgiesteira@fba.up.pt<\/li>\n<\/ul>\n<\/li>\n<li><strong>Educa\u00e7\u00e3o<\/strong>\n<ul>\n<li>Prof. Carla Morais (FCUP)<br \/>\nE-mail: cmorais@fc.up.pt<\/li>\n<\/ul>\n<\/li>\n<li><strong>M\u00fasica Interativa e Design de Som<\/strong>\n<ul>\n<li>Prof. Gilberto Bernardes (FEUP)<br \/>\nE-mail: gba@fe.up.pt<\/li>\n<\/ul>\n<\/li>\n<li><strong>Tecnologias Interativas e Jogos Digitais<br \/>\n<\/strong><\/p>\n<ul>\n<li>Prof. Lu\u00eds Teixeira\u00a0(FEUP)<br \/>\nE-mail: luisft@fe.up.pt<\/li>\n<\/ul>\n<\/li>\n<\/ul>\n<h1>Servi\u00e7os Acad\u00e9micos<\/h1>\n<ul>\n<li><strong>Gest\u00e3o de Acesso, Admiss\u00e3o e\u00a0Certifica\u00e7\u00e3o<\/strong>\n<ul>\n<li>Email:\u00a0<a href=\"mailto:acesso.ingresso@fe.up.pt\">acesso.ingresso@fe.up.pt<\/a>;\u00a0<a href=\"mailto:certificacao@fe.up.pt\"><span lang=\"EN-US\">certificacao@fe.up.pt<\/span><\/a><\/li>\n<\/ul>\n<\/li>\n<li><strong>Gest\u00e3o do Estudante<\/strong>\n<ul>\n<li>Email:\u00a0<a href=\"mailto:percurso.academico@fe.up.pt\">percurso.academico@fe.up.pt<\/a><\/li>\n<\/ul>\n<\/li>\n<li><strong>Hor\u00e1rio de atendimento<\/strong>\n<ul>\n<li>09:30-16:00<\/li>\n<\/ul>\n<\/li>\n<li><strong>Outros contactos:<\/strong>\n<ul>\n<li>Telefone:\u00a0225 081 977\/1405 ( 09:30-12:00 e 14:00-16:00)<\/li>\n<li>Fax:\u00a0225 081\u00a0440<\/li>\n<\/ul>\n<\/li>\n<\/ul>\n<p><img loading=\"lazy\" decoding=\"async\" src=\"https:\/\/sigarra.up.pt\/feup\/pt\/instal_geral2.get_mapa?pv_id=74691\" alt=\"\" width=\"349\" height=\"312\" \/> <img loading=\"lazy\" decoding=\"async\" src=\"https:\/\/sigarra.up.pt\/feup\/pt\/instal_geral2.get_mapa?pv_id=77477\" alt=\"\" width=\"339\" height=\"347\" \/><\/p>\n<\/div>\n<\/article>\n<\/div>\n<\/div>\n<\/div>\n","protected":false},"excerpt":{"rendered":"<p>Secretariado Marisa Silva Departamento de Engenharia Inform\u00e1tica, Sala I 012 (mapa abaixo) Telefone: 225 082 134 E-mail: mmult@fe.up.pt Dire\u00e7\u00e3o Diretor Prof. Jorge Barbosa E-mail: jbarbosa@fe.up.pt Diretor Adjunto Prof. Teresa Andrade E-mail: mandrade@fe.up.pt Coordenadores de Especializa\u00e7\u00e3o Cultura e Artes Prof. Bruno Giesteira (FBAUP) E-mail: bgiesteira@fba.up.pt Educa\u00e7\u00e3o Prof. Carla Morais (FCUP) E-mail: cmorais@fc.up.pt M\u00fasica Interativa e Design [&hellip;]<\/p>\n","protected":false},"author":2,"featured_media":0,"parent":0,"menu_order":9,"comment_status":"closed","ping_status":"closed","template":"","meta":{"inline_featured_image":false,"footnotes":""},"class_list":["post-112","page","type-page","status-publish","hentry","post"],"_links":{"self":[{"href":"https:\/\/dei.fe.up.pt\/mm\/wp-json\/wp\/v2\/pages\/112","targetHints":{"allow":["GET"]}}],"collection":[{"href":"https:\/\/dei.fe.up.pt\/mm\/wp-json\/wp\/v2\/pages"}],"about":[{"href":"https:\/\/dei.fe.up.pt\/mm\/wp-json\/wp\/v2\/types\/page"}],"author":[{"embeddable":true,"href":"https:\/\/dei.fe.up.pt\/mm\/wp-json\/wp\/v2\/users\/2"}],"replies":[{"embeddable":true,"href":"https:\/\/dei.fe.up.pt\/mm\/wp-json\/wp\/v2\/comments?post=112"}],"version-history":[{"count":19,"href":"https:\/\/dei.fe.up.pt\/mm\/wp-json\/wp\/v2\/pages\/112\/revisions"}],"predecessor-version":[{"id":567,"href":"https:\/\/dei.fe.up.pt\/mm\/wp-json\/wp\/v2\/pages\/112\/revisions\/567"}],"wp:attachment":[{"href":"https:\/\/dei.fe.up.pt\/mm\/wp-json\/wp\/v2\/media?parent=112"}],"curies":[{"name":"wp","href":"https:\/\/api.w.org\/{rel}","templated":true}]}}