{"id":301,"date":"2016-04-05T17:30:48","date_gmt":"2016-04-05T17:30:48","guid":{"rendered":"https:\/\/dei.fe.up.pt\/mm\/?page_id=301"},"modified":"2017-02-15T10:04:47","modified_gmt":"2017-02-15T10:04:47","slug":"mm-xx","status":"publish","type":"page","link":"https:\/\/dei.fe.up.pt\/mm\/mm-xx\/","title":{"rendered":"MM-XX"},"content":{"rendered":"<h1>20 anos do ensino de\u00a0Multim\u00e9dia na Universidade do Porto<\/h1>\n<h1>EVENTO MM-XX &#8211; 2-5 Novembro de 2016<\/h1>\n<h2>Visite o <a href=\"http:\/\/fe.up.pt\/mm-xx\">site do evento\u00a0<\/a>\u00a0com todas as informa\u00e7\u00f5es.<\/h2>\n<p>Celebramos no ano de 2016 os 20 anos do ensino de\u00a0Multim\u00e9dia na Universidade do Porto. Para comemorar, a Dire\u00e7\u00e3o do Mestrado em Multim\u00e9dia organiza, ao longo do ano, uma s\u00e9rie de palestras convidadas, workshops e outras atividades nas faculdades envolvidas no MM.<\/p>\n<p>Nesta p\u00e1gina encontrar\u00e3o um breve resumo\u00a0dos ciclos de estudo\u00a0da Universidade do Porto que fazem parte da hist\u00f3ria do Mestrado em Multim\u00e9dia, e as\u00a0principais informa\u00e7\u00f5es e liga\u00e7\u00f5es \u00e0s\u00a0atividades e eventos que ser\u00e3o realizadas.<\/p>\n<p>Desde j\u00e1 convidamos todos os interessados a participar e a divulgar estas atividades.<\/p>\n<h2>Breve historial<\/h2>\n<p><span style=\"font-weight: 400;\">A forma\u00e7\u00e3o em Multim\u00e9dia teve in\u00edcio na Universidade do Porto no ano letivo de 1996\/1997, com a cria\u00e7\u00e3o do Mestrado em Tecnologia Multim\u00e9dia (FEUP), a que se seguiu o Mestrado em Arte Multim\u00e9dia (FBAUP) em 1997\/1998, e o Mestrado em Educa\u00e7\u00e3o Multim\u00e9dia (FCUP), a partir de 2000\/2001. <\/span><\/p>\n<p><span style=\"font-weight: 400;\">Estes tr\u00eas mestrados, conclu\u00eddos por 171 estudantes, foram integrados num \u00fanico Mestrado em Multim\u00e9dia da Universidade do Porto a partir de 2007\/2008, no qual j\u00e1 se formaram outros 187 estudantes at\u00e9 final de 2015, estando atualmente 104 inscritos.\u00a0<\/span><span style=\"font-weight: 400;\">Se juntarmos os\u00a0estudantes que conclu\u00edram o 1\u00ba ano do curso de mestrado, conclu\u00edmos que esta comunidade \u00e9 constitu\u00edda por mais de 500 membros.<\/span><\/p>\n<p><span style=\"font-weight: 400;\">Ao n\u00edvel do 1\u00ba ciclo, a Licenciatura em Jornalismo e Ci\u00eancias da Comunica\u00e7\u00e3o teve in\u00edcio no ano letivo de 2000\/2001, sendo depois substitu\u00edda pela Licenciatura em Ci\u00eancias da Comunica\u00e7\u00e3o em 2007\/2008. Conclu\u00edram estas licenciaturas 940 estudantes, alguns dos quais prosseguiram depois os estudos no Mestrado em Multim\u00e9dia. Em 2008\/2009, foi tamb\u00e9m criado o Mestrado em Ci\u00eancias da Comunica\u00e7\u00e3o, o qual conta at\u00e9 \u00e0 data com cerca de\u00a0150 estudantes que conclu\u00edram esse ciclo.<\/span><\/p>\n<p><span style=\"font-weight: 400;\">Finalmente, foi criado o Programa Doutoral em Media Digitais no ano de 2009\/2010, j\u00e1 com mais de uma dezena de estudantes doutorados e tendo atualmente 45 inscritos e um n\u00famero significativo de estudantes que conclu\u00edram o 1\u00ba ano do curso de doutoramento. Este programa tem sido a continua\u00e7\u00e3o natural para muitos dos estudantes que conclu\u00edram o MM.<\/span><\/p>\n<p>&nbsp;<\/p>\n<h2>Eventos\u00a0realizados<\/h2>\n<ul>\n<li><a href=\"..\/events\/mm-xx-sessao-fcup\/\">2016\/04\/14 &#8211; FCUP &#8211; \u00c0 conversa sobre 20 anos de Multim\u00e9dia na Educa\u00e7\u00e3o em Portugal<\/a><\/li>\n<\/ul>\n<ul>\n<li><a href=\"https:\/\/dei.fe.up.pt\/mm\/events\/mm-xx-fbaup-paul-hertz-from-algorithmic-beauty-to-data-hacking-a-brief-history-of-glitch\/\">2016\/06\/07 &#8211; FBAUP\u00a0&#8211;\u00a0Paul Hertz \u2013 From Algorithmic Beauty to Data Hacking: A brief history of glitch<\/a><\/li>\n<\/ul>\n<p>&nbsp;<\/p>\n<p>&nbsp;<\/p>\n<p>&nbsp;<\/p>\n","protected":false},"excerpt":{"rendered":"<p>20 anos do ensino de\u00a0Multim\u00e9dia na Universidade do Porto EVENTO MM-XX &#8211; 2-5 Novembro de 2016 Visite o site do evento\u00a0\u00a0com todas as informa\u00e7\u00f5es. Celebramos no ano de 2016 os 20 anos do ensino de\u00a0Multim\u00e9dia na Universidade do Porto. Para comemorar, a Dire\u00e7\u00e3o do Mestrado em Multim\u00e9dia organiza, ao longo do ano, uma s\u00e9rie de [&hellip;]<\/p>\n","protected":false},"author":2,"featured_media":0,"parent":0,"menu_order":0,"comment_status":"closed","ping_status":"closed","template":"","meta":{"inline_featured_image":false,"footnotes":""},"class_list":["post-301","page","type-page","status-publish","hentry","post"],"_links":{"self":[{"href":"https:\/\/dei.fe.up.pt\/mm\/wp-json\/wp\/v2\/pages\/301","targetHints":{"allow":["GET"]}}],"collection":[{"href":"https:\/\/dei.fe.up.pt\/mm\/wp-json\/wp\/v2\/pages"}],"about":[{"href":"https:\/\/dei.fe.up.pt\/mm\/wp-json\/wp\/v2\/types\/page"}],"author":[{"embeddable":true,"href":"https:\/\/dei.fe.up.pt\/mm\/wp-json\/wp\/v2\/users\/2"}],"replies":[{"embeddable":true,"href":"https:\/\/dei.fe.up.pt\/mm\/wp-json\/wp\/v2\/comments?post=301"}],"version-history":[{"count":7,"href":"https:\/\/dei.fe.up.pt\/mm\/wp-json\/wp\/v2\/pages\/301\/revisions"}],"predecessor-version":[{"id":394,"href":"https:\/\/dei.fe.up.pt\/mm\/wp-json\/wp\/v2\/pages\/301\/revisions\/394"}],"wp:attachment":[{"href":"https:\/\/dei.fe.up.pt\/mm\/wp-json\/wp\/v2\/media?parent=301"}],"curies":[{"name":"wp","href":"https:\/\/api.w.org\/{rel}","templated":true}]}}